{"id":6787,"date":"2020-04-13T11:29:59","date_gmt":"2020-04-13T11:29:59","guid":{"rendered":"http:\/\/www.johanna-swist.de\/wpjs\/?page_id=6787"},"modified":"2022-06-05T11:23:30","modified_gmt":"2022-06-05T11:23:30","slug":"familienrecht-scheidung-unterhalt-vermoegen-versorgung-kindeswohl","status":"publish","type":"page","link":"https:\/\/www.johanna-swist.de\/wpjs\/de\/familienrecht-scheidung-unterhalt-vermoegen-versorgung-kindeswohl\/","title":{"rendered":"Forderungseinzug: Familienrecht &#8211; Scheidung, Unterhalt, Verm\u00f6gen, Versorgung, Kindeswohl &#8230;."},"content":{"rendered":"<p>&nbsp;<\/p>\n<h1 style=\"text-align: center;\"><span style=\"color: #000000;\">Familienrecht und seine Bedeutung<\/span><\/h1>\n<p style=\"text-align: right;\"><button id=\"bb1\" type=\"button\" value=\"Play\" class=\"responsivevoice-button\" title=\"ResponsiveVoice Tap to Start\/Stop Speech\"><span>&#128266; Text anh\u00f6ren<\/span><\/button>\n        <script>\n            bb1.onclick = function(){\n                if(responsiveVoice.isPlaying()){\n                    responsiveVoice.cancel();\n                }else{\n                    responsiveVoice.speak(\"Wir wissen alle ganz genau, wie wichtig die engsten Beziehungen und an erster Stelle die eheliche Beziehung ist. Dennoch gehen Beziehungen zu Ende: Schwere Fehler, der Vertrauensverlust und manchmal nur das simple Entlieben. Dann kommen die Betroffenen zu dem Ergebnis, dass die Ehe schnellstens beendet werden muss. Was ist sodann zu tun? Die Ehe muss aufgel\u00f6st werden. Sie muss geschieden werden. Der Versorgungsausgleich ist durchzuf\u00fchren. Der Zugewinn ist auszugleichen. In der klassischen Ehe ist ein der Ehepartner in erster Linie mit der Erwerbst\u00e4tigkeit besch\u00e4ftigt. Dieser Ehepartner erzielt einen Verm\u00f6genszuwachs. Der andere Ehepartner ist mit der Erziehung der Kinder und mit der Haushaltsf\u00fchrung betraut. Der Verm\u00f6genszuwachs muss ausgeglichen werden. Der Aufenthalt der gemeinsamen Kinder und das Sorgerecht m\u00fcssen geregelt werden. Eine Regelung, die dem Kindeswohl entspricht, ist zumeist sehr schwer zu erreichen. Der Umgang mit dem Kind muss geregelt werden. Das Ende eine Ehe l\u00e4utet viele Ver\u00e4nderungen ein. Aus anwaltlicher Sicht k\u00f6nnen wir unseren Mandanten nur bei einigen wenigen helfen.\", \"Deutsch Female\");\n                }\n            };\n        <\/script>\n    <\/p>\n<p style=\"text-align: justify;\"><span style=\"color: #000000;\">Wir wissen alle ganz genau, wie wichtig die engsten Beziehungen und an erster Stelle die eheliche Beziehung ist. Dennoch gehen Beziehungen zu Ende: Schwere Fehler, der Vertrauensverlust und manchmal nur das simple Entlieben.<\/span><\/p>\n<p style=\"text-align: justify;\"><span style=\"color: #000000;\">Dann kommen die Betroffenen zu dem Ergebnis, dass die Ehe schnellstens beendet werden muss.<\/span><\/p>\n<p style=\"text-align: justify;\"><span style=\"color: #000000;\">Was ist sodann zu tun?<\/span><\/p>\n<ol style=\"text-align: justify;\">\n<li><span style=\"color: #000000;\">Die Ehe muss aufgel\u00f6st werden. Sie muss geschieden werden. Der Versorgungsausgleich ist durchzuf\u00fchren.<\/span><\/li>\n<li><span style=\"color: #000000;\">Der Zugewinn ist auszugleichen. In der klassischen Ehe ist ein der Ehepartner in erster Linie mit der Erwerbst\u00e4tigkeit besch\u00e4ftigt. Dieser Ehepartner erzielt einen Verm\u00f6genszuwachs. Der andere Ehepartner ist mit der Erziehung der Kinder und mit der Haushaltsf\u00fchrung betraut. Der Verm\u00f6genszuwachs muss ausgeglichen werden.<\/span><\/li>\n<li><span style=\"color: #000000;\">Der Aufenthalt der gemeinsamen Kinder und das Sorgerecht m\u00fcssen geregelt werden. Eine Regelung, die dem Kindeswohl entspricht, ist zumeist sehr schwer zu erreichen.<\/span><\/li>\n<li><span style=\"color: #000000;\">Der Umgang mit dem Kind muss geregelt werden.<\/span><\/li>\n<\/ol>\n<p style=\"text-align: justify;\"><span style=\"color: #000000;\">Das Ende eine Ehe l\u00e4utet viele Ver\u00e4nderungen ein. Aus anwaltlicher Sicht k\u00f6nnen wir unseren Mandanten nur bei einigen wenigen helfen. <\/span><\/p>\n<p>&nbsp;<\/p>\n<p>&nbsp;<\/p>\n<p style=\"text-align: center;\"><span style=\"color: #999999;\">____________________________________________<\/span><\/p>\n<p>&nbsp;<\/p>\n<p>&nbsp;<\/p>\n<h2 style=\"text-align: center;\"><span style=\"color: #000000;\">Familienrecht in der Kanzlei Swist<\/span><\/h2>\n<p style=\"text-align: right;\"><button id=\"bb2\" type=\"button\" value=\"Play\" class=\"responsivevoice-button\" title=\"ResponsiveVoice Tap to Start\/Stop Speech\"><span>&#128266; Text anh\u00f6ren<\/span><\/button>\n        <script>\n            bb2.onclick = function(){\n                if(responsiveVoice.isPlaying()){\n                    responsiveVoice.cancel();\n                }else{\n                    responsiveVoice.speak(\"Eheliche und famili\u00e4re Probleme bed\u00fcrfen eines hohen Grades an Sensibilit\u00e4t. \u00a0Dieses wollten wir unseren Mandanten sichern. Uns ist die schnelle und m\u00f6glichst freundschaftliche Abwicklung der Ehe wichtig. Auch wenn die Beziehung beendet ist, versuchen wir, auf die F\u00e4higkeit zur Kommunikation positiv einzuwirken. Das Wohl der gemeinsamen Kinder sollte nicht unter der Zerstrittenheit der fr\u00fcheren Ehepartner leiden. Sollten Sie gemeinsames Verm\u00f6gen auch nach Beendigung der Ehe behalten wollen, ohne es zu teilen, so ist ein ausgeglichenes freundschaftliches Verh\u00e4ltnis eine unabdingbare Voraussetzung. Haben Sie und ihr bisheriger Ehepartner im Laufe der Ehe beispielsweise einen Betrieb aufgebaut, ein Hotel, ein Restaurant oder jedes andere Unternehmen und wollen es weiterf\u00fchren, dann sollten Sie sich diesen Weg nicht durch unn\u00f6tige Zwistigkeiten verschlie\u00dfen. Das Ende der Ehe sollte der Beginn einer Freundschaft und die einvernehmliche Fortf\u00fchrung bisherigen gemeinsamen Projekte.\", \"Deutsch Female\");\n                }\n            };\n        <\/script>\n    <\/p>\n<p style=\"text-align: justify;\"><span style=\"color: #000000;\">Eheliche und famili\u00e4re Probleme bed\u00fcrfen eines hohen Grades an Sensibilit\u00e4t. \u00a0Dieses wollten wir unseren Mandanten sichern.<\/span><\/p>\n<p style=\"text-align: justify;\"><span style=\"color: #000000;\">Uns ist die schnelle und m\u00f6glichst freundschaftliche Abwicklung der Ehe wichtig. Auch wenn die Beziehung beendet ist, versuchen wir, auf die F\u00e4higkeit zur Kommunikation positiv einzuwirken. Das Wohl der gemeinsamen Kinder sollte nicht unter der Zerstrittenheit der fr\u00fcheren Ehepartner leiden.<\/span><\/p>\n<p style=\"text-align: justify;\"><span style=\"color: #000000;\">Sollten Sie gemeinsames Verm\u00f6gen auch nach Beendigung der Ehe behalten wollen, ohne es zu teilen, so ist ein ausgeglichenes freundschaftliches Verh\u00e4ltnis eine unabdingbare Voraussetzung. Haben Sie und ihr bisheriger Ehepartner im Laufe der Ehe beispielsweise einen Betrieb aufgebaut, ein Hotel, ein Restaurant oder jedes andere Unternehmen und wollen es weiterf\u00fchren, dann sollten Sie sich diesen Weg nicht durch unn\u00f6tige Zwistigkeiten verschlie\u00dfen.<\/span><\/p>\n<p style=\"text-align: justify;\"><span style=\"color: #000000;\">Das Ende der Ehe sollte der Beginn einer Freundschaft und die einvernehmliche Fortf\u00fchrung bisherigen gemeinsamen Projekte. <\/span><\/p>\n<p>&nbsp;<\/p>\n<p>&nbsp;<\/p>\n<p style=\"text-align: center;\"><span style=\"color: #999999;\">____________________________________________<\/span><\/p>\n<p>&nbsp;<\/p>\n<p>&nbsp;<\/p>\n<h2 style=\"text-align: center;\"><span style=\"color: #000000;\">\u00a0<\/span><span style=\"color: #000000;\">Ihr Anliegen im Familienrecht steht an erster Stelle<\/span><\/h2>\n<p style=\"text-align: right;\"><button id=\"bb3\" type=\"button\" value=\"Play\" class=\"responsivevoice-button\" title=\"ResponsiveVoice Tap to Start\/Stop Speech\"><span>&#128266; Text anh\u00f6ren<\/span><\/button>\n        <script>\n            bb3.onclick = function(){\n                if(responsiveVoice.isPlaying()){\n                    responsiveVoice.cancel();\n                }else{\n                    responsiveVoice.speak(\"Im Einzelnen k\u00f6nnen sich Ihre Fragestellungen im Bereich des Familienrechts auf die nachfolgenden Anliegen beziehen: Vor der Eheschlie\u00dfung: Beratung und Regelung der Verm\u00f6gensverh\u00e4ltnisse, W\u00e4hrend der Ehe: Regelung von Verm\u00f6gensverh\u00e4ltnissen, Geltendmachung und Durchsetzung von Unterhaltsanspr\u00fcchen, Bei Beendigung der Ehe: Trennung, Scheidung, Verm\u00f6gensregelung, Zugewinnausgleich, Versorgungsregelung, Kindesaufenthalt, Sorgerecht, Umgangsregelung, Durchsetzung der Anspr\u00fcche anderer Familienmitglieder: Kindesunterhalt, Elternunterhalt\u2026\", \"Deutsch Female\");\n                }\n            };\n        <\/script>\n    <\/p>\n<p style=\"text-align: justify;\"><span style=\"color: #000000;\">Im Einzelnen k\u00f6nnen sich Ihre Fragestellungen im Bereich des Familienrechts auf die nachfolgenden Anliegen beziehen:<\/span><\/p>\n<p style=\"text-align: justify;\"><span style=\"color: #000000;\">Vor der Eheschlie\u00dfung:<\/span><\/p>\n<ul>\n<li style=\"text-align: justify;\"><span style=\"color: #000000;\">Beratung und Regelung der Verm\u00f6gensverh\u00e4ltnisse,<\/span><\/li>\n<\/ul>\n<p style=\"text-align: justify;\"><span style=\"color: #000000;\">W\u00e4hrend der Ehe:<\/span><\/p>\n<ul>\n<li style=\"text-align: justify;\"><span style=\"color: #000000;\">Regelung von Verm\u00f6gensverh\u00e4ltnissen,<\/span><\/li>\n<li style=\"text-align: justify;\"><span style=\"color: #000000;\">Geltendmachung und Durchsetzung von Unterhaltsanspr\u00fcchen,<\/span><\/li>\n<\/ul>\n<p><span style=\"color: #000000;\">Bei Beendigung der Ehe:<\/span><\/p>\n<ul>\n<li style=\"text-align: justify;\"><span style=\"color: #000000;\">Trennung,<\/span><\/li>\n<li style=\"text-align: justify;\"><span style=\"color: #000000;\">Scheidung,<\/span><\/li>\n<li style=\"text-align: justify;\"><span style=\"color: #000000;\">Verm\u00f6gensregelung,<\/span><\/li>\n<li style=\"text-align: justify;\"><span style=\"color: #000000;\">Zugewinnausgleich,<\/span><\/li>\n<li style=\"text-align: justify;\"><span style=\"color: #000000;\">Versorgungsregelung,<\/span><\/li>\n<li style=\"text-align: justify;\"><span style=\"color: #000000;\">Kindesaufenthalt,<\/span><\/li>\n<li style=\"text-align: justify;\"><span style=\"color: #000000;\">Sorgerecht,<\/span><\/li>\n<li style=\"text-align: justify;\"><span style=\"color: #000000;\">Umgangsregelung,<\/span><\/li>\n<\/ul>\n<p style=\"text-align: justify;\"><span style=\"color: #000000;\">Durchsetzung der Anspr\u00fcche anderer Familienmitglieder:<\/span><\/p>\n<ul>\n<li style=\"text-align: justify;\"><span style=\"color: #000000;\">Kindesunterhalt,<\/span><\/li>\n<li style=\"text-align: justify;\"><span style=\"color: #000000;\">Elternunterhalt\u2026 <\/span><\/li>\n<\/ul>\n<p>&nbsp;<\/p>\n<p>&nbsp;<\/p>\n<p style=\"text-align: center;\"><span style=\"color: #999999;\">____________________________________________<\/span><\/p>\n<p>&nbsp;<\/p>\n<p>&nbsp;<\/p>\n<h2 style=\"text-align: center;\"><span style=\"color: #000000;\">Leistungen unser Kanzlei im Bereich Familienrecht<\/span><\/h2>\n<p style=\"text-align: right;\"><button id=\"bb4\" type=\"button\" value=\"Play\" class=\"responsivevoice-button\" title=\"ResponsiveVoice Tap to Start\/Stop Speech\"><span>&#128266; Text anh\u00f6ren<\/span><\/button>\n        <script>\n            bb4.onclick = function(){\n                if(responsiveVoice.isPlaying()){\n                    responsiveVoice.cancel();\n                }else{\n                    responsiveVoice.speak(\"Wir sind f\u00fcr Sie da bei: Vertretung in s\u00e4mtlichen Fragen bei Trennung und Scheidung wie Unterhalt Wohnungsnutzung Umgangsrecht Sorgerecht Gestaltung von Ehevertr\u00e4gen Verm\u00f6gensauseinandersetzung Gewaltschutzverfahren Beratung von gleichgeschlechtlichen Lebenspartnerschaften und nicht-ehelichen Lebensgemeinschaften \u00a0Kanzlei Swist \u2013 Rechtsanwaltskanzlei in D\u00fcsseldorf Ihr Recht in unseren treuen H\u00e4nden\", \"Deutsch Female\");\n                }\n            };\n        <\/script>\n    <\/p>\n<p style=\"text-align: justify;\"><span style=\"color: #000000;\">Wir sind f\u00fcr Sie da bei:<\/span><\/p>\n<ul>\n<li style=\"text-align: justify;\"><span style=\"color: #000000;\">Vertretung in s\u00e4mtlichen Fragen bei Trennung und Scheidung wie<\/span><\/li>\n<li style=\"text-align: justify;\"><span style=\"color: #000000;\">Unterhalt<\/span><\/li>\n<li style=\"text-align: justify;\"><span style=\"color: #000000;\">Wohnungsnutzung<\/span><\/li>\n<li style=\"text-align: justify;\"><span style=\"color: #000000;\">Umgangsrecht<\/span><\/li>\n<li style=\"text-align: justify;\"><span style=\"color: #000000;\">Sorgerecht<\/span><\/li>\n<li style=\"text-align: justify;\"><span style=\"color: #000000;\">Gestaltung von Ehevertr\u00e4gen<\/span><\/li>\n<li style=\"text-align: justify;\"><span style=\"color: #000000;\">Verm\u00f6gensauseinandersetzung<\/span><\/li>\n<li style=\"text-align: justify;\"><span style=\"color: #000000;\">Gewaltschutzverfahren<\/span><\/li>\n<li style=\"text-align: justify;\"><span style=\"color: #000000;\">Beratung von gleichgeschlechtlichen Lebenspartnerschaften und nicht-ehelichen Lebensgemeinschaften<\/span><\/li>\n<\/ul>\n<p>&nbsp;<\/p>\n<p style=\"text-align: right;\"><span style=\"color: #000000;\">\u00a0<em>Kanzlei Swist \u2013 Rechtsanwaltskanzlei in D\u00fcsseldorf<br \/>\nIhr Recht in unseren treuen H\u00e4nden <\/em><\/span><\/p>\n<p style=\"text-align: center;\"><span style=\"color: #999999;\">____________________________________________<\/span><\/p>\n<p>&nbsp;<\/p>\n<p>&nbsp;<\/p>\n<p><a href=\"http:\/\/www.johanna-swist.de\/wpjs\/pl\/kancelaria-2\/\"><img loading=\"lazy\" decoding=\"async\" class=\"Familienrecht aligncenter wp-image-7490\" title=\"Familienrecht\" src=\"http:\/\/www.johanna-swist.de\/wpjs\/wp-content\/uploads\/2022\/04\/Logo-2-1-300x85.jpg\" alt=\"Familienrecht\" width=\"498\" height=\"141\" srcset=\"https:\/\/www.johanna-swist.de\/wpjs\/wp-content\/uploads\/2022\/04\/Logo-2-1-300x85.jpg 300w, https:\/\/www.johanna-swist.de\/wpjs\/wp-content\/uploads\/2022\/04\/Logo-2-1.jpg 337w\" sizes=\"auto, (max-width: 498px) 100vw, 498px\" \/><\/a><\/p>\n<p>&nbsp;<\/p>\n<p>&nbsp;<\/p>\n<p>&nbsp;<\/p>\n<p style=\"text-align: justify;\"><div class=\"specialtext-content-left effect\"><\/p>\n<h3 style=\"text-align: center;\">Rufen Sie uns an! Tel.: <span style=\"color: #1414ff;\">0211 &#8211; 8759 8067<\/span><\/h3>\n<p><\/div><\/p>\n<p>&nbsp;<\/p>\n<p>&nbsp;<\/p>\n","protected":false},"excerpt":{"rendered":"<p>&nbsp; Familienrecht und seine Bedeutung &nbsp; &nbsp; ____________________________________________ &nbsp; &nbsp; Familienrecht in der Kanzlei Swist &nbsp; &nbsp; ____________________________________________ &nbsp; &nbsp; \u00a0Ihr Anliegen im Familienrecht steht an erster Stelle &nbsp; &nbsp; ____________________________________________ &nbsp; &nbsp; Leistungen unser Kanzlei im Bereich Familienrecht ____________________________________________<\/p>\n","protected":false},"author":1,"featured_media":2318,"parent":0,"menu_order":0,"comment_status":"closed","ping_status":"closed","template":"","meta":{"om_disable_all_campaigns":false,"_monsterinsights_skip_tracking":false,"_monsterinsights_sitenote_active":false,"_monsterinsights_sitenote_note":"","_monsterinsights_sitenote_category":0,"_uf_show_specific_survey":0,"_uf_disable_surveys":false,"footnotes":""},"class_list":["post-6787","page","type-page","status-publish","has-post-thumbnail","hentry"],"yoast_head":"<!-- This site is optimized with the Yoast SEO plugin v27.3 - https:\/\/yoast.com\/product\/yoast-seo-wordpress\/ -->\n<title>Rechtsanwalt aus D\u00fcsseldorf | Rechtsanwalt Familienrecht D\u00fcsseldorf<\/title>\n<meta name=\"description\" content=\"Familienrecht - Rechtsanwaltskanzlei in D\u00fcsseldorf - Kanzlei Swist in D\u00fcsseldorf - Kontakt: 0211-8759 8067 sekretariat@johanna-swist.de\" \/>\n<meta name=\"robots\" content=\"index, follow, max-snippet:-1, max-image-preview:large, max-video-preview:-1\" \/>\n<link rel=\"canonical\" href=\"https:\/\/www.johanna-swist.de\/wpjs\/de\/familienrecht-scheidung-unterhalt-vermoegen-versorgung-kindeswohl\/\" \/>\n<meta property=\"og:locale\" content=\"de_DE\" \/>\n<meta property=\"og:type\" content=\"article\" \/>\n<meta property=\"og:title\" content=\"Rechtsanwalt aus D\u00fcsseldorf | Rechtsanwalt Familienrecht D\u00fcsseldorf\" \/>\n<meta property=\"og:description\" content=\"Familienrecht - Rechtsanwaltskanzlei in D\u00fcsseldorf - Kanzlei Swist in D\u00fcsseldorf - Kontakt: 0211-8759 8067 sekretariat@johanna-swist.de\" \/>\n<meta property=\"og:url\" content=\"https:\/\/www.johanna-swist.de\/wpjs\/de\/familienrecht-scheidung-unterhalt-vermoegen-versorgung-kindeswohl\/\" \/>\n<meta property=\"og:site_name\" content=\"swist.legal\" \/>\n<meta property=\"article:modified_time\" content=\"2022-06-05T11:23:30+00:00\" \/>\n<meta property=\"og:image\" content=\"https:\/\/www.johanna-swist.de\/wpjs\/wp-content\/uploads\/2017\/10\/Johanna-xy.jpg\" \/>\n\t<meta property=\"og:image:width\" content=\"626\" \/>\n\t<meta property=\"og:image:height\" content=\"926\" \/>\n\t<meta property=\"og:image:type\" content=\"image\/jpeg\" \/>\n<meta name=\"twitter:card\" content=\"summary_large_image\" \/>\n<meta name=\"twitter:label1\" content=\"Gesch\u00e4tzte Lesezeit\" \/>\n\t<meta name=\"twitter:data1\" content=\"3\u00a0Minuten\" \/>\n<script type=\"application\/ld+json\" class=\"yoast-schema-graph\">{\"@context\":\"https:\\\/\\\/schema.org\",\"@graph\":[{\"@type\":\"WebPage\",\"@id\":\"https:\\\/\\\/www.johanna-swist.de\\\/wpjs\\\/de\\\/familienrecht-scheidung-unterhalt-vermoegen-versorgung-kindeswohl\\\/\",\"url\":\"https:\\\/\\\/www.johanna-swist.de\\\/wpjs\\\/de\\\/familienrecht-scheidung-unterhalt-vermoegen-versorgung-kindeswohl\\\/\",\"name\":\"Rechtsanwalt aus D\u00fcsseldorf | Rechtsanwalt Familienrecht D\u00fcsseldorf\",\"isPartOf\":{\"@id\":\"https:\\\/\\\/www.johanna-swist.de\\\/wpjs\\\/#website\"},\"primaryImageOfPage\":{\"@id\":\"https:\\\/\\\/www.johanna-swist.de\\\/wpjs\\\/de\\\/familienrecht-scheidung-unterhalt-vermoegen-versorgung-kindeswohl\\\/#primaryimage\"},\"image\":{\"@id\":\"https:\\\/\\\/www.johanna-swist.de\\\/wpjs\\\/de\\\/familienrecht-scheidung-unterhalt-vermoegen-versorgung-kindeswohl\\\/#primaryimage\"},\"thumbnailUrl\":\"https:\\\/\\\/www.johanna-swist.de\\\/wpjs\\\/wp-content\\\/uploads\\\/2017\\\/10\\\/Johanna-xy.jpg\",\"datePublished\":\"2020-04-13T11:29:59+00:00\",\"dateModified\":\"2022-06-05T11:23:30+00:00\",\"description\":\"Familienrecht - Rechtsanwaltskanzlei in D\u00fcsseldorf - Kanzlei Swist in D\u00fcsseldorf - Kontakt: 0211-8759 8067 sekretariat@johanna-swist.de\",\"breadcrumb\":{\"@id\":\"https:\\\/\\\/www.johanna-swist.de\\\/wpjs\\\/de\\\/familienrecht-scheidung-unterhalt-vermoegen-versorgung-kindeswohl\\\/#breadcrumb\"},\"inLanguage\":\"de\",\"potentialAction\":[{\"@type\":\"ReadAction\",\"target\":[\"https:\\\/\\\/www.johanna-swist.de\\\/wpjs\\\/de\\\/familienrecht-scheidung-unterhalt-vermoegen-versorgung-kindeswohl\\\/\"]}]},{\"@type\":\"ImageObject\",\"inLanguage\":\"de\",\"@id\":\"https:\\\/\\\/www.johanna-swist.de\\\/wpjs\\\/de\\\/familienrecht-scheidung-unterhalt-vermoegen-versorgung-kindeswohl\\\/#primaryimage\",\"url\":\"https:\\\/\\\/www.johanna-swist.de\\\/wpjs\\\/wp-content\\\/uploads\\\/2017\\\/10\\\/Johanna-xy.jpg\",\"contentUrl\":\"https:\\\/\\\/www.johanna-swist.de\\\/wpjs\\\/wp-content\\\/uploads\\\/2017\\\/10\\\/Johanna-xy.jpg\",\"width\":626,\"height\":926,\"caption\":\"Polskoj\u0119zyczny adwokat w Niemczech\"},{\"@type\":\"BreadcrumbList\",\"@id\":\"https:\\\/\\\/www.johanna-swist.de\\\/wpjs\\\/de\\\/familienrecht-scheidung-unterhalt-vermoegen-versorgung-kindeswohl\\\/#breadcrumb\",\"itemListElement\":[{\"@type\":\"ListItem\",\"position\":1,\"name\":\"Startseite\",\"item\":\"http:\\\/\\\/www.johanna-swist.de\\\/wpjs\\\/pl\\\/kancelaria-2\\\/\"},{\"@type\":\"ListItem\",\"position\":2,\"name\":\"Forderungseinzug: Familienrecht &#8211; Scheidung, Unterhalt, Verm\u00f6gen, Versorgung, Kindeswohl &#8230;.\"}]},{\"@type\":\"WebSite\",\"@id\":\"https:\\\/\\\/www.johanna-swist.de\\\/wpjs\\\/#website\",\"url\":\"https:\\\/\\\/www.johanna-swist.de\\\/wpjs\\\/\",\"name\":\"swist.legal\",\"description\":\"\",\"publisher\":{\"@id\":\"https:\\\/\\\/www.johanna-swist.de\\\/wpjs\\\/#organization\"},\"potentialAction\":[{\"@type\":\"SearchAction\",\"target\":{\"@type\":\"EntryPoint\",\"urlTemplate\":\"https:\\\/\\\/www.johanna-swist.de\\\/wpjs\\\/?s={search_term_string}\"},\"query-input\":{\"@type\":\"PropertyValueSpecification\",\"valueRequired\":true,\"valueName\":\"search_term_string\"}}],\"inLanguage\":\"de\"},{\"@type\":\"Organization\",\"@id\":\"https:\\\/\\\/www.johanna-swist.de\\\/wpjs\\\/#organization\",\"name\":\"swist.legal\",\"url\":\"https:\\\/\\\/www.johanna-swist.de\\\/wpjs\\\/\",\"logo\":{\"@type\":\"ImageObject\",\"inLanguage\":\"de\",\"@id\":\"https:\\\/\\\/www.johanna-swist.de\\\/wpjs\\\/#\\\/schema\\\/logo\\\/image\\\/\",\"url\":\"https:\\\/\\\/www.johanna-swist.de\\\/wpjs\\\/wp-content\\\/uploads\\\/2022\\\/04\\\/cropped-cropped-Logo-1-1.jpg\",\"contentUrl\":\"https:\\\/\\\/www.johanna-swist.de\\\/wpjs\\\/wp-content\\\/uploads\\\/2022\\\/04\\\/cropped-cropped-Logo-1-1.jpg\",\"width\":512,\"height\":512,\"caption\":\"swist.legal\"},\"image\":{\"@id\":\"https:\\\/\\\/www.johanna-swist.de\\\/wpjs\\\/#\\\/schema\\\/logo\\\/image\\\/\"}}]}<\/script>\n<!-- \/ Yoast SEO plugin. -->","yoast_head_json":{"title":"Rechtsanwalt aus D\u00fcsseldorf | Rechtsanwalt Familienrecht D\u00fcsseldorf","description":"Familienrecht - Rechtsanwaltskanzlei in D\u00fcsseldorf - Kanzlei Swist in D\u00fcsseldorf - Kontakt: 0211-8759 8067 sekretariat@johanna-swist.de","robots":{"index":"index","follow":"follow","max-snippet":"max-snippet:-1","max-image-preview":"max-image-preview:large","max-video-preview":"max-video-preview:-1"},"canonical":"https:\/\/www.johanna-swist.de\/wpjs\/de\/familienrecht-scheidung-unterhalt-vermoegen-versorgung-kindeswohl\/","og_locale":"de_DE","og_type":"article","og_title":"Rechtsanwalt aus D\u00fcsseldorf | Rechtsanwalt Familienrecht D\u00fcsseldorf","og_description":"Familienrecht - Rechtsanwaltskanzlei in D\u00fcsseldorf - Kanzlei Swist in D\u00fcsseldorf - Kontakt: 0211-8759 8067 sekretariat@johanna-swist.de","og_url":"https:\/\/www.johanna-swist.de\/wpjs\/de\/familienrecht-scheidung-unterhalt-vermoegen-versorgung-kindeswohl\/","og_site_name":"swist.legal","article_modified_time":"2022-06-05T11:23:30+00:00","og_image":[{"width":626,"height":926,"url":"https:\/\/www.johanna-swist.de\/wpjs\/wp-content\/uploads\/2017\/10\/Johanna-xy.jpg","type":"image\/jpeg"}],"twitter_card":"summary_large_image","twitter_misc":{"Gesch\u00e4tzte Lesezeit":"3\u00a0Minuten"},"schema":{"@context":"https:\/\/schema.org","@graph":[{"@type":"WebPage","@id":"https:\/\/www.johanna-swist.de\/wpjs\/de\/familienrecht-scheidung-unterhalt-vermoegen-versorgung-kindeswohl\/","url":"https:\/\/www.johanna-swist.de\/wpjs\/de\/familienrecht-scheidung-unterhalt-vermoegen-versorgung-kindeswohl\/","name":"Rechtsanwalt aus D\u00fcsseldorf | Rechtsanwalt Familienrecht D\u00fcsseldorf","isPartOf":{"@id":"https:\/\/www.johanna-swist.de\/wpjs\/#website"},"primaryImageOfPage":{"@id":"https:\/\/www.johanna-swist.de\/wpjs\/de\/familienrecht-scheidung-unterhalt-vermoegen-versorgung-kindeswohl\/#primaryimage"},"image":{"@id":"https:\/\/www.johanna-swist.de\/wpjs\/de\/familienrecht-scheidung-unterhalt-vermoegen-versorgung-kindeswohl\/#primaryimage"},"thumbnailUrl":"https:\/\/www.johanna-swist.de\/wpjs\/wp-content\/uploads\/2017\/10\/Johanna-xy.jpg","datePublished":"2020-04-13T11:29:59+00:00","dateModified":"2022-06-05T11:23:30+00:00","description":"Familienrecht - Rechtsanwaltskanzlei in D\u00fcsseldorf - Kanzlei Swist in D\u00fcsseldorf - Kontakt: 0211-8759 8067 sekretariat@johanna-swist.de","breadcrumb":{"@id":"https:\/\/www.johanna-swist.de\/wpjs\/de\/familienrecht-scheidung-unterhalt-vermoegen-versorgung-kindeswohl\/#breadcrumb"},"inLanguage":"de","potentialAction":[{"@type":"ReadAction","target":["https:\/\/www.johanna-swist.de\/wpjs\/de\/familienrecht-scheidung-unterhalt-vermoegen-versorgung-kindeswohl\/"]}]},{"@type":"ImageObject","inLanguage":"de","@id":"https:\/\/www.johanna-swist.de\/wpjs\/de\/familienrecht-scheidung-unterhalt-vermoegen-versorgung-kindeswohl\/#primaryimage","url":"https:\/\/www.johanna-swist.de\/wpjs\/wp-content\/uploads\/2017\/10\/Johanna-xy.jpg","contentUrl":"https:\/\/www.johanna-swist.de\/wpjs\/wp-content\/uploads\/2017\/10\/Johanna-xy.jpg","width":626,"height":926,"caption":"Polskoj\u0119zyczny adwokat w Niemczech"},{"@type":"BreadcrumbList","@id":"https:\/\/www.johanna-swist.de\/wpjs\/de\/familienrecht-scheidung-unterhalt-vermoegen-versorgung-kindeswohl\/#breadcrumb","itemListElement":[{"@type":"ListItem","position":1,"name":"Startseite","item":"http:\/\/www.johanna-swist.de\/wpjs\/pl\/kancelaria-2\/"},{"@type":"ListItem","position":2,"name":"Forderungseinzug: Familienrecht &#8211; Scheidung, Unterhalt, Verm\u00f6gen, Versorgung, Kindeswohl &#8230;."}]},{"@type":"WebSite","@id":"https:\/\/www.johanna-swist.de\/wpjs\/#website","url":"https:\/\/www.johanna-swist.de\/wpjs\/","name":"swist.legal","description":"","publisher":{"@id":"https:\/\/www.johanna-swist.de\/wpjs\/#organization"},"potentialAction":[{"@type":"SearchAction","target":{"@type":"EntryPoint","urlTemplate":"https:\/\/www.johanna-swist.de\/wpjs\/?s={search_term_string}"},"query-input":{"@type":"PropertyValueSpecification","valueRequired":true,"valueName":"search_term_string"}}],"inLanguage":"de"},{"@type":"Organization","@id":"https:\/\/www.johanna-swist.de\/wpjs\/#organization","name":"swist.legal","url":"https:\/\/www.johanna-swist.de\/wpjs\/","logo":{"@type":"ImageObject","inLanguage":"de","@id":"https:\/\/www.johanna-swist.de\/wpjs\/#\/schema\/logo\/image\/","url":"https:\/\/www.johanna-swist.de\/wpjs\/wp-content\/uploads\/2022\/04\/cropped-cropped-Logo-1-1.jpg","contentUrl":"https:\/\/www.johanna-swist.de\/wpjs\/wp-content\/uploads\/2022\/04\/cropped-cropped-Logo-1-1.jpg","width":512,"height":512,"caption":"swist.legal"},"image":{"@id":"https:\/\/www.johanna-swist.de\/wpjs\/#\/schema\/logo\/image\/"}}]}},"_links":{"self":[{"href":"https:\/\/www.johanna-swist.de\/wpjs\/wp-json\/wp\/v2\/pages\/6787","targetHints":{"allow":["GET"]}}],"collection":[{"href":"https:\/\/www.johanna-swist.de\/wpjs\/wp-json\/wp\/v2\/pages"}],"about":[{"href":"https:\/\/www.johanna-swist.de\/wpjs\/wp-json\/wp\/v2\/types\/page"}],"author":[{"embeddable":true,"href":"https:\/\/www.johanna-swist.de\/wpjs\/wp-json\/wp\/v2\/users\/1"}],"replies":[{"embeddable":true,"href":"https:\/\/www.johanna-swist.de\/wpjs\/wp-json\/wp\/v2\/comments?post=6787"}],"version-history":[{"count":11,"href":"https:\/\/www.johanna-swist.de\/wpjs\/wp-json\/wp\/v2\/pages\/6787\/revisions"}],"predecessor-version":[{"id":7558,"href":"https:\/\/www.johanna-swist.de\/wpjs\/wp-json\/wp\/v2\/pages\/6787\/revisions\/7558"}],"wp:featuredmedia":[{"embeddable":true,"href":"https:\/\/www.johanna-swist.de\/wpjs\/wp-json\/wp\/v2\/media\/2318"}],"wp:attachment":[{"href":"https:\/\/www.johanna-swist.de\/wpjs\/wp-json\/wp\/v2\/media?parent=6787"}],"curies":[{"name":"wp","href":"https:\/\/api.w.org\/{rel}","templated":true}]}}