{"id":82,"date":"2020-09-07T15:20:31","date_gmt":"2020-09-07T15:20:31","guid":{"rendered":"http:\/\/johanna-swist.de\/wpjs\/?page_id=82"},"modified":"2025-10-31T14:07:03","modified_gmt":"2025-10-31T14:07:03","slug":"kanzlei","status":"publish","type":"page","link":"http:\/\/www.johanna-swist.de\/wpjs\/de\/kanzlei\/","title":{"rendered":"swist.legal &#8211; Ihre Rechtsanwaltskanzlei"},"content":{"rendered":"<h1 style=\"text-align: center;\">swist.legal &#8211; Ihre Rechtsanwaltskanzlei<\/h1>\n<p>&nbsp;<\/p>\n<p>&nbsp;<\/p>\n<h1 style=\"text-align: center;\"><span style=\"color: #000000;\">Willkommen<br \/>\n<\/span><\/h1>\n<p>&nbsp;<\/p>\n<p><span style=\"color: #000000;\">Wir freuen uns, Sie auf der Kanzleiseite von swist.legal begr\u00fc\u00dfen zu d\u00fcrfen. Hier finden Sie einige allgemeine Informationen zu den Dienstleistungen der Kanzlei swist.legal.\u00a0<\/span><\/p>\n<p>&nbsp;<\/p>\n<p>&nbsp;<\/p>\n<style>.eic-frame-7176 { width: 796px; height:260px; background-color: #ffffff; border: 2px solid #ffffff; }.eic-frame-7176 .eic-image { border: 2px solid #ffffff; }<\/style><div class=\"eic-container\"><div class=\"eic-frame eic-frame-7176 eic-frame-4-col\" data-layout-name=\"4-col\" data-orig-width=\"796\" data-orig-border=\"2\" data-ratio=\"3.05\"><div class=\"eic-cols\"><div class=\"eic-col eic-child-1\" style=\"top: 0; bottom: 0; left: 0; right: 25%; width: 25%;\"><div class=\"eic-image eic-image-0\" data-size-x=\"245\" data-size-y=\"252\" data-pos-x=\"-18\" data-pos-y=\"0\"><img decoding=\"async\" src=\"http:\/\/www.johanna-swist.de\/wpjs\/wp-content\/uploads\/2017\/06\/P1150563-4-291x300.jpg\" style=\"width: 245px !important;height: 252px !important;max-width: none !important;max-height: none !important;position: absolute !important;left: -18px !important;top: 0px !important;padding: 0 !important;margin: 0 !important;border: none !important;\" title=\"P1150563-4\" alt=\"P1150563-4\" \/><\/div><\/div><div class=\"eic-col eic-child-2\" style=\"top: 0; bottom: 0; right: 0; left: 25%; width: 75%;\"><div class=\"eic-cols\"><div class=\"eic-col eic-child-1\" style=\"top: 0; bottom: 0; left: 0; right: 33.333%; width: 33.333%;\"><div class=\"eic-image eic-image-1\" data-size-x=\"194\" data-size-y=\"291\" data-pos-x=\"0\" data-pos-y=\"-43\"><img decoding=\"async\" src=\"http:\/\/www.johanna-swist.de\/wpjs\/wp-content\/uploads\/2017\/10\/Johanna-xy-1.jpg\" style=\"width: 194px !important;height: 291px !important;max-width: none !important;max-height: none !important;position: absolute !important;left: 0px !important;top: -43px !important;padding: 0 !important;margin: 0 !important;border: none !important;\" title=\"Polskoj\u0119zyczny adwokat w Niemczech\" alt=\"adwokat w Niemczech\" \/><\/div><\/div><div class=\"eic-col eic-child-2\" style=\"top: 0; bottom: 0; right: 0; left: 33.333%; width: 66.667%;\"><div class=\"eic-cols\"><div class=\"eic-col eic-child-1\" style=\"top: 0; bottom: 0; left: 0; right: 50%; width: 50%;\"><div class=\"eic-image eic-image-2\" data-size-x=\"347\" data-size-y=\"252\" data-pos-x=\"-52\" data-pos-y=\"0\"><img decoding=\"async\" src=\"http:\/\/www.johanna-swist.de\/wpjs\/wp-content\/uploads\/2017\/06\/DSC04825-2.jpg\" style=\"width: 347px !important;height: 252px !important;max-width: none !important;max-height: none !important;position: absolute !important;left: -52px !important;top: 0px !important;padding: 0 !important;margin: 0 !important;border: none !important;\" title=\"Adwokat D\u00fcsseldorf\" alt=\"Adwokat D\u00fcsseldorf\" \/><\/div><\/div><div class=\"eic-col eic-child-2\" style=\"top: 0; bottom: 0; right: 0; left: 50%; width: 50%;\"><div class=\"eic-image eic-image-3\" data-size-x=\"299\" data-size-y=\"252\" data-pos-x=\"-38\" data-pos-y=\"0\"><img decoding=\"async\" src=\"http:\/\/www.johanna-swist.de\/wpjs\/wp-content\/uploads\/2017\/10\/Frau-Gieroska-2-2.jpg\" style=\"width: 299px !important;height: 252px !important;max-width: none !important;max-height: none !important;position: absolute !important;left: -38px !important;top: 0px !important;padding: 0 !important;margin: 0 !important;border: none !important;\" title=\"Polskoj\u0119zyczny adwokat w Niemczech\" alt=\"Polskoj\u0119zyczny adwokat w Niemczech\" \/><\/div><\/div><\/div><\/div><\/div><\/div><\/div><\/div><\/div>\n<p>&nbsp;<\/p>\n<p>&nbsp;<\/p>\n<p style=\"text-align: justify;\"><div class=\"specialtext-content-right effect\"><\/p>\n<p>&nbsp;<\/p>\n<h3 style=\"text-align: center;\"><span style=\"color: #000000;\">\u00a0 Schreiben Sie uns an:<br \/>\n<\/span><span style=\"color: #487693;\">sekretariat@johanna-swist.de<\/span><\/h3>\n<h5 style=\"text-align: center;\"><span style=\"color: #000000;\">oder\u00a0<\/span><\/h5>\n<h3 style=\"text-align: center;\"><span style=\"color: #000000;\">Rufen Sie uns an:<br \/>\n<\/span><span style=\"color: #2f2f80;\">0211 &#8211; 8759\u00a0 8067.\u00a0\u00a0<\/span><\/h3>\n<p>&nbsp;<\/p>\n<h2 style=\"text-align: center;\"><span style=\"color: #a0843d;\"><span style=\"color: #ffffff;\">&#8211;<\/span>Wir schenken Ihnen unsere ganze Aufmerksamkeit!<span style=\"color: #ffffff;\">&#8211;<\/span><\/span><\/h2>\n<p style=\"text-align: center;\"><span style=\"color: #ffffff;\">&#8212;&#8212;&#8212;&#8212;&#8212;&#8212;&#8212;&#8212;&#8212;&#8212;&#8212;&#8212;&#8212;&#8212;&#8212;&#8212;&#8212;&#8212;&#8212;<\/span><\/p>\n<p><\/div><\/p>\n<p style=\"text-align: center;\"><strong><a class=\"maxbutton-109 maxbutton\" href=\"javascript:void(0);\"><\/a><\/strong><\/p>\n<p>&nbsp;<\/p>\n<h3 style=\"text-align: center;\"><span style=\"color: #080060;\">Montag\u00a0 Dienstag Donnerstag<\/span><\/h3>\n<h3 style=\"text-align: center;\">9:00\u00a0 &#8211; 12:00 Uhr<\/h3>\n<h3 style=\"text-align: center;\">und<\/h3>\n<h3 style=\"text-align: center;\">nach Vereinbarung!<\/h3>\n<p>&nbsp;<\/p>\n<p>&nbsp;<\/p>\n<h3 style=\"text-align: center;\"><span style=\"color: #000000;\">Philosophie unserer Rechtsanwaltskanzlei in D\u00fcsseldorf<\/span><\/h3>\n<p>&nbsp;<\/p>\n<p>&nbsp;<\/p>\n<p style=\"text-align: right;\"><button id=\"bb1\" type=\"button\" value=\"Play\" class=\"responsivevoice-button\" title=\"ResponsiveVoice Tap to Start\/Stop Speech\"><span>&#128266; Text anh\u00f6ren<\/span><\/button>\n        <script>\n            bb1.onclick = function(){\n                if(responsiveVoice.isPlaying()){\n                    responsiveVoice.cancel();\n                }else{\n                    responsiveVoice.speak(\"Die 20-j\u00e4hrige Berufserfahrung der Gr\u00fcnderin verbunden mit zahlreichen Fortbildungen und einem eingearbeiteten Team erlauben es, rechtliche Problemstellungen schnell und sachgerecht zu bearbeiten. Wir\u00a0 zeigen Ihnen die rechtlichen Vorteile und bestehende Risiken auf. Auf dieser Grundlage ist es Ihnen m\u00f6glich, sich ein genaues Bild zu machen und Ihre n\u00e4chsten Rechtsschritte ergebnisorientiert zu w\u00e4hlen. Haben Sie sich f\u00fcr einen bestimmten Weg entschieden, leiten wir f\u00fcr Sie alles Notwendige ein und begleiten Sie juristisch.\u00a0 Die Zufriedenheit unserer Mandanten hat uns immer wieder motiviert und freut uns jedes Mal aufs Neue. Aus dem gewachsenen Vertrauensverh\u00e4ltnis zu Mandanten und Kollegen resultieren zahlreiche Weiterempfehlungen. Wir bedanken uns bei unseren Mandanten und Kollegen f\u00fcr das entgegengebrachte Vertrauen und die zum Teil langj\u00e4hrige gute Zusammenarbeit.\", \"Deutsch Female\");\n                }\n            };\n        <\/script>\n    <\/p>\n<p style=\"text-align: justify;\"><span style=\"color: #000000;\">Die 20-j\u00e4hrige Berufserfahrung der Gr\u00fcnderin verbunden mit zahlreichen Fortbildungen und einem eingearbeiteten Team erlauben es, rechtliche Problemstellungen schnell und sachgerecht zu bearbeiten.<\/span><\/p>\n<p style=\"text-align: justify;\"><span style=\"color: #000000;\">Wir\u00a0 zeigen Ihnen die rechtlichen Vorteile und bestehende Risiken auf. Auf dieser Grundlage ist es Ihnen m\u00f6glich, sich ein genaues Bild zu machen und Ihre n\u00e4chsten Rechtsschritte ergebnisorientiert zu w\u00e4hlen. Haben Sie sich f\u00fcr einen bestimmten Weg entschieden, leiten wir f\u00fcr Sie alles Notwendige ein und begleiten Sie juristisch.\u00a0<\/span><\/p>\n<p style=\"text-align: justify;\"><span style=\"color: #000000;\">Die Zufriedenheit unserer Mandanten hat uns immer wieder motiviert und freut uns jedes Mal aufs Neue.<\/span><\/p>\n<p style=\"text-align: justify;\"><span style=\"color: #000000;\">Aus dem gewachsenen Vertrauensverh\u00e4ltnis zu Mandanten und Kollegen resultieren zahlreiche Weiterempfehlungen. Wir bedanken uns bei unseren <\/span><span style=\"color: #000000;\">Mandanten und Kollegen f\u00fcr das entgegengebrachte Vertrauen und die zum Teil langj\u00e4hrige gute Zusammenarbeit.<\/span><\/p>\n<p><\/p>\n<p>&nbsp;<\/p>\n<h3 style=\"text-align: center;\"><span style=\"color: #000000;\">Unser T\u00e4tigkeitsumfang<\/span><\/h3>\n<p>&nbsp;<\/p>\n<p>&nbsp;<\/p>\n<p style=\"text-align: justify;\"><span style=\"color: #000000;\">Den Schwerpunkt unserer T\u00e4tigkeit bildet der Forderungseinzug, Rechtsfragen aus dem Arbeitsrecht sowie aus dem k\u00fcnstlerischen Bereich. Dabei beraten wir sowohl Privatpersonen wie auch Unternehmer und Gewerbetreibende.\u00a0<\/span><\/p>\n<p style=\"text-align: justify;\"><span style=\"color: #000000;\">\u00a0<\/span><\/p>\n<p style=\"text-align: justify;\"><span style=\"color: #000000;\">\u00a0<\/span><\/p>\n<p style=\"text-align: center;\"><a class=\"maxbutton-7 maxbutton maxbutton-dienstleistungen-fur-privatpersonen\" title=\"Dienstleistungen f\u00fcr Privatpersonen: Ihr Recht in unseren treuen H\u00e4nden!\" href=\"http:\/\/www.johanna-swist.de\/wpjs\/de\/unsere-dienstleistungen-an-privatpersonen\/\"><span class='mb-text'>Dienstleistungen f\u00fcr Privatpersonen<\/span><\/a><\/p>\n<p style=\"text-align: center;\"><a class=\"maxbutton-70 maxbutton maxbutton-dienstleistungen-fur-unternehmer\" title=\"Dienstleistungen f\u00fcr Unternehmer\" href=\"https:\/\/www.johanna-swist.de\/wpjs\/de\/unsere-dienstleistungen-an-unternehmer-und-gewerbetreibende\/\"><span class='mb-text'>Dienstleistungen f\u00fcr Unternehmer<\/span><\/a><\/p>\n<p style=\"text-align: center;\"><a class=\"maxbutton-2 maxbutton maxbutton-forderungsmanagement\" title=\"Forderungseinzug: immer, wenn Schuldner nicht zahlen wollen...\" href=\"http:\/\/www.johanna-swist.de\/wpjs\/de\/forderungseinzug\/\"><span class='mb-text'>Forderungen<\/span><\/a><\/p>\n<p style=\"text-align: center;\"><a class=\"maxbutton-3 maxbutton maxbutton-externes-personalburo\" title=\"Arbeitsrecht\" href=\"http:\/\/www.johanna-swist.de\/wpjs\/de\/arbeitsrecht\/\"><span class='mb-text'>Arbeitsrecht<\/span><\/a><\/p>\n<p style=\"text-align: center;\"><a class=\"maxbutton-1 maxbutton maxbutton-kunstmanagement\" title=\"Erbrecht\" href=\"http:\/\/www.johanna-swist.de\/wpjs\/de\/erbrecht\/\"><span class='mb-text'>Erbrecht<\/span><\/a><\/p>\n<p style=\"text-align: center;\"><a class=\"maxbutton-107 maxbutton\" title=\"Bildrecht\" href=\"https:\/\/www.johanna-swist.de\/wpjs\/de\/bildrecht\/\"><span class='mb-text'>Bildrecht<\/span><\/a><\/p>\n<p>&nbsp;<\/p>\n<p>&nbsp;<\/p>\n<h2 style=\"text-align: center;\"><span style=\"color: #000000;\">Kontakt zur Rechtsanwaltskanzlei in D\u00fcsseldorf<\/span><\/h2>\n<p>&nbsp;<\/p>\n<p><span style=\"color: #000000;\">Sie haben ein juristisches Problem, bei dem Ihnen ein Rechtsanwalt behilflich sein kann, dann schicken Sie uns eine E-Mail mit einer Darstellung Ihres Problems.<\/span><\/p>\n<p>&nbsp;<\/p>\n<p style=\"text-align: justify;\"><div class=\"specialtext-content-left effect\"><\/p>\n<p>&nbsp;<\/p>\n<h3 style=\"text-align: center;\"><span style=\"color: #000000;\">Schreiben Sie uns an:<br \/>\n<\/span><span style=\"color: #487693;\">sekretariat@johanna-swist.de<\/span><\/h3>\n<h5 style=\"text-align: center;\"><span style=\"color: #000000;\">oder\u00a0<\/span><\/h5>\n<h3 style=\"text-align: center;\"><span style=\"color: #000000;\">Rufen Sie uns an:<br \/>\n<\/span><span style=\"color: #2f2f80;\">0211 &#8211; 8759\u00a0 8067.<\/span><\/h3>\n<p>&nbsp;<\/p>\n<h2 style=\"text-align: center;\"><span style=\"color: #a0843d;\"><span style=\"color: #ffffff;\">&#8211;<\/span>Wir schenken Ihnen unsere ganze Aufmerksamkeit!<span style=\"color: #ffffff;\">&#8211;<\/span><\/span><\/h2>\n<p style=\"text-align: center;\"><span style=\"color: #ffffff;\">&#8212;&#8212;&#8212;&#8212;&#8212;&#8212;&#8212;&#8212;&#8212;&#8212;&#8212;&#8212;&#8212;&#8212;&#8212;&#8212;&#8212;&#8212;-<\/span><\/p>\n<p><\/div><\/p>\n<p>&nbsp;<\/p>\n<p style=\"text-align: center;\"><strong><a class=\"maxbutton-109 maxbutton\" href=\"javascript:void(0);\"><\/a><\/strong><\/p>\n<p>&nbsp;<\/p>\n<p><a href=\"http:\/\/www.johanna-swist.de\/wpjs\/de\/kanzlei\/\"><img loading=\"lazy\" decoding=\"async\" class=\"Rechtsanwaltskanzlei in D\u00fcsseldorf aligncenter wp-image-7490\" title=\"Rechtsanwaltskanzlei in D\u00fcsseldorf\" src=\"http:\/\/www.johanna-swist.de\/wpjs\/wp-content\/uploads\/2022\/04\/Logo-2-1-300x85.jpg\" alt=\"Rechtsanwaltskanzlei in D\u00fcsseldorf\" width=\"364\" height=\"103\" srcset=\"http:\/\/www.johanna-swist.de\/wpjs\/wp-content\/uploads\/2022\/04\/Logo-2-1-300x85.jpg 300w, http:\/\/www.johanna-swist.de\/wpjs\/wp-content\/uploads\/2022\/04\/Logo-2-1.jpg 337w\" sizes=\"auto, (max-width: 364px) 100vw, 364px\" \/><\/a><\/p>\n<p>&nbsp;<\/p>\n<p>&nbsp;<\/p>\n<p>&nbsp;<\/p>\n<p>&nbsp;<\/p>\n","protected":false},"excerpt":{"rendered":"<p>Wir sind eine Rechtsanwaltskanzlei in D\u00fcsseldorf. Hier finden Sie unsere Kontaktdaten und unseren T\u00e4tigkeitsbereich. Wir freuen uns, Ihnen in steuerlichen, zivilrechtlichen, arbeitsrechtlichen oder in immaterialg\u00fcterrechtlichen Anliegen helfen zu k\u00f6nnen. <\/p>\n","protected":false},"author":1,"featured_media":2318,"parent":0,"menu_order":0,"comment_status":"closed","ping_status":"closed","template":"","meta":{"om_disable_all_campaigns":false,"_monsterinsights_skip_tracking":false,"_monsterinsights_sitenote_active":false,"_monsterinsights_sitenote_note":"","_monsterinsights_sitenote_category":0,"_uf_show_specific_survey":0,"_uf_disable_surveys":false,"footnotes":""},"class_list":["post-82","page","type-page","status-publish","has-post-thumbnail","hentry"],"yoast_head":"<!-- This site is optimized with the Yoast SEO plugin v27.3 - https:\/\/yoast.com\/product\/yoast-seo-wordpress\/ -->\n<title>Rechtsanwaltskanzlei in D\u00fcsseldorf | Ihr Recht in unseren H\u00e4nden<\/title>\n<meta name=\"description\" content=\"Rechtsanwaltskanzlei in D\u00fcsseldorf - Kanzlei Swist in D\u00fcsseldorf - Rechtsanw\u00e4ltin Swist - Kontakt: 0211-8759 8067 sekretariat@johanna-swist.de\" \/>\n<meta name=\"robots\" content=\"index, follow, max-snippet:-1, max-image-preview:large, max-video-preview:-1\" \/>\n<link rel=\"canonical\" href=\"http:\/\/www.johanna-swist.de\/wpjs\/de\/kanzlei\/\" \/>\n<meta property=\"og:locale\" content=\"de_DE\" \/>\n<meta property=\"og:type\" content=\"article\" \/>\n<meta property=\"og:title\" content=\"Rechtsanwaltskanzlei in D\u00fcsseldorf | Ihr Recht in unseren H\u00e4nden\" \/>\n<meta property=\"og:description\" content=\"Rechtsanwaltskanzlei in D\u00fcsseldorf - Kanzlei Swist in D\u00fcsseldorf - Rechtsanw\u00e4ltin Swist - Kontakt: 0211-8759 8067 sekretariat@johanna-swist.de\" \/>\n<meta property=\"og:url\" content=\"http:\/\/www.johanna-swist.de\/wpjs\/de\/kanzlei\/\" \/>\n<meta property=\"og:site_name\" content=\"swist.legal\" \/>\n<meta property=\"article:modified_time\" content=\"2025-10-31T14:07:03+00:00\" \/>\n<meta property=\"og:image\" content=\"http:\/\/www.johanna-swist.de\/wpjs\/wp-content\/uploads\/2017\/10\/Johanna-xy.jpg\" \/>\n\t<meta property=\"og:image:width\" content=\"626\" \/>\n\t<meta property=\"og:image:height\" content=\"926\" \/>\n\t<meta property=\"og:image:type\" content=\"image\/jpeg\" \/>\n<meta name=\"twitter:card\" content=\"summary_large_image\" \/>\n<meta name=\"twitter:label1\" content=\"Gesch\u00e4tzte Lesezeit\" \/>\n\t<meta name=\"twitter:data1\" content=\"2\u00a0Minuten\" \/>\n<script type=\"application\/ld+json\" class=\"yoast-schema-graph\">{\"@context\":\"https:\\\/\\\/schema.org\",\"@graph\":[{\"@type\":\"WebPage\",\"@id\":\"http:\\\/\\\/www.johanna-swist.de\\\/wpjs\\\/de\\\/kanzlei\\\/\",\"url\":\"http:\\\/\\\/www.johanna-swist.de\\\/wpjs\\\/de\\\/kanzlei\\\/\",\"name\":\"Rechtsanwaltskanzlei in D\u00fcsseldorf | Ihr Recht in unseren H\u00e4nden\",\"isPartOf\":{\"@id\":\"http:\\\/\\\/www.johanna-swist.de\\\/wpjs\\\/#website\"},\"primaryImageOfPage\":{\"@id\":\"http:\\\/\\\/www.johanna-swist.de\\\/wpjs\\\/de\\\/kanzlei\\\/#primaryimage\"},\"image\":{\"@id\":\"http:\\\/\\\/www.johanna-swist.de\\\/wpjs\\\/de\\\/kanzlei\\\/#primaryimage\"},\"thumbnailUrl\":\"http:\\\/\\\/www.johanna-swist.de\\\/wpjs\\\/wp-content\\\/uploads\\\/2017\\\/10\\\/Johanna-xy.jpg\",\"datePublished\":\"2020-09-07T15:20:31+00:00\",\"dateModified\":\"2025-10-31T14:07:03+00:00\",\"description\":\"Rechtsanwaltskanzlei in D\u00fcsseldorf - Kanzlei Swist in D\u00fcsseldorf - Rechtsanw\u00e4ltin Swist - Kontakt: 0211-8759 8067 sekretariat@johanna-swist.de\",\"breadcrumb\":{\"@id\":\"http:\\\/\\\/www.johanna-swist.de\\\/wpjs\\\/de\\\/kanzlei\\\/#breadcrumb\"},\"inLanguage\":\"de\",\"potentialAction\":[{\"@type\":\"ReadAction\",\"target\":[\"http:\\\/\\\/www.johanna-swist.de\\\/wpjs\\\/de\\\/kanzlei\\\/\"]}]},{\"@type\":\"ImageObject\",\"inLanguage\":\"de\",\"@id\":\"http:\\\/\\\/www.johanna-swist.de\\\/wpjs\\\/de\\\/kanzlei\\\/#primaryimage\",\"url\":\"http:\\\/\\\/www.johanna-swist.de\\\/wpjs\\\/wp-content\\\/uploads\\\/2017\\\/10\\\/Johanna-xy.jpg\",\"contentUrl\":\"http:\\\/\\\/www.johanna-swist.de\\\/wpjs\\\/wp-content\\\/uploads\\\/2017\\\/10\\\/Johanna-xy.jpg\",\"width\":626,\"height\":926,\"caption\":\"Polskoj\u0119zyczny adwokat w Niemczech\"},{\"@type\":\"BreadcrumbList\",\"@id\":\"http:\\\/\\\/www.johanna-swist.de\\\/wpjs\\\/de\\\/kanzlei\\\/#breadcrumb\",\"itemListElement\":[{\"@type\":\"ListItem\",\"position\":1,\"name\":\"Startseite\",\"item\":\"http:\\\/\\\/www.johanna-swist.de\\\/wpjs\\\/pl\\\/kancelaria-2\\\/\"},{\"@type\":\"ListItem\",\"position\":2,\"name\":\"swist.legal &#8211; Ihre Rechtsanwaltskanzlei\"}]},{\"@type\":\"WebSite\",\"@id\":\"http:\\\/\\\/www.johanna-swist.de\\\/wpjs\\\/#website\",\"url\":\"http:\\\/\\\/www.johanna-swist.de\\\/wpjs\\\/\",\"name\":\"swist.legal\",\"description\":\"\",\"publisher\":{\"@id\":\"http:\\\/\\\/www.johanna-swist.de\\\/wpjs\\\/#organization\"},\"potentialAction\":[{\"@type\":\"SearchAction\",\"target\":{\"@type\":\"EntryPoint\",\"urlTemplate\":\"http:\\\/\\\/www.johanna-swist.de\\\/wpjs\\\/?s={search_term_string}\"},\"query-input\":{\"@type\":\"PropertyValueSpecification\",\"valueRequired\":true,\"valueName\":\"search_term_string\"}}],\"inLanguage\":\"de\"},{\"@type\":\"Organization\",\"@id\":\"http:\\\/\\\/www.johanna-swist.de\\\/wpjs\\\/#organization\",\"name\":\"swist.legal\",\"url\":\"http:\\\/\\\/www.johanna-swist.de\\\/wpjs\\\/\",\"logo\":{\"@type\":\"ImageObject\",\"inLanguage\":\"de\",\"@id\":\"http:\\\/\\\/www.johanna-swist.de\\\/wpjs\\\/#\\\/schema\\\/logo\\\/image\\\/\",\"url\":\"http:\\\/\\\/www.johanna-swist.de\\\/wpjs\\\/wp-content\\\/uploads\\\/2022\\\/04\\\/cropped-cropped-Logo-1-1.jpg\",\"contentUrl\":\"http:\\\/\\\/www.johanna-swist.de\\\/wpjs\\\/wp-content\\\/uploads\\\/2022\\\/04\\\/cropped-cropped-Logo-1-1.jpg\",\"width\":512,\"height\":512,\"caption\":\"swist.legal\"},\"image\":{\"@id\":\"http:\\\/\\\/www.johanna-swist.de\\\/wpjs\\\/#\\\/schema\\\/logo\\\/image\\\/\"}}]}<\/script>\n<!-- \/ Yoast SEO plugin. -->","yoast_head_json":{"title":"Rechtsanwaltskanzlei in D\u00fcsseldorf | Ihr Recht in unseren H\u00e4nden","description":"Rechtsanwaltskanzlei in D\u00fcsseldorf - Kanzlei Swist in D\u00fcsseldorf - Rechtsanw\u00e4ltin Swist - Kontakt: 0211-8759 8067 sekretariat@johanna-swist.de","robots":{"index":"index","follow":"follow","max-snippet":"max-snippet:-1","max-image-preview":"max-image-preview:large","max-video-preview":"max-video-preview:-1"},"canonical":"http:\/\/www.johanna-swist.de\/wpjs\/de\/kanzlei\/","og_locale":"de_DE","og_type":"article","og_title":"Rechtsanwaltskanzlei in D\u00fcsseldorf | Ihr Recht in unseren H\u00e4nden","og_description":"Rechtsanwaltskanzlei in D\u00fcsseldorf - Kanzlei Swist in D\u00fcsseldorf - Rechtsanw\u00e4ltin Swist - Kontakt: 0211-8759 8067 sekretariat@johanna-swist.de","og_url":"http:\/\/www.johanna-swist.de\/wpjs\/de\/kanzlei\/","og_site_name":"swist.legal","article_modified_time":"2025-10-31T14:07:03+00:00","og_image":[{"width":626,"height":926,"url":"http:\/\/www.johanna-swist.de\/wpjs\/wp-content\/uploads\/2017\/10\/Johanna-xy.jpg","type":"image\/jpeg"}],"twitter_card":"summary_large_image","twitter_misc":{"Gesch\u00e4tzte Lesezeit":"2\u00a0Minuten"},"schema":{"@context":"https:\/\/schema.org","@graph":[{"@type":"WebPage","@id":"http:\/\/www.johanna-swist.de\/wpjs\/de\/kanzlei\/","url":"http:\/\/www.johanna-swist.de\/wpjs\/de\/kanzlei\/","name":"Rechtsanwaltskanzlei in D\u00fcsseldorf | Ihr Recht in unseren H\u00e4nden","isPartOf":{"@id":"http:\/\/www.johanna-swist.de\/wpjs\/#website"},"primaryImageOfPage":{"@id":"http:\/\/www.johanna-swist.de\/wpjs\/de\/kanzlei\/#primaryimage"},"image":{"@id":"http:\/\/www.johanna-swist.de\/wpjs\/de\/kanzlei\/#primaryimage"},"thumbnailUrl":"http:\/\/www.johanna-swist.de\/wpjs\/wp-content\/uploads\/2017\/10\/Johanna-xy.jpg","datePublished":"2020-09-07T15:20:31+00:00","dateModified":"2025-10-31T14:07:03+00:00","description":"Rechtsanwaltskanzlei in D\u00fcsseldorf - Kanzlei Swist in D\u00fcsseldorf - Rechtsanw\u00e4ltin Swist - Kontakt: 0211-8759 8067 sekretariat@johanna-swist.de","breadcrumb":{"@id":"http:\/\/www.johanna-swist.de\/wpjs\/de\/kanzlei\/#breadcrumb"},"inLanguage":"de","potentialAction":[{"@type":"ReadAction","target":["http:\/\/www.johanna-swist.de\/wpjs\/de\/kanzlei\/"]}]},{"@type":"ImageObject","inLanguage":"de","@id":"http:\/\/www.johanna-swist.de\/wpjs\/de\/kanzlei\/#primaryimage","url":"http:\/\/www.johanna-swist.de\/wpjs\/wp-content\/uploads\/2017\/10\/Johanna-xy.jpg","contentUrl":"http:\/\/www.johanna-swist.de\/wpjs\/wp-content\/uploads\/2017\/10\/Johanna-xy.jpg","width":626,"height":926,"caption":"Polskoj\u0119zyczny adwokat w Niemczech"},{"@type":"BreadcrumbList","@id":"http:\/\/www.johanna-swist.de\/wpjs\/de\/kanzlei\/#breadcrumb","itemListElement":[{"@type":"ListItem","position":1,"name":"Startseite","item":"http:\/\/www.johanna-swist.de\/wpjs\/pl\/kancelaria-2\/"},{"@type":"ListItem","position":2,"name":"swist.legal &#8211; Ihre Rechtsanwaltskanzlei"}]},{"@type":"WebSite","@id":"http:\/\/www.johanna-swist.de\/wpjs\/#website","url":"http:\/\/www.johanna-swist.de\/wpjs\/","name":"swist.legal","description":"","publisher":{"@id":"http:\/\/www.johanna-swist.de\/wpjs\/#organization"},"potentialAction":[{"@type":"SearchAction","target":{"@type":"EntryPoint","urlTemplate":"http:\/\/www.johanna-swist.de\/wpjs\/?s={search_term_string}"},"query-input":{"@type":"PropertyValueSpecification","valueRequired":true,"valueName":"search_term_string"}}],"inLanguage":"de"},{"@type":"Organization","@id":"http:\/\/www.johanna-swist.de\/wpjs\/#organization","name":"swist.legal","url":"http:\/\/www.johanna-swist.de\/wpjs\/","logo":{"@type":"ImageObject","inLanguage":"de","@id":"http:\/\/www.johanna-swist.de\/wpjs\/#\/schema\/logo\/image\/","url":"http:\/\/www.johanna-swist.de\/wpjs\/wp-content\/uploads\/2022\/04\/cropped-cropped-Logo-1-1.jpg","contentUrl":"http:\/\/www.johanna-swist.de\/wpjs\/wp-content\/uploads\/2022\/04\/cropped-cropped-Logo-1-1.jpg","width":512,"height":512,"caption":"swist.legal"},"image":{"@id":"http:\/\/www.johanna-swist.de\/wpjs\/#\/schema\/logo\/image\/"}}]}},"_links":{"self":[{"href":"http:\/\/www.johanna-swist.de\/wpjs\/wp-json\/wp\/v2\/pages\/82","targetHints":{"allow":["GET"]}}],"collection":[{"href":"http:\/\/www.johanna-swist.de\/wpjs\/wp-json\/wp\/v2\/pages"}],"about":[{"href":"http:\/\/www.johanna-swist.de\/wpjs\/wp-json\/wp\/v2\/types\/page"}],"author":[{"embeddable":true,"href":"http:\/\/www.johanna-swist.de\/wpjs\/wp-json\/wp\/v2\/users\/1"}],"replies":[{"embeddable":true,"href":"http:\/\/www.johanna-swist.de\/wpjs\/wp-json\/wp\/v2\/comments?post=82"}],"version-history":[{"count":99,"href":"http:\/\/www.johanna-swist.de\/wpjs\/wp-json\/wp\/v2\/pages\/82\/revisions"}],"predecessor-version":[{"id":8235,"href":"http:\/\/www.johanna-swist.de\/wpjs\/wp-json\/wp\/v2\/pages\/82\/revisions\/8235"}],"wp:featuredmedia":[{"embeddable":true,"href":"http:\/\/www.johanna-swist.de\/wpjs\/wp-json\/wp\/v2\/media\/2318"}],"wp:attachment":[{"href":"http:\/\/www.johanna-swist.de\/wpjs\/wp-json\/wp\/v2\/media?parent=82"}],"curies":[{"name":"wp","href":"https:\/\/api.w.org\/{rel}","templated":true}]}}