{"id":545,"date":"2016-03-11T14:27:13","date_gmt":"2016-03-11T14:27:13","guid":{"rendered":"http:\/\/www.johanna-swist.de\/wpjs\/?page_id=545"},"modified":"2022-06-12T12:32:48","modified_gmt":"2022-06-12T12:32:48","slug":"prawo-zakupu-pojazdu","status":"publish","type":"page","link":"http:\/\/www.johanna-swist.de\/wpjs\/pl\/prawo-zakupu-pojazdu\/","title":{"rendered":"Windykacja roszcze\u0144 w Niemczech &#8211; Prawo zakupu pojazdu"},"content":{"rendered":"<p>&nbsp;<\/p>\n<h1 style=\"text-align: center;\"><span style=\"color: #000000;\">Zakres naszych us\u0142ug w prawie zakupu pojazdu<\/span><\/h1>\n<p>&nbsp;<\/p>\n<p style=\"text-align: justify;\"><span style=\"color: #000000;\">Wsprawach zwi\u0105zanych z zakupem samochodu reprezantujemy naszych klient\u00f3w przeds\u0105dowo jak i r\u00f3wnie\u017c s\u0105dowo.<\/span><\/p>\n<p style=\"text-align: justify;\"><span style=\"color: #000000;\">W sprawach dotycz\u0105cych kupna samochodu zajmujemy si\u0119 nast\u0119puj\u0105cymi kwestiami:<\/span><\/p>\n<ul style=\"text-align: justify;\">\n<li><span style=\"color: #000000;\">wycofania si\u0119 z zakupu nowego lub u\u017cywanego samochodu;<\/span><\/li>\n<li><span style=\"color: #000000;\">obni\u017cenie ceny przy zakupie samochodu;<\/span><\/li>\n<li><span style=\"color: #000000;\">odst\u0105pienia od zakupu samochodu lub anulowania umowy;<\/span><\/li>\n<li><span style=\"color: #000000;\">p\u00f3\u017aniejsz\u0105 lub zast\u0119pcz\u0105 dostawe pojazdu bez wad;<\/span><\/li>\n<li><span style=\"color: #000000;\">oszustwo przy zakupieniu pojazdu;<\/span><\/li>\n<li><span style=\"color: #000000;\">skuteczno\u015b\u0107 wykluczenia prawa r\u0119kojmii z powodu wad.<\/span><\/li>\n<\/ul>\n<p style=\"text-align: justify;\"><span style=\"color: #000000;\">Doradzamy naszym klientom w poni\u017cej przedstawionych sprawach:<\/span><\/p>\n<ul style=\"text-align: justify;\">\n<li><span style=\"color: #000000;\">wymogi umowy zakupu pojazdu i og\u00f3lne warunki handlowe (kar umownych, op\u00f3\u017anienie dostawy, problemy z dostaw\u0105, op\u00f3\u017anienia w p\u0142atno\u015bciach, kwestie w\u0142asno\u015bciowe, odst\u0105pienia od umowy, odpowiedzialno\u015bci za szkody);<\/span><\/li>\n<li><span style=\"color: #000000;\">ulgi dowodowe, regres handlarza wobec dostawcy;<\/span><\/li>\n<li><span style=\"color: #000000;\">odpowiedzialno\u015b\u0107 producenta, dostawcy, importera i dystrybutora;<\/span><\/li>\n<li><span style=\"color: #000000;\">sporz\u0105dzenie warunk\u00f3w umownych naprawy pojazdu, zabezpieczenie wynagrodze\u0144 warsztat\u00f3w, roszczenia gwarancyjne klienta przy naprawie samochodu.<\/span><\/li>\n<\/ul>\n<p style=\"text-align: justify;\"><span style=\"color: #000000;\">Do naszych klient\u00f3w zaliczaj\u0105 si\u0119:<\/span><\/p>\n<ul>\n<li style=\"text-align: justify;\"><span style=\"color: #000000;\">kupcy pojazd\u00f3w;<\/span><\/li>\n<li style=\"text-align: justify;\"><span style=\"color: #000000;\">sprzedawcy pojazd\u00f3w;<\/span><\/li>\n<li style=\"text-align: justify;\"><span style=\"color: #000000;\">handlarze u\u017cywanych samochod\u00f3w;<\/span><\/li>\n<li style=\"text-align: justify;\"><span style=\"color: #000000;\">handlarze nowych samochod\u00f3w;<\/span><\/li>\n<li style=\"text-align: justify;\"><span style=\"color: #000000;\">warsztaty samochodowe;<\/span><\/li>\n<li style=\"text-align: justify;\"><span style=\"color: #000000;\">importerzy i exporterzy pojazd\u00f3w mechanicznych.<\/span><\/li>\n<\/ul>\n<h5 style=\"text-align: center;\"><span style=\"color: #000000;\">\u00a0<\/span><\/h5>\n<p>&nbsp;<\/p>\n<p style=\"text-align: center;\"><span style=\"color: #999999;\">____________________________________________<\/span><\/p>\n<p>&nbsp;<\/p>\n<p>&nbsp;<\/p>\n<p><a href=\"http:\/\/www.johanna-swist.de\/wpjs\/pl\/kancelaria-2\/\"><img loading=\"lazy\" decoding=\"async\" class=\"adwokat kupno samochodu aligncenter wp-image-7490\" title=\"adwokat kupno samochodu\" src=\"http:\/\/www.johanna-swist.de\/wpjs\/wp-content\/uploads\/2022\/04\/Logo-2-1-300x85.jpg\" alt=\"adwokat kupno samochodu\" width=\"498\" height=\"141\" srcset=\"http:\/\/www.johanna-swist.de\/wpjs\/wp-content\/uploads\/2022\/04\/Logo-2-1-300x85.jpg 300w, http:\/\/www.johanna-swist.de\/wpjs\/wp-content\/uploads\/2022\/04\/Logo-2-1.jpg 337w\" sizes=\"auto, (max-width: 498px) 100vw, 498px\" \/><\/a><\/p>\n<p>&nbsp;<\/p>\n<p>&nbsp;<\/p>\n<p>&nbsp;<\/p>\n<p style=\"text-align: justify;\"><div class=\"specialtext-content-left effect\"><\/p>\n<h3 style=\"text-align: center;\">Prosimy o kontakt!Tel.: <span style=\"color: #1414ff;\">+49 (0) 211 &#8211; 8759\u00a0 8066<\/span><\/h3>\n<p><\/div><\/p>\n<p>&nbsp;<\/p>\n","protected":false},"excerpt":{"rendered":"<p>&nbsp; Zakres naszych us\u0142ug w prawie zakupu pojazdu &nbsp; Wsprawach zwi\u0105zanych z zakupem samochodu reprezantujemy naszych klient\u00f3w przeds\u0105dowo jak i r\u00f3wnie\u017c s\u0105dowo. W sprawach dotycz\u0105cych kupna samochodu zajmujemy si\u0119 nast\u0119puj\u0105cymi kwestiami: wycofania si\u0119 z zakupu nowego lub u\u017cywanego samochodu; obni\u017cenie<\/p>\n","protected":false},"author":1,"featured_media":0,"parent":0,"menu_order":0,"comment_status":"closed","ping_status":"closed","template":"","meta":{"om_disable_all_campaigns":false,"_monsterinsights_skip_tracking":false,"_monsterinsights_sitenote_active":false,"_monsterinsights_sitenote_note":"","_monsterinsights_sitenote_category":0,"_uf_show_specific_survey":0,"_uf_disable_surveys":false,"footnotes":""},"class_list":["post-545","page","type-page","status-publish","hentry"],"yoast_head":"<!-- This site is optimized with the Yoast SEO plugin v27.3 - https:\/\/yoast.com\/product\/yoast-seo-wordpress\/ -->\n<title>Windykacja roszcze\u0144 w Niemczech - Prawo zakupu pojazdu - swist.legal<\/title>\n<meta name=\"robots\" content=\"index, follow, max-snippet:-1, max-image-preview:large, max-video-preview:-1\" \/>\n<link rel=\"canonical\" href=\"http:\/\/www.johanna-swist.de\/wpjs\/pl\/prawo-zakupu-pojazdu\/\" \/>\n<meta property=\"og:locale\" content=\"de_DE\" \/>\n<meta property=\"og:type\" content=\"article\" \/>\n<meta property=\"og:title\" content=\"Windykacja roszcze\u0144 w Niemczech - Prawo zakupu pojazdu - swist.legal\" \/>\n<meta property=\"og:description\" content=\"&nbsp; Zakres naszych us\u0142ug w prawie zakupu pojazdu &nbsp; Wsprawach zwi\u0105zanych z zakupem samochodu reprezantujemy naszych klient\u00f3w przeds\u0105dowo jak i r\u00f3wnie\u017c s\u0105dowo. W sprawach dotycz\u0105cych kupna samochodu zajmujemy si\u0119 nast\u0119puj\u0105cymi kwestiami: wycofania si\u0119 z zakupu nowego lub u\u017cywanego samochodu; obni\u017cenie\" \/>\n<meta property=\"og:url\" content=\"http:\/\/www.johanna-swist.de\/wpjs\/pl\/prawo-zakupu-pojazdu\/\" \/>\n<meta property=\"og:site_name\" content=\"swist.legal\" \/>\n<meta property=\"article:modified_time\" content=\"2022-06-12T12:32:48+00:00\" \/>\n<meta property=\"og:image\" content=\"http:\/\/www.johanna-swist.de\/wpjs\/wp-content\/uploads\/2022\/04\/Logo-2-1-300x85.jpg\" \/>\n<meta name=\"twitter:card\" content=\"summary_large_image\" \/>\n<meta name=\"twitter:label1\" content=\"Gesch\u00e4tzte Lesezeit\" \/>\n\t<meta name=\"twitter:data1\" content=\"2\u00a0Minuten\" \/>\n<script type=\"application\/ld+json\" class=\"yoast-schema-graph\">{\"@context\":\"https:\\\/\\\/schema.org\",\"@graph\":[{\"@type\":\"WebPage\",\"@id\":\"http:\\\/\\\/www.johanna-swist.de\\\/wpjs\\\/pl\\\/prawo-zakupu-pojazdu\\\/\",\"url\":\"http:\\\/\\\/www.johanna-swist.de\\\/wpjs\\\/pl\\\/prawo-zakupu-pojazdu\\\/\",\"name\":\"Windykacja roszcze\u0144 w Niemczech - Prawo zakupu pojazdu - swist.legal\",\"isPartOf\":{\"@id\":\"http:\\\/\\\/www.johanna-swist.de\\\/wpjs\\\/#website\"},\"primaryImageOfPage\":{\"@id\":\"http:\\\/\\\/www.johanna-swist.de\\\/wpjs\\\/pl\\\/prawo-zakupu-pojazdu\\\/#primaryimage\"},\"image\":{\"@id\":\"http:\\\/\\\/www.johanna-swist.de\\\/wpjs\\\/pl\\\/prawo-zakupu-pojazdu\\\/#primaryimage\"},\"thumbnailUrl\":\"http:\\\/\\\/www.johanna-swist.de\\\/wpjs\\\/wp-content\\\/uploads\\\/2022\\\/04\\\/Logo-2-1-300x85.jpg\",\"datePublished\":\"2016-03-11T14:27:13+00:00\",\"dateModified\":\"2022-06-12T12:32:48+00:00\",\"breadcrumb\":{\"@id\":\"http:\\\/\\\/www.johanna-swist.de\\\/wpjs\\\/pl\\\/prawo-zakupu-pojazdu\\\/#breadcrumb\"},\"inLanguage\":\"de\",\"potentialAction\":[{\"@type\":\"ReadAction\",\"target\":[\"http:\\\/\\\/www.johanna-swist.de\\\/wpjs\\\/pl\\\/prawo-zakupu-pojazdu\\\/\"]}]},{\"@type\":\"ImageObject\",\"inLanguage\":\"de\",\"@id\":\"http:\\\/\\\/www.johanna-swist.de\\\/wpjs\\\/pl\\\/prawo-zakupu-pojazdu\\\/#primaryimage\",\"url\":\"http:\\\/\\\/www.johanna-swist.de\\\/wpjs\\\/wp-content\\\/uploads\\\/2022\\\/04\\\/Logo-2-1.jpg\",\"contentUrl\":\"http:\\\/\\\/www.johanna-swist.de\\\/wpjs\\\/wp-content\\\/uploads\\\/2022\\\/04\\\/Logo-2-1.jpg\",\"width\":337,\"height\":96},{\"@type\":\"BreadcrumbList\",\"@id\":\"http:\\\/\\\/www.johanna-swist.de\\\/wpjs\\\/pl\\\/prawo-zakupu-pojazdu\\\/#breadcrumb\",\"itemListElement\":[{\"@type\":\"ListItem\",\"position\":1,\"name\":\"Startseite\",\"item\":\"http:\\\/\\\/www.johanna-swist.de\\\/wpjs\\\/pl\\\/kancelaria-2\\\/\"},{\"@type\":\"ListItem\",\"position\":2,\"name\":\"Windykacja roszcze\u0144 w Niemczech &#8211; Prawo zakupu pojazdu\"}]},{\"@type\":\"WebSite\",\"@id\":\"http:\\\/\\\/www.johanna-swist.de\\\/wpjs\\\/#website\",\"url\":\"http:\\\/\\\/www.johanna-swist.de\\\/wpjs\\\/\",\"name\":\"swist.legal\",\"description\":\"\",\"publisher\":{\"@id\":\"http:\\\/\\\/www.johanna-swist.de\\\/wpjs\\\/#organization\"},\"potentialAction\":[{\"@type\":\"SearchAction\",\"target\":{\"@type\":\"EntryPoint\",\"urlTemplate\":\"http:\\\/\\\/www.johanna-swist.de\\\/wpjs\\\/?s={search_term_string}\"},\"query-input\":{\"@type\":\"PropertyValueSpecification\",\"valueRequired\":true,\"valueName\":\"search_term_string\"}}],\"inLanguage\":\"de\"},{\"@type\":\"Organization\",\"@id\":\"http:\\\/\\\/www.johanna-swist.de\\\/wpjs\\\/#organization\",\"name\":\"swist.legal\",\"url\":\"http:\\\/\\\/www.johanna-swist.de\\\/wpjs\\\/\",\"logo\":{\"@type\":\"ImageObject\",\"inLanguage\":\"de\",\"@id\":\"http:\\\/\\\/www.johanna-swist.de\\\/wpjs\\\/#\\\/schema\\\/logo\\\/image\\\/\",\"url\":\"http:\\\/\\\/www.johanna-swist.de\\\/wpjs\\\/wp-content\\\/uploads\\\/2022\\\/04\\\/cropped-cropped-Logo-1-1.jpg\",\"contentUrl\":\"http:\\\/\\\/www.johanna-swist.de\\\/wpjs\\\/wp-content\\\/uploads\\\/2022\\\/04\\\/cropped-cropped-Logo-1-1.jpg\",\"width\":512,\"height\":512,\"caption\":\"swist.legal\"},\"image\":{\"@id\":\"http:\\\/\\\/www.johanna-swist.de\\\/wpjs\\\/#\\\/schema\\\/logo\\\/image\\\/\"}}]}<\/script>\n<!-- \/ Yoast SEO plugin. -->","yoast_head_json":{"title":"Windykacja roszcze\u0144 w Niemczech - Prawo zakupu pojazdu - swist.legal","robots":{"index":"index","follow":"follow","max-snippet":"max-snippet:-1","max-image-preview":"max-image-preview:large","max-video-preview":"max-video-preview:-1"},"canonical":"http:\/\/www.johanna-swist.de\/wpjs\/pl\/prawo-zakupu-pojazdu\/","og_locale":"de_DE","og_type":"article","og_title":"Windykacja roszcze\u0144 w Niemczech - Prawo zakupu pojazdu - swist.legal","og_description":"&nbsp; Zakres naszych us\u0142ug w prawie zakupu pojazdu &nbsp; Wsprawach zwi\u0105zanych z zakupem samochodu reprezantujemy naszych klient\u00f3w przeds\u0105dowo jak i r\u00f3wnie\u017c s\u0105dowo. W sprawach dotycz\u0105cych kupna samochodu zajmujemy si\u0119 nast\u0119puj\u0105cymi kwestiami: wycofania si\u0119 z zakupu nowego lub u\u017cywanego samochodu; obni\u017cenie","og_url":"http:\/\/www.johanna-swist.de\/wpjs\/pl\/prawo-zakupu-pojazdu\/","og_site_name":"swist.legal","article_modified_time":"2022-06-12T12:32:48+00:00","og_image":[{"url":"http:\/\/www.johanna-swist.de\/wpjs\/wp-content\/uploads\/2022\/04\/Logo-2-1-300x85.jpg","type":"","width":"","height":""}],"twitter_card":"summary_large_image","twitter_misc":{"Gesch\u00e4tzte Lesezeit":"2\u00a0Minuten"},"schema":{"@context":"https:\/\/schema.org","@graph":[{"@type":"WebPage","@id":"http:\/\/www.johanna-swist.de\/wpjs\/pl\/prawo-zakupu-pojazdu\/","url":"http:\/\/www.johanna-swist.de\/wpjs\/pl\/prawo-zakupu-pojazdu\/","name":"Windykacja roszcze\u0144 w Niemczech - Prawo zakupu pojazdu - swist.legal","isPartOf":{"@id":"http:\/\/www.johanna-swist.de\/wpjs\/#website"},"primaryImageOfPage":{"@id":"http:\/\/www.johanna-swist.de\/wpjs\/pl\/prawo-zakupu-pojazdu\/#primaryimage"},"image":{"@id":"http:\/\/www.johanna-swist.de\/wpjs\/pl\/prawo-zakupu-pojazdu\/#primaryimage"},"thumbnailUrl":"http:\/\/www.johanna-swist.de\/wpjs\/wp-content\/uploads\/2022\/04\/Logo-2-1-300x85.jpg","datePublished":"2016-03-11T14:27:13+00:00","dateModified":"2022-06-12T12:32:48+00:00","breadcrumb":{"@id":"http:\/\/www.johanna-swist.de\/wpjs\/pl\/prawo-zakupu-pojazdu\/#breadcrumb"},"inLanguage":"de","potentialAction":[{"@type":"ReadAction","target":["http:\/\/www.johanna-swist.de\/wpjs\/pl\/prawo-zakupu-pojazdu\/"]}]},{"@type":"ImageObject","inLanguage":"de","@id":"http:\/\/www.johanna-swist.de\/wpjs\/pl\/prawo-zakupu-pojazdu\/#primaryimage","url":"http:\/\/www.johanna-swist.de\/wpjs\/wp-content\/uploads\/2022\/04\/Logo-2-1.jpg","contentUrl":"http:\/\/www.johanna-swist.de\/wpjs\/wp-content\/uploads\/2022\/04\/Logo-2-1.jpg","width":337,"height":96},{"@type":"BreadcrumbList","@id":"http:\/\/www.johanna-swist.de\/wpjs\/pl\/prawo-zakupu-pojazdu\/#breadcrumb","itemListElement":[{"@type":"ListItem","position":1,"name":"Startseite","item":"http:\/\/www.johanna-swist.de\/wpjs\/pl\/kancelaria-2\/"},{"@type":"ListItem","position":2,"name":"Windykacja roszcze\u0144 w Niemczech &#8211; Prawo zakupu pojazdu"}]},{"@type":"WebSite","@id":"http:\/\/www.johanna-swist.de\/wpjs\/#website","url":"http:\/\/www.johanna-swist.de\/wpjs\/","name":"swist.legal","description":"","publisher":{"@id":"http:\/\/www.johanna-swist.de\/wpjs\/#organization"},"potentialAction":[{"@type":"SearchAction","target":{"@type":"EntryPoint","urlTemplate":"http:\/\/www.johanna-swist.de\/wpjs\/?s={search_term_string}"},"query-input":{"@type":"PropertyValueSpecification","valueRequired":true,"valueName":"search_term_string"}}],"inLanguage":"de"},{"@type":"Organization","@id":"http:\/\/www.johanna-swist.de\/wpjs\/#organization","name":"swist.legal","url":"http:\/\/www.johanna-swist.de\/wpjs\/","logo":{"@type":"ImageObject","inLanguage":"de","@id":"http:\/\/www.johanna-swist.de\/wpjs\/#\/schema\/logo\/image\/","url":"http:\/\/www.johanna-swist.de\/wpjs\/wp-content\/uploads\/2022\/04\/cropped-cropped-Logo-1-1.jpg","contentUrl":"http:\/\/www.johanna-swist.de\/wpjs\/wp-content\/uploads\/2022\/04\/cropped-cropped-Logo-1-1.jpg","width":512,"height":512,"caption":"swist.legal"},"image":{"@id":"http:\/\/www.johanna-swist.de\/wpjs\/#\/schema\/logo\/image\/"}}]}},"_links":{"self":[{"href":"http:\/\/www.johanna-swist.de\/wpjs\/wp-json\/wp\/v2\/pages\/545","targetHints":{"allow":["GET"]}}],"collection":[{"href":"http:\/\/www.johanna-swist.de\/wpjs\/wp-json\/wp\/v2\/pages"}],"about":[{"href":"http:\/\/www.johanna-swist.de\/wpjs\/wp-json\/wp\/v2\/types\/page"}],"author":[{"embeddable":true,"href":"http:\/\/www.johanna-swist.de\/wpjs\/wp-json\/wp\/v2\/users\/1"}],"replies":[{"embeddable":true,"href":"http:\/\/www.johanna-swist.de\/wpjs\/wp-json\/wp\/v2\/comments?post=545"}],"version-history":[{"count":18,"href":"http:\/\/www.johanna-swist.de\/wpjs\/wp-json\/wp\/v2\/pages\/545\/revisions"}],"predecessor-version":[{"id":7568,"href":"http:\/\/www.johanna-swist.de\/wpjs\/wp-json\/wp\/v2\/pages\/545\/revisions\/7568"}],"wp:attachment":[{"href":"http:\/\/www.johanna-swist.de\/wpjs\/wp-json\/wp\/v2\/media?parent=545"}],"curies":[{"name":"wp","href":"https:\/\/api.w.org\/{rel}","templated":true}]}}