{"id":51,"date":"2020-06-03T20:55:48","date_gmt":"2020-06-03T20:55:48","guid":{"rendered":"http:\/\/johanna-swist.de\/wpjs\/?page_id=51"},"modified":"2023-01-07T11:04:28","modified_gmt":"2023-01-07T11:04:28","slug":"impressum-rechtsanwalt-duesseldorf","status":"publish","type":"page","link":"http:\/\/www.johanna-swist.de\/wpjs\/de\/impressum-rechtsanwalt-duesseldorf\/","title":{"rendered":"Gesetzliche Vorgaben: Impressum"},"content":{"rendered":"<p>&nbsp;<\/p>\n<h1 style=\"text-align: center;\"><span style=\"color: #000000;\">Erkl\u00e4rung der Kanzlei Swist<br \/>\ngem\u00e4\u00df \u00a7 5 Telekommunikationsgesetzes<\/span><\/h1>\n<p>&nbsp;<\/p>\n<p style=\"text-align: justify;\"><span style=\"color: #000000;\">Rechtsanw\u00e4ltin Johanna Swist<\/span><br \/>\n<span style=\"color: #000000;\">Spanger Stra\u00dfe 38<\/span><br \/>\n<span style=\"color: #000000;\"> 40599 D\u00fcsseldorf<\/span><br \/>\n<span style=\"color: #000000;\"> Telefon: +49211-8759\u00a0 8067\u00a0<\/span><br \/>\n<span style=\"color: #000000;\"> Telefax: +49211-8759\u00a0 8068<\/span><br \/>\n<span style=\"color: #000000;\"> E-mail: <span style=\"color: #1414ff;\"><strong>sekretariat@johanna-swist.de<\/strong><\/span><br \/>\nInternet:<span style=\"color: #1414ff;\"><a style=\"color: #1414ff;\" href=\"http:\/\/www.johanna-swist.de\/wpjs\/de\/kanzlei\/\"> <strong>www.johanna-swist.de<\/strong><\/a><span style=\"color: #000000;\">\u00a0 und<\/span> \u00a0<a style=\"color: #1414ff;\" href=\"http:\/\/swist.legal\/\"><strong>www.swist.legal<\/strong><\/a><\/span><\/span><\/p>\n<p>&nbsp;<\/p>\n<p style=\"text-align: center;\"><span style=\"color: #999999;\">____________________________________________<\/span><\/p>\n<p>&nbsp;<\/p>\n<p>&nbsp;<\/p>\n<h3 style=\"text-align: justify;\"><span style=\"color: #000000;\">Vertretungsberechtigt:<\/span><\/h3>\n<p style=\"text-align: justify;\"><span style=\"color: #000000;\">Johanna Swist<\/span><\/p>\n<p>&nbsp;<\/p>\n<p style=\"text-align: center;\"><span style=\"color: #999999;\">____________________________________________<\/span><\/p>\n<p>&nbsp;<\/p>\n<p>&nbsp;<\/p>\n<h3 style=\"text-align: justify;\"><span style=\"color: #000000;\">Zust\u00e4ndige Kammer:<\/span><\/h3>\n<p style=\"text-align: justify;\"><span style=\"color: #000000;\">Rechtsanwaltskammer D\u00fcsseldorf, Freiligrathstra\u00dfe 25, 40479 D\u00fcsseldorf<\/span><\/p>\n<p>&nbsp;<\/p>\n<p style=\"text-align: center;\"><span style=\"color: #999999;\">____________________________________________<\/span><\/p>\n<p>&nbsp;<\/p>\n<p>&nbsp;<\/p>\n<h3 style=\"text-align: justify;\"><span style=\"color: #000000;\">Berufsbezeichnung:<\/span><\/h3>\n<p style=\"text-align: justify;\"><span style=\"color: #000000;\">Rechtsanwalt (verliehen in der Bundesrepublik Deutschland)<\/span><\/p>\n<p>&nbsp;<\/p>\n<p style=\"text-align: center;\"><span style=\"color: #999999;\">____________________________________________<\/span><\/p>\n<p>&nbsp;<\/p>\n<p>&nbsp;<\/p>\n<h3 style=\"text-align: justify;\"><span style=\"color: #000000;\">Berufsrechtliche Regelungen:<\/span><\/h3>\n<ul>\n<li style=\"text-align: justify;\"><span style=\"color: #000000;\">Bundesrechtsanwaltsordnung (BRAO),<\/span><\/li>\n<li style=\"text-align: justify;\"><span style=\"color: #000000;\">Berufsordnung f\u00fcr Rechtsanw\u00e4lte (BORA),<\/span><\/li>\n<li style=\"text-align: justify;\"><span style=\"color: #000000;\">Fachanwaltsordnung (FAO),<\/span><\/li>\n<li style=\"text-align: justify;\"><span style=\"color: #000000;\">Rechtsanwaltsverg\u00fctungsgesetz (RVG),<\/span><\/li>\n<\/ul>\n<p style=\"text-align: justify;\"><span style=\"color: #000000;\">Die Berufsordnung der Rechtsanw\u00e4lte der EU kann als Regelung unter der nachfolgenden Internetadresse eingesehen werden:<\/span><\/p>\n<p style=\"text-align: justify;\"><span style=\"color: #1414ff;\"><a style=\"color: #1414ff;\" href=\"http:\/\/brak.de\/seiten\/06.php#dg\"><strong>http:\/\/brak.de\/seiten\/06.php#dg<\/strong> <\/a><\/span><\/p>\n<p>&nbsp;<\/p>\n<p style=\"text-align: center;\"><span style=\"color: #999999;\">____________________________________________<\/span><\/p>\n<p>&nbsp;<\/p>\n<p>&nbsp;<\/p>\n<h3 style=\"text-align: justify;\"><span style=\"color: #000000;\">Umsatzsteuer \u2013 Identifikationsnummer gem. \u00a7 27 a Umsatzsteuergesetz:<\/span><\/h3>\n<p style=\"text-align: justify;\"><span style=\"color: #000000;\">DE315135935<\/span><\/p>\n<p>&nbsp;<\/p>\n<p style=\"text-align: center;\"><span style=\"color: #999999;\">____________________________________________<\/span><\/p>\n<p>&nbsp;<\/p>\n<p>&nbsp;<\/p>\n<h3 style=\"text-align: justify;\"><span style=\"color: #000000;\">Inhaltlich Verantwortliche gem. \u00a7 10 III MDStV:<\/span><\/h3>\n<p style=\"text-align: justify;\"><span style=\"color: #000000;\">Rechtsanw\u00e4ltin Johanna Swist, Rechtsanwalt D\u00fcsseldorf.<\/span><\/p>\n<p>&nbsp;<\/p>\n<p style=\"text-align: center;\"><span style=\"color: #999999;\">____________________________________________<\/span><\/p>\n<p>&nbsp;<\/p>\n<p>&nbsp;<\/p>\n<h3 style=\"text-align: justify;\"><span style=\"color: #000000;\">Haftungshinweis:<\/span><\/h3>\n<p style=\"text-align: justify;\"><span style=\"color: #000000;\">Trotz sorgf\u00e4ltiger inhaltlicher Kontrolle \u00fcbernehmen wir keine Haftung f\u00fcr die Inhalte externer Links. F\u00fcr den Inhalt der verlinkter Seiten sind ausschlie\u00dflich deren Betreiber verantwortlich.<\/span><\/p>\n<p>&nbsp;<\/p>\n<p style=\"text-align: center;\"><span style=\"color: #999999;\">____________________________________________<\/span><\/p>\n<p>&nbsp;<\/p>\n<p>&nbsp;<\/p>\n<h3 style=\"text-align: justify;\"><span style=\"color: #000000;\">Facebook:<\/span><\/h3>\n<p style=\"text-align: justify;\"><span style=\"color: #1414ff;\"><strong><a style=\"color: #1414ff;\" href=\"https:\/\/www.facebook.com\/profile.php?id=100004262659291\" target=\"_blank\" rel=\"noopener noreferrer\">https:\/\/www.facebook.com\/profile.php?id=100004262659291<\/a><\/strong><\/span><\/p>\n<p><span style=\"color: #1414ff;\"><strong><a style=\"color: #1414ff;\" href=\"https:\/\/www.facebook.com\/Prawo-pracy-w-Niemczech-632286126890163\/\">https:\/\/www.facebook.com\/Prawo-pracy-w-Niemczech-632286126890163\/<\/a><\/strong><\/span><\/p>\n<p style=\"text-align: justify;\"><span style=\"color: #1414ff;\"><strong><a style=\"color: #1414ff;\" href=\"https:\/\/www.facebook.com\/Prawo-i-podatki-w-Niemczech-181939102147156\/\">https:\/\/www.facebook.com\/Prawo-i-podatki-w-Niemczech-181939102147156\/<\/a><\/strong><\/span><\/p>\n<p>&nbsp;<\/p>\n<p style=\"text-align: center;\"><span style=\"color: #999999;\">____________________________________________<\/span><\/p>\n<p>&nbsp;<\/p>\n<p>&nbsp;<\/p>\n<h2 style=\"text-align: justify;\"><span style=\"color: #000000;\">Journalistsch-redaktionelle Verantwortung gem. \u00a7 55 II RStV:<\/span><\/h2>\n<p style=\"text-align: justify;\"><span style=\"color: #000000;\">Rechtsanw\u00e4ltin Johanna Swist,<br \/>\nRechtsanwalt D\u00fcsseldorf<br \/>\n<\/span><\/p>\n<p>&nbsp;<\/p>\n<p style=\"text-align: center;\"><span style=\"color: #999999;\">____________________________________________<\/span><\/p>\n<p>&nbsp;<\/p>\n<p>&nbsp;<\/p>\n<h3 style=\"text-align: justify;\"><span style=\"color: #000000;\">Angaben der Quelle f\u00fcr verwendetes Bilder- und Grafikmaterial:<\/span><\/h3>\n<p style=\"text-align: justify;\"><span style=\"color: #000000;\">Paul Rybak-Bocklet und Johanna Swist,<\/span><br \/>\n<span style=\"color: #000000;\"> Graf-Adolf-Stra\u00dfe 61 40210 D\u00fcsseldorf.<\/span><\/p>\n<p>&nbsp;<\/p>\n<p style=\"text-align: center;\"><span style=\"color: #999999;\">____________________________________________<\/span><\/p>\n<p>&nbsp;<\/p>\n<p>&nbsp;<\/p>\n<h3 style=\"text-align: justify;\"><span style=\"color: #000000;\">Angaben zu den Links:<\/span><\/h3>\n<p style=\"text-align: justify;\"><span style=\"color: #000000;\">Sofern auf Verweisziele direkt oder indirekt durch Links verwiesen wird, die au\u00dferhalb des Verantwortungsbereichs der Betreiber liegen, haftet dieser nur dann, wenn er von den Inhalten Kenntnis hatte und es technisch m\u00f6glich und zumutbar w\u00e4re, die Nutzung im Falle rechtswidriger Inhalte zu verhindern.<\/span><\/p>\n<p style=\"text-align: justify;\"><span style=\"color: #000000;\">Ferner erkl\u00e4ren wir hiermit ausdr\u00fccklich, dass zum Zeitpunkt der Linksetzung keine illegalen Inhalte auf den zu verlinkenden Seiten erkennbar waren. Dar\u00fcber hinaus hat der Autor keinerlei Einfluss auf die aktuelle und zuk\u00fcnftige Gestaltung, die Inhalte oder die Urheberschaft der verlinkten\/verkn\u00fcpften Seiten.<\/span><\/p>\n<p style=\"text-align: justify;\"><span style=\"color: #000000;\">F\u00fcr dar\u00fcber hinausgehende Inhalte und insbesondere f\u00fcr Sch\u00e4den, die aus der Nutzung oder Nichtnutzung solcherart dargebotener Informationen entstehen, haftet dementsprechend allein der Anbieter dieser Seiten, nicht jedoch derjenige, der \u00fcber Links auf die jeweilige Ver\u00f6ffentlichung verweist. Insoweit gilt diese Einschr\u00e4nkung gleicherma\u00dfen auch f\u00fcr Fremdeintr\u00e4ge in G\u00e4steb\u00fcchern und Foren.<\/span><\/p>\n<p style=\"text-align: justify;\"><span style=\"color: #000000;\">Wir verwenden Links mithin nur, um unseren Besuchern die M\u00f6glichkeit zu geben, sich weitere Informationen zu beschaffen. Ein Link bedeutet jedoch nicht, dass wir die entsprechenden fremden Seiten empfehlen oder dass wir uns die Inhalte zu eigen machen.<\/span><\/p>\n<p style=\"text-align: justify;\"><span style=\"color: #000000;\">Gleicherma\u00dfen dienen die auf dieser Website bereitgestellten Inhalte ausschlie\u00dflich Ihrer Information und stellen keine Rechtsberatung dar. Ebenso kommt mit dem Aufruf dieser Webseite kein Mandatsverh\u00e4ltnis zustande. Ansonsten k\u00f6nnen aus der Bereitstellung auch keine Anspr\u00fcche aus anwaltlicher Auskunft, Empfehlung oder Beratung hergeleitet werden. Aus organisatorischen Gr\u00fcnden kann Rechtsanw\u00e4ltin Johanna Swist f\u00fcr die jederzeitige Vollst\u00e4ndigkeit, Aktualit\u00e4t und Richtigkeit der Inhalte keine Haftung \u00fcbernehmen.<\/span><\/p>\n<p style=\"text-align: justify;\"><span style=\"color: #000000;\">Im \u00dcbrigen ist dieser Haftungsausschluss Teil unseres Internetangebots, von dem auf diesen verwiesen wurde. Falls Teile oder Formulierungen des Texts nicht, nicht mehr oder nicht vollst\u00e4ndig der geltenden Rechtslage entsprechen sollten, bleiben die \u00fcbrigen Teile des Dokumentes in ihrem Inhalt und ihrer G\u00fcltigkeit davon unber\u00fchrt.<\/span><\/p>\n<p>&nbsp;<\/p>\n<p style=\"text-align: right;\"><em>\u00a0<span style=\"color: #000000;\">Kanzlei Swist &#8211; Rechtsanwalt D\u00fcsseldorf &#8211; Rechtsanwaltskanzlei in D\u00fcsseldorf<br \/>\n<\/span><span style=\"color: #000000;\">Ihr Recht in unseren treuen H\u00e4nden<\/span><\/em><\/p>\n<p>&nbsp;<\/p>\n<p>&nbsp;<\/p>\n<p><a href=\"http:\/\/www.johanna-swist.de\/wpjs\/de\/kanzlei\/\"><img loading=\"lazy\" decoding=\"async\" class=\"Rechtsanwalt D\u00fcsseldorf aligncenter wp-image-7490\" title=\"Rechtsanwalt D\u00fcsseldorf\" src=\"http:\/\/www.johanna-swist.de\/wpjs\/wp-content\/uploads\/2022\/04\/Logo-2-1-300x85.jpg\" alt=\"Rechtsanwalt D\u00fcsseldorf\" width=\"498\" height=\"141\" srcset=\"http:\/\/www.johanna-swist.de\/wpjs\/wp-content\/uploads\/2022\/04\/Logo-2-1-300x85.jpg 300w, http:\/\/www.johanna-swist.de\/wpjs\/wp-content\/uploads\/2022\/04\/Logo-2-1.jpg 337w\" sizes=\"auto, (max-width: 498px) 100vw, 498px\" \/><\/a><\/p>\n<p>&nbsp;<\/p>\n<p>&nbsp;<\/p>\n<p>&nbsp;<\/p>\n<p style=\"text-align: justify;\"><div class=\"specialtext-content-left effect\"><\/p>\n<h3 style=\"text-align: center;\">Rufen Sie uns an! Tel.: <span style=\"color: #1414ff;\">0211 &#8211; 8759\u00a0 8067<\/span><\/h3>\n<p><\/div><\/p>\n","protected":false},"excerpt":{"rendered":"<p>Die Kanzlei Swist erkl\u00e4rt hier im Rahmen des Impressums die Haftung f\u00fcr Internetseite. Es geht nicht nur um die Haftung als Rechtsanwalt sondern f\u00fcr die Haftung, die jeden Internetbetreiber trifft.<\/p>\n","protected":false},"author":1,"featured_media":0,"parent":0,"menu_order":0,"comment_status":"closed","ping_status":"closed","template":"","meta":{"om_disable_all_campaigns":false,"_monsterinsights_skip_tracking":false,"_monsterinsights_sitenote_active":false,"_monsterinsights_sitenote_note":"","_monsterinsights_sitenote_category":0,"_uf_show_specific_survey":0,"_uf_disable_surveys":false,"footnotes":""},"class_list":["post-51","page","type-page","status-publish","hentry"],"yoast_head":"<!-- This site is optimized with the Yoast SEO plugin v27.3 - https:\/\/yoast.com\/product\/yoast-seo-wordpress\/ -->\n<title>Rechtsanwaltskanzlei in D\u00fcsseldorf | Rechtsanwalt D\u00fcsseldorf<\/title>\n<meta name=\"description\" content=\"Rechtsanwalt D\u00fcsseldorf - Buchhaltung - Kanzlei Swist in D\u00fcsseldorf - Kontaktieren Sie uns: 0211-8759 8067 oder sekretariat@johanna-swist.de\" \/>\n<meta name=\"robots\" content=\"index, follow, max-snippet:-1, max-image-preview:large, max-video-preview:-1\" \/>\n<link rel=\"canonical\" href=\"http:\/\/www.johanna-swist.de\/wpjs\/de\/impressum-rechtsanwalt-duesseldorf\/\" \/>\n<meta property=\"og:locale\" content=\"de_DE\" \/>\n<meta property=\"og:type\" content=\"article\" \/>\n<meta property=\"og:title\" content=\"Rechtsanwaltskanzlei in D\u00fcsseldorf | Rechtsanwalt D\u00fcsseldorf\" \/>\n<meta property=\"og:description\" content=\"Rechtsanwalt D\u00fcsseldorf - Buchhaltung - Kanzlei Swist in D\u00fcsseldorf - Kontaktieren Sie uns: 0211-8759 8067 oder sekretariat@johanna-swist.de\" \/>\n<meta property=\"og:url\" content=\"http:\/\/www.johanna-swist.de\/wpjs\/de\/impressum-rechtsanwalt-duesseldorf\/\" \/>\n<meta property=\"og:site_name\" content=\"swist.legal\" \/>\n<meta property=\"article:modified_time\" content=\"2023-01-07T11:04:28+00:00\" \/>\n<meta property=\"og:image\" content=\"http:\/\/www.johanna-swist.de\/wpjs\/wp-content\/uploads\/2022\/04\/Logo-2-1-300x85.jpg\" \/>\n<meta name=\"twitter:card\" content=\"summary_large_image\" \/>\n<meta name=\"twitter:label1\" content=\"Gesch\u00e4tzte Lesezeit\" \/>\n\t<meta name=\"twitter:data1\" content=\"3\u00a0Minuten\" \/>\n<script type=\"application\/ld+json\" class=\"yoast-schema-graph\">{\"@context\":\"https:\\\/\\\/schema.org\",\"@graph\":[{\"@type\":\"WebPage\",\"@id\":\"http:\\\/\\\/www.johanna-swist.de\\\/wpjs\\\/de\\\/impressum-rechtsanwalt-duesseldorf\\\/\",\"url\":\"http:\\\/\\\/www.johanna-swist.de\\\/wpjs\\\/de\\\/impressum-rechtsanwalt-duesseldorf\\\/\",\"name\":\"Rechtsanwaltskanzlei in D\u00fcsseldorf | Rechtsanwalt D\u00fcsseldorf\",\"isPartOf\":{\"@id\":\"http:\\\/\\\/www.johanna-swist.de\\\/wpjs\\\/#website\"},\"primaryImageOfPage\":{\"@id\":\"http:\\\/\\\/www.johanna-swist.de\\\/wpjs\\\/de\\\/impressum-rechtsanwalt-duesseldorf\\\/#primaryimage\"},\"image\":{\"@id\":\"http:\\\/\\\/www.johanna-swist.de\\\/wpjs\\\/de\\\/impressum-rechtsanwalt-duesseldorf\\\/#primaryimage\"},\"thumbnailUrl\":\"http:\\\/\\\/www.johanna-swist.de\\\/wpjs\\\/wp-content\\\/uploads\\\/2022\\\/04\\\/Logo-2-1-300x85.jpg\",\"datePublished\":\"2020-06-03T20:55:48+00:00\",\"dateModified\":\"2023-01-07T11:04:28+00:00\",\"description\":\"Rechtsanwalt D\u00fcsseldorf - Buchhaltung - Kanzlei Swist in D\u00fcsseldorf - Kontaktieren Sie uns: 0211-8759 8067 oder sekretariat@johanna-swist.de\",\"breadcrumb\":{\"@id\":\"http:\\\/\\\/www.johanna-swist.de\\\/wpjs\\\/de\\\/impressum-rechtsanwalt-duesseldorf\\\/#breadcrumb\"},\"inLanguage\":\"de\",\"potentialAction\":[{\"@type\":\"ReadAction\",\"target\":[\"http:\\\/\\\/www.johanna-swist.de\\\/wpjs\\\/de\\\/impressum-rechtsanwalt-duesseldorf\\\/\"]}]},{\"@type\":\"ImageObject\",\"inLanguage\":\"de\",\"@id\":\"http:\\\/\\\/www.johanna-swist.de\\\/wpjs\\\/de\\\/impressum-rechtsanwalt-duesseldorf\\\/#primaryimage\",\"url\":\"http:\\\/\\\/www.johanna-swist.de\\\/wpjs\\\/wp-content\\\/uploads\\\/2022\\\/04\\\/Logo-2-1.jpg\",\"contentUrl\":\"http:\\\/\\\/www.johanna-swist.de\\\/wpjs\\\/wp-content\\\/uploads\\\/2022\\\/04\\\/Logo-2-1.jpg\",\"width\":337,\"height\":96},{\"@type\":\"BreadcrumbList\",\"@id\":\"http:\\\/\\\/www.johanna-swist.de\\\/wpjs\\\/de\\\/impressum-rechtsanwalt-duesseldorf\\\/#breadcrumb\",\"itemListElement\":[{\"@type\":\"ListItem\",\"position\":1,\"name\":\"Startseite\",\"item\":\"http:\\\/\\\/www.johanna-swist.de\\\/wpjs\\\/pl\\\/kancelaria-2\\\/\"},{\"@type\":\"ListItem\",\"position\":2,\"name\":\"Gesetzliche Vorgaben: Impressum\"}]},{\"@type\":\"WebSite\",\"@id\":\"http:\\\/\\\/www.johanna-swist.de\\\/wpjs\\\/#website\",\"url\":\"http:\\\/\\\/www.johanna-swist.de\\\/wpjs\\\/\",\"name\":\"swist.legal\",\"description\":\"\",\"publisher\":{\"@id\":\"http:\\\/\\\/www.johanna-swist.de\\\/wpjs\\\/#organization\"},\"potentialAction\":[{\"@type\":\"SearchAction\",\"target\":{\"@type\":\"EntryPoint\",\"urlTemplate\":\"http:\\\/\\\/www.johanna-swist.de\\\/wpjs\\\/?s={search_term_string}\"},\"query-input\":{\"@type\":\"PropertyValueSpecification\",\"valueRequired\":true,\"valueName\":\"search_term_string\"}}],\"inLanguage\":\"de\"},{\"@type\":\"Organization\",\"@id\":\"http:\\\/\\\/www.johanna-swist.de\\\/wpjs\\\/#organization\",\"name\":\"swist.legal\",\"url\":\"http:\\\/\\\/www.johanna-swist.de\\\/wpjs\\\/\",\"logo\":{\"@type\":\"ImageObject\",\"inLanguage\":\"de\",\"@id\":\"http:\\\/\\\/www.johanna-swist.de\\\/wpjs\\\/#\\\/schema\\\/logo\\\/image\\\/\",\"url\":\"http:\\\/\\\/www.johanna-swist.de\\\/wpjs\\\/wp-content\\\/uploads\\\/2022\\\/04\\\/cropped-cropped-Logo-1-1.jpg\",\"contentUrl\":\"http:\\\/\\\/www.johanna-swist.de\\\/wpjs\\\/wp-content\\\/uploads\\\/2022\\\/04\\\/cropped-cropped-Logo-1-1.jpg\",\"width\":512,\"height\":512,\"caption\":\"swist.legal\"},\"image\":{\"@id\":\"http:\\\/\\\/www.johanna-swist.de\\\/wpjs\\\/#\\\/schema\\\/logo\\\/image\\\/\"}}]}<\/script>\n<!-- \/ Yoast SEO plugin. -->","yoast_head_json":{"title":"Rechtsanwaltskanzlei in D\u00fcsseldorf | Rechtsanwalt D\u00fcsseldorf","description":"Rechtsanwalt D\u00fcsseldorf - Buchhaltung - Kanzlei Swist in D\u00fcsseldorf - Kontaktieren Sie uns: 0211-8759 8067 oder sekretariat@johanna-swist.de","robots":{"index":"index","follow":"follow","max-snippet":"max-snippet:-1","max-image-preview":"max-image-preview:large","max-video-preview":"max-video-preview:-1"},"canonical":"http:\/\/www.johanna-swist.de\/wpjs\/de\/impressum-rechtsanwalt-duesseldorf\/","og_locale":"de_DE","og_type":"article","og_title":"Rechtsanwaltskanzlei in D\u00fcsseldorf | Rechtsanwalt D\u00fcsseldorf","og_description":"Rechtsanwalt D\u00fcsseldorf - Buchhaltung - Kanzlei Swist in D\u00fcsseldorf - Kontaktieren Sie uns: 0211-8759 8067 oder sekretariat@johanna-swist.de","og_url":"http:\/\/www.johanna-swist.de\/wpjs\/de\/impressum-rechtsanwalt-duesseldorf\/","og_site_name":"swist.legal","article_modified_time":"2023-01-07T11:04:28+00:00","og_image":[{"url":"http:\/\/www.johanna-swist.de\/wpjs\/wp-content\/uploads\/2022\/04\/Logo-2-1-300x85.jpg","type":"","width":"","height":""}],"twitter_card":"summary_large_image","twitter_misc":{"Gesch\u00e4tzte Lesezeit":"3\u00a0Minuten"},"schema":{"@context":"https:\/\/schema.org","@graph":[{"@type":"WebPage","@id":"http:\/\/www.johanna-swist.de\/wpjs\/de\/impressum-rechtsanwalt-duesseldorf\/","url":"http:\/\/www.johanna-swist.de\/wpjs\/de\/impressum-rechtsanwalt-duesseldorf\/","name":"Rechtsanwaltskanzlei in D\u00fcsseldorf | Rechtsanwalt D\u00fcsseldorf","isPartOf":{"@id":"http:\/\/www.johanna-swist.de\/wpjs\/#website"},"primaryImageOfPage":{"@id":"http:\/\/www.johanna-swist.de\/wpjs\/de\/impressum-rechtsanwalt-duesseldorf\/#primaryimage"},"image":{"@id":"http:\/\/www.johanna-swist.de\/wpjs\/de\/impressum-rechtsanwalt-duesseldorf\/#primaryimage"},"thumbnailUrl":"http:\/\/www.johanna-swist.de\/wpjs\/wp-content\/uploads\/2022\/04\/Logo-2-1-300x85.jpg","datePublished":"2020-06-03T20:55:48+00:00","dateModified":"2023-01-07T11:04:28+00:00","description":"Rechtsanwalt D\u00fcsseldorf - Buchhaltung - Kanzlei Swist in D\u00fcsseldorf - Kontaktieren Sie uns: 0211-8759 8067 oder sekretariat@johanna-swist.de","breadcrumb":{"@id":"http:\/\/www.johanna-swist.de\/wpjs\/de\/impressum-rechtsanwalt-duesseldorf\/#breadcrumb"},"inLanguage":"de","potentialAction":[{"@type":"ReadAction","target":["http:\/\/www.johanna-swist.de\/wpjs\/de\/impressum-rechtsanwalt-duesseldorf\/"]}]},{"@type":"ImageObject","inLanguage":"de","@id":"http:\/\/www.johanna-swist.de\/wpjs\/de\/impressum-rechtsanwalt-duesseldorf\/#primaryimage","url":"http:\/\/www.johanna-swist.de\/wpjs\/wp-content\/uploads\/2022\/04\/Logo-2-1.jpg","contentUrl":"http:\/\/www.johanna-swist.de\/wpjs\/wp-content\/uploads\/2022\/04\/Logo-2-1.jpg","width":337,"height":96},{"@type":"BreadcrumbList","@id":"http:\/\/www.johanna-swist.de\/wpjs\/de\/impressum-rechtsanwalt-duesseldorf\/#breadcrumb","itemListElement":[{"@type":"ListItem","position":1,"name":"Startseite","item":"http:\/\/www.johanna-swist.de\/wpjs\/pl\/kancelaria-2\/"},{"@type":"ListItem","position":2,"name":"Gesetzliche Vorgaben: Impressum"}]},{"@type":"WebSite","@id":"http:\/\/www.johanna-swist.de\/wpjs\/#website","url":"http:\/\/www.johanna-swist.de\/wpjs\/","name":"swist.legal","description":"","publisher":{"@id":"http:\/\/www.johanna-swist.de\/wpjs\/#organization"},"potentialAction":[{"@type":"SearchAction","target":{"@type":"EntryPoint","urlTemplate":"http:\/\/www.johanna-swist.de\/wpjs\/?s={search_term_string}"},"query-input":{"@type":"PropertyValueSpecification","valueRequired":true,"valueName":"search_term_string"}}],"inLanguage":"de"},{"@type":"Organization","@id":"http:\/\/www.johanna-swist.de\/wpjs\/#organization","name":"swist.legal","url":"http:\/\/www.johanna-swist.de\/wpjs\/","logo":{"@type":"ImageObject","inLanguage":"de","@id":"http:\/\/www.johanna-swist.de\/wpjs\/#\/schema\/logo\/image\/","url":"http:\/\/www.johanna-swist.de\/wpjs\/wp-content\/uploads\/2022\/04\/cropped-cropped-Logo-1-1.jpg","contentUrl":"http:\/\/www.johanna-swist.de\/wpjs\/wp-content\/uploads\/2022\/04\/cropped-cropped-Logo-1-1.jpg","width":512,"height":512,"caption":"swist.legal"},"image":{"@id":"http:\/\/www.johanna-swist.de\/wpjs\/#\/schema\/logo\/image\/"}}]}},"_links":{"self":[{"href":"http:\/\/www.johanna-swist.de\/wpjs\/wp-json\/wp\/v2\/pages\/51","targetHints":{"allow":["GET"]}}],"collection":[{"href":"http:\/\/www.johanna-swist.de\/wpjs\/wp-json\/wp\/v2\/pages"}],"about":[{"href":"http:\/\/www.johanna-swist.de\/wpjs\/wp-json\/wp\/v2\/types\/page"}],"author":[{"embeddable":true,"href":"http:\/\/www.johanna-swist.de\/wpjs\/wp-json\/wp\/v2\/users\/1"}],"replies":[{"embeddable":true,"href":"http:\/\/www.johanna-swist.de\/wpjs\/wp-json\/wp\/v2\/comments?post=51"}],"version-history":[{"count":39,"href":"http:\/\/www.johanna-swist.de\/wpjs\/wp-json\/wp\/v2\/pages\/51\/revisions"}],"predecessor-version":[{"id":7767,"href":"http:\/\/www.johanna-swist.de\/wpjs\/wp-json\/wp\/v2\/pages\/51\/revisions\/7767"}],"wp:attachment":[{"href":"http:\/\/www.johanna-swist.de\/wpjs\/wp-json\/wp\/v2\/media?parent=51"}],"curies":[{"name":"wp","href":"https:\/\/api.w.org\/{rel}","templated":true}]}}