{"id":38,"date":"2015-06-03T20:51:01","date_gmt":"2015-06-03T20:51:01","guid":{"rendered":"http:\/\/johanna-swist.de\/wpjs\/?page_id=38"},"modified":"2022-06-05T12:05:48","modified_gmt":"2022-06-05T12:05:48","slug":"verkehrsrecht","status":"publish","type":"page","link":"http:\/\/www.johanna-swist.de\/wpjs\/de\/verkehrsrecht\/","title":{"rendered":"Forderungseinzug: Verkehrsrecht &#8211; ein Verkehrsunfall verursacht immer einen Schreck, dabei sollte es bleiben&#8230;"},"content":{"rendered":"<p>&nbsp;<\/p>\n<p>&nbsp;<\/p>\n<h1 style=\"text-align: center;\"><span style=\"color: #000000;\">Unser Leistungsspektrum im Verkehrsrecht<\/span><\/h1>\n<p>&nbsp;<\/p>\n<p style=\"text-align: justify;\"><span style=\"color: #000000;\">Einen weiteren T\u00e4tigkeitsschwerpunkt unserer Kanzlei bildet das Verkehrsrecht.<\/span><\/p>\n<p style=\"text-align: justify;\"><span style=\"color: #000000;\">Insoweit steht der Verkehrsunfall im Mittelpunkt, sei es in Deutschland oder in Polen. Wir korrespondieren mit polnischen und deutschen Versicherungen, und vertreten Sie gerichtlich und vorgerichtlich. Wir beziffern Ihren Schadensersatz und das Ihnen zustehende Schmerzensgeld. Wir beraten Sie zu allen Unfall-Schadenspositionen.<\/span><\/p>\n<p style=\"text-align: justify;\"><span style=\"color: #000000;\">Letztlich vertreten wir unsere Mandanten und verteidigen sie bei Ordnungswidrigkeiten und Verkehrsstraftaten.<\/span><\/p>\n<div class=\"entry-content clearfix\">\n<p style=\"text-align: justify;\"><span style=\"color: #000000;\">Wir beraten und vertreten unsere Mandanten im Bereich des Verkehrsrechts. Im Besondern sind wir f\u00fcr unsere Mandanten t\u00e4tig, wenn sich der Unfall in Polen oder Deutschland ereignet hat oder ein grenz\u00fcberschreitender Sachverhalt vorliegt.<\/span><\/p>\n<p><span style=\"color: #000000;\">Unsere anwaltliche Hilfe im Bereich des Verkehrsrechts vom hohen Nutzen bei:<\/span><\/p>\n<ul style=\"text-align: justify;\">\n<li><span style=\"color: #000000;\">K\u00f6rperverletzung oder T\u00f6tung,<\/span><\/li>\n<li><span style=\"color: #000000;\">gef\u00e4hrlicher Eingriff in den Stra\u00dfenverkehr,<\/span><\/li>\n<li><span style=\"color: #000000;\">Fahren ohne Fahrerlaubnis,<\/span><\/li>\n<li><span style=\"color: #000000;\">Unfallflucht,<\/span><\/li>\n<li><span style=\"color: #000000;\">Halteverbot missachtet,<\/span><\/li>\n<li><span style=\"color: #000000;\">unzul\u00e4ssig auf Autobahn gehalten,<\/span><\/li>\n<li><span style=\"color: #000000;\">Parkverbot missachtet,<\/span><\/li>\n<li><span style=\"color: #000000;\">Sicherheitsgurt nicht angelegt,<\/span><\/li>\n<li><span style=\"color: #000000;\">Hauptuntersuchung nicht vorgenommen,<\/span><\/li>\n<li><span style=\"color: #000000;\">Rechtswidriges \u00dcberholen,<\/span><\/li>\n<li><span style=\"color: #000000;\">Verbotswidrige Nutzung des Mobiltelefon,<\/span><\/li>\n<li style=\"text-align: justify;\"><span style=\"color: #000000;\">Tempo\u00fcberschreitung mit Pkw\/Kraftrad<\/span><\/li>\n<li style=\"text-align: justify;\"><span style=\"color: #000000;\">Dichtes Auffahren,<\/span><\/li>\n<li style=\"text-align: justify;\"><span style=\"color: #000000;\">Bei Rot \u00fcber Ampel gefahren,<\/span><\/li>\n<li style=\"text-align: justify;\"><span style=\"color: #000000;\">Fu\u00dfg\u00e4nger behindert,<\/span><\/li>\n<li style=\"text-align: justify;\"><span style=\"color: #000000;\">Falsche Fahrtrichtung gefahren,<\/span><\/li>\n<li style=\"text-align: justify;\"><span style=\"color: #000000;\">Kfz gef\u00fchrt unter Alkohol\/Drogen,<\/span><\/li>\n<\/ul>\n<p style=\"text-align: justify;\"><span style=\"color: #000000;\">Wir vertreten die rechtlichen Interessen unserer Mandanten in folgenden Verfahren:<\/span><\/p>\n<ul style=\"text-align: justify;\">\n<li style=\"text-align: justify;\"><span style=\"color: #000000;\">im Verkehrsstrafrecht, wenn unsere Mandanten sich gegen den Vorwurf einer Ordnungswidrigkeit oder Strafftat w\u00e4hren m\u00fcssen,<\/span><\/li>\n<li style=\"text-align: justify;\"><span style=\"color: #000000;\">im Verwaltungsrecht, wenn unseren Mandanten der Verlust des F\u00fchrerscheins oder der Fahrerlaubnis droht,<\/span><\/li>\n<li style=\"text-align: justify;\"><span style=\"color: #000000;\">im internationalen Bereich, wenn unser Mandant nur eine ausl\u00e4ndische Fahrerlaubnis vorweisen kann,<\/span><\/li>\n<li style=\"text-align: justify;\"><span style=\"color: #000000;\">im zivilrechtlichen Streit, wenn aufgrund eines Unfalls Schadensersatzforderungen geltend gemacht werden.<\/span><\/li>\n<\/ul>\n<p style=\"text-align: justify;\"><span style=\"color: #000000;\">Bei Verkehrsunf\u00e4llen begleiten wir unsere Mandanten juristisch:<\/span><\/p>\n<ul style=\"text-align: justify;\">\n<li><span style=\"color: #000000;\">Wir besch\u00e4ftigen uns mit der Frage der Unfallverursachung.<\/span><\/li>\n<li><span style=\"color: #000000;\">Wir kl\u00e4ren mit unserem Mandanten vorab m\u00f6gliche Schadensersatzanspr\u00fcche, wie\u00a0\u00a0 Mietwagen oder Nutzungsentsch\u00e4digung f\u00fcr die Reparaturdauer, Erstattung der Reparaturkosten, Ausgleich der Wertminderung, Erstattung der Kosten der anwaltlichen Vertretung, Schmerzensgeld.<\/span><\/li>\n<li><span style=\"color: #000000;\">Wir melden diese Anspr\u00fcche gegen\u00fcber dem Unfallbeteiligten und seiner Kfz-Haftpflichtversicherung an.<\/span><\/li>\n<li><span style=\"color: #000000;\">Wir vertreten unseren Mandanten im gerichtlichen Verfahren.<\/span><\/li>\n<\/ul>\n<p style=\"text-align: justify;\"><span style=\"color: #000000;\">Im \u00dcbrigen beantworten wir unseren Mandanten Fragen zu:<\/span><\/p>\n<ul style=\"text-align: justify;\">\n<li><span style=\"color: #000000;\">der Entscheidung, ob und wie der Gesch\u00e4digte den Schaden ausgleichen l\u00e4sst,<\/span><\/li>\n<li><span style=\"color: #000000;\">der Wahl der Reparaturwerkstatt,<\/span><\/li>\n<li><span style=\"color: #000000;\">zu Gutachterauswahl.<\/span><\/li>\n<\/ul>\n<p style=\"text-align: justify;\"><span style=\"color: #000000;\">Wir korrespondieren mit polnischen und deutschen Kfz-Haftpflichtversicherungen.<\/span><\/p>\n<p>&nbsp;<\/p>\n<p style=\"text-align: center;\"><span style=\"color: #999999;\">____________________________________________<\/span><\/p>\n<p>&nbsp;<\/p>\n<p>&nbsp;<\/p>\n<p><a href=\"http:\/\/www.johanna-swist.de\/wpjs\/pl\/kancelaria-2\/\"><img loading=\"lazy\" decoding=\"async\" class=\"Verkehrsrecht aligncenter wp-image-7490\" title=\"Verkehrsrecht\" src=\"http:\/\/www.johanna-swist.de\/wpjs\/wp-content\/uploads\/2022\/04\/Logo-2-1-300x85.jpg\" alt=\"Verkehrsrecht\" width=\"498\" height=\"141\" srcset=\"http:\/\/www.johanna-swist.de\/wpjs\/wp-content\/uploads\/2022\/04\/Logo-2-1-300x85.jpg 300w, http:\/\/www.johanna-swist.de\/wpjs\/wp-content\/uploads\/2022\/04\/Logo-2-1.jpg 337w\" sizes=\"auto, (max-width: 498px) 100vw, 498px\" \/><\/a><\/p>\n<p>&nbsp;<\/p>\n<p>&nbsp;<\/p>\n<p>&nbsp;<\/p>\n<p style=\"text-align: justify;\"><div class=\"specialtext-content-left effect\"><\/p>\n<h3 style=\"text-align: center;\">Rufen Sie uns an! Tel.: <span style=\"color: #1414ff;\">0211 &#8211; 8759 8067<\/span><\/h3>\n<p><\/div><\/p>\n<\/div>\n","protected":false},"excerpt":{"rendered":"<p>&nbsp; &nbsp; Unser Leistungsspektrum im Verkehrsrecht &nbsp; Einen weiteren T\u00e4tigkeitsschwerpunkt unserer Kanzlei bildet das Verkehrsrecht. Insoweit steht der Verkehrsunfall im Mittelpunkt, sei es in Deutschland oder in Polen. Wir korrespondieren mit polnischen und deutschen Versicherungen, und vertreten Sie gerichtlich und<\/p>\n","protected":false},"author":1,"featured_media":0,"parent":0,"menu_order":0,"comment_status":"closed","ping_status":"closed","template":"","meta":{"om_disable_all_campaigns":false,"_monsterinsights_skip_tracking":false,"_monsterinsights_sitenote_active":false,"_monsterinsights_sitenote_note":"","_monsterinsights_sitenote_category":0,"_uf_show_specific_survey":0,"_uf_disable_surveys":false,"footnotes":""},"class_list":["post-38","page","type-page","status-publish","hentry"],"yoast_head":"<!-- This site is optimized with the Yoast SEO plugin v27.3 - https:\/\/yoast.com\/product\/yoast-seo-wordpress\/ -->\n<title>Verkehrsrecht | Rechtsanwalt in D\u00fcsseldorf<\/title>\n<meta name=\"description\" content=\"Verkehrsrecht - Rechtsanwaltskanzlei in D\u00fcsseldorf - Kanzlei Swist in D\u00fcsseldorf - Kontakt: 0211-8759 8067 sekretariat@johanna-swist.de\" \/>\n<meta name=\"robots\" content=\"index, follow, max-snippet:-1, max-image-preview:large, max-video-preview:-1\" \/>\n<link rel=\"canonical\" href=\"http:\/\/www.johanna-swist.de\/wpjs\/de\/verkehrsrecht\/\" \/>\n<meta property=\"og:locale\" content=\"de_DE\" \/>\n<meta property=\"og:type\" content=\"article\" \/>\n<meta property=\"og:title\" content=\"Verkehrsrecht | Rechtsanwalt in D\u00fcsseldorf\" \/>\n<meta property=\"og:description\" content=\"Verkehrsrecht - Rechtsanwaltskanzlei in D\u00fcsseldorf - Kanzlei Swist in D\u00fcsseldorf - Kontakt: 0211-8759 8067 sekretariat@johanna-swist.de\" \/>\n<meta property=\"og:url\" content=\"http:\/\/www.johanna-swist.de\/wpjs\/de\/verkehrsrecht\/\" \/>\n<meta property=\"og:site_name\" content=\"swist.legal\" \/>\n<meta property=\"article:modified_time\" content=\"2022-06-05T12:05:48+00:00\" \/>\n<meta property=\"og:image\" content=\"http:\/\/www.johanna-swist.de\/wpjs\/wp-content\/uploads\/2022\/04\/Logo-2-1-300x85.jpg\" \/>\n<meta name=\"twitter:card\" content=\"summary_large_image\" \/>\n<meta name=\"twitter:label1\" content=\"Gesch\u00e4tzte Lesezeit\" \/>\n\t<meta name=\"twitter:data1\" content=\"3\u00a0Minuten\" \/>\n<script type=\"application\/ld+json\" class=\"yoast-schema-graph\">{\"@context\":\"https:\\\/\\\/schema.org\",\"@graph\":[{\"@type\":\"WebPage\",\"@id\":\"http:\\\/\\\/www.johanna-swist.de\\\/wpjs\\\/de\\\/verkehrsrecht\\\/\",\"url\":\"http:\\\/\\\/www.johanna-swist.de\\\/wpjs\\\/de\\\/verkehrsrecht\\\/\",\"name\":\"Verkehrsrecht | Rechtsanwalt in D\u00fcsseldorf\",\"isPartOf\":{\"@id\":\"http:\\\/\\\/www.johanna-swist.de\\\/wpjs\\\/#website\"},\"primaryImageOfPage\":{\"@id\":\"http:\\\/\\\/www.johanna-swist.de\\\/wpjs\\\/de\\\/verkehrsrecht\\\/#primaryimage\"},\"image\":{\"@id\":\"http:\\\/\\\/www.johanna-swist.de\\\/wpjs\\\/de\\\/verkehrsrecht\\\/#primaryimage\"},\"thumbnailUrl\":\"http:\\\/\\\/www.johanna-swist.de\\\/wpjs\\\/wp-content\\\/uploads\\\/2022\\\/04\\\/Logo-2-1-300x85.jpg\",\"datePublished\":\"2015-06-03T20:51:01+00:00\",\"dateModified\":\"2022-06-05T12:05:48+00:00\",\"description\":\"Verkehrsrecht - Rechtsanwaltskanzlei in D\u00fcsseldorf - Kanzlei Swist in D\u00fcsseldorf - Kontakt: 0211-8759 8067 sekretariat@johanna-swist.de\",\"breadcrumb\":{\"@id\":\"http:\\\/\\\/www.johanna-swist.de\\\/wpjs\\\/de\\\/verkehrsrecht\\\/#breadcrumb\"},\"inLanguage\":\"de\",\"potentialAction\":[{\"@type\":\"ReadAction\",\"target\":[\"http:\\\/\\\/www.johanna-swist.de\\\/wpjs\\\/de\\\/verkehrsrecht\\\/\"]}]},{\"@type\":\"ImageObject\",\"inLanguage\":\"de\",\"@id\":\"http:\\\/\\\/www.johanna-swist.de\\\/wpjs\\\/de\\\/verkehrsrecht\\\/#primaryimage\",\"url\":\"http:\\\/\\\/www.johanna-swist.de\\\/wpjs\\\/wp-content\\\/uploads\\\/2022\\\/04\\\/Logo-2-1.jpg\",\"contentUrl\":\"http:\\\/\\\/www.johanna-swist.de\\\/wpjs\\\/wp-content\\\/uploads\\\/2022\\\/04\\\/Logo-2-1.jpg\",\"width\":337,\"height\":96},{\"@type\":\"BreadcrumbList\",\"@id\":\"http:\\\/\\\/www.johanna-swist.de\\\/wpjs\\\/de\\\/verkehrsrecht\\\/#breadcrumb\",\"itemListElement\":[{\"@type\":\"ListItem\",\"position\":1,\"name\":\"Startseite\",\"item\":\"http:\\\/\\\/www.johanna-swist.de\\\/wpjs\\\/pl\\\/kancelaria-2\\\/\"},{\"@type\":\"ListItem\",\"position\":2,\"name\":\"Forderungseinzug: Verkehrsrecht &#8211; ein Verkehrsunfall verursacht immer einen Schreck, dabei sollte es bleiben&#8230;\"}]},{\"@type\":\"WebSite\",\"@id\":\"http:\\\/\\\/www.johanna-swist.de\\\/wpjs\\\/#website\",\"url\":\"http:\\\/\\\/www.johanna-swist.de\\\/wpjs\\\/\",\"name\":\"swist.legal\",\"description\":\"\",\"publisher\":{\"@id\":\"http:\\\/\\\/www.johanna-swist.de\\\/wpjs\\\/#organization\"},\"potentialAction\":[{\"@type\":\"SearchAction\",\"target\":{\"@type\":\"EntryPoint\",\"urlTemplate\":\"http:\\\/\\\/www.johanna-swist.de\\\/wpjs\\\/?s={search_term_string}\"},\"query-input\":{\"@type\":\"PropertyValueSpecification\",\"valueRequired\":true,\"valueName\":\"search_term_string\"}}],\"inLanguage\":\"de\"},{\"@type\":\"Organization\",\"@id\":\"http:\\\/\\\/www.johanna-swist.de\\\/wpjs\\\/#organization\",\"name\":\"swist.legal\",\"url\":\"http:\\\/\\\/www.johanna-swist.de\\\/wpjs\\\/\",\"logo\":{\"@type\":\"ImageObject\",\"inLanguage\":\"de\",\"@id\":\"http:\\\/\\\/www.johanna-swist.de\\\/wpjs\\\/#\\\/schema\\\/logo\\\/image\\\/\",\"url\":\"http:\\\/\\\/www.johanna-swist.de\\\/wpjs\\\/wp-content\\\/uploads\\\/2022\\\/04\\\/cropped-cropped-Logo-1-1.jpg\",\"contentUrl\":\"http:\\\/\\\/www.johanna-swist.de\\\/wpjs\\\/wp-content\\\/uploads\\\/2022\\\/04\\\/cropped-cropped-Logo-1-1.jpg\",\"width\":512,\"height\":512,\"caption\":\"swist.legal\"},\"image\":{\"@id\":\"http:\\\/\\\/www.johanna-swist.de\\\/wpjs\\\/#\\\/schema\\\/logo\\\/image\\\/\"}}]}<\/script>\n<!-- \/ Yoast SEO plugin. -->","yoast_head_json":{"title":"Verkehrsrecht | Rechtsanwalt in D\u00fcsseldorf","description":"Verkehrsrecht - Rechtsanwaltskanzlei in D\u00fcsseldorf - Kanzlei Swist in D\u00fcsseldorf - Kontakt: 0211-8759 8067 sekretariat@johanna-swist.de","robots":{"index":"index","follow":"follow","max-snippet":"max-snippet:-1","max-image-preview":"max-image-preview:large","max-video-preview":"max-video-preview:-1"},"canonical":"http:\/\/www.johanna-swist.de\/wpjs\/de\/verkehrsrecht\/","og_locale":"de_DE","og_type":"article","og_title":"Verkehrsrecht | Rechtsanwalt in D\u00fcsseldorf","og_description":"Verkehrsrecht - Rechtsanwaltskanzlei in D\u00fcsseldorf - Kanzlei Swist in D\u00fcsseldorf - Kontakt: 0211-8759 8067 sekretariat@johanna-swist.de","og_url":"http:\/\/www.johanna-swist.de\/wpjs\/de\/verkehrsrecht\/","og_site_name":"swist.legal","article_modified_time":"2022-06-05T12:05:48+00:00","og_image":[{"url":"http:\/\/www.johanna-swist.de\/wpjs\/wp-content\/uploads\/2022\/04\/Logo-2-1-300x85.jpg","type":"","width":"","height":""}],"twitter_card":"summary_large_image","twitter_misc":{"Gesch\u00e4tzte Lesezeit":"3\u00a0Minuten"},"schema":{"@context":"https:\/\/schema.org","@graph":[{"@type":"WebPage","@id":"http:\/\/www.johanna-swist.de\/wpjs\/de\/verkehrsrecht\/","url":"http:\/\/www.johanna-swist.de\/wpjs\/de\/verkehrsrecht\/","name":"Verkehrsrecht | Rechtsanwalt in D\u00fcsseldorf","isPartOf":{"@id":"http:\/\/www.johanna-swist.de\/wpjs\/#website"},"primaryImageOfPage":{"@id":"http:\/\/www.johanna-swist.de\/wpjs\/de\/verkehrsrecht\/#primaryimage"},"image":{"@id":"http:\/\/www.johanna-swist.de\/wpjs\/de\/verkehrsrecht\/#primaryimage"},"thumbnailUrl":"http:\/\/www.johanna-swist.de\/wpjs\/wp-content\/uploads\/2022\/04\/Logo-2-1-300x85.jpg","datePublished":"2015-06-03T20:51:01+00:00","dateModified":"2022-06-05T12:05:48+00:00","description":"Verkehrsrecht - Rechtsanwaltskanzlei in D\u00fcsseldorf - Kanzlei Swist in D\u00fcsseldorf - Kontakt: 0211-8759 8067 sekretariat@johanna-swist.de","breadcrumb":{"@id":"http:\/\/www.johanna-swist.de\/wpjs\/de\/verkehrsrecht\/#breadcrumb"},"inLanguage":"de","potentialAction":[{"@type":"ReadAction","target":["http:\/\/www.johanna-swist.de\/wpjs\/de\/verkehrsrecht\/"]}]},{"@type":"ImageObject","inLanguage":"de","@id":"http:\/\/www.johanna-swist.de\/wpjs\/de\/verkehrsrecht\/#primaryimage","url":"http:\/\/www.johanna-swist.de\/wpjs\/wp-content\/uploads\/2022\/04\/Logo-2-1.jpg","contentUrl":"http:\/\/www.johanna-swist.de\/wpjs\/wp-content\/uploads\/2022\/04\/Logo-2-1.jpg","width":337,"height":96},{"@type":"BreadcrumbList","@id":"http:\/\/www.johanna-swist.de\/wpjs\/de\/verkehrsrecht\/#breadcrumb","itemListElement":[{"@type":"ListItem","position":1,"name":"Startseite","item":"http:\/\/www.johanna-swist.de\/wpjs\/pl\/kancelaria-2\/"},{"@type":"ListItem","position":2,"name":"Forderungseinzug: Verkehrsrecht &#8211; ein Verkehrsunfall verursacht immer einen Schreck, dabei sollte es bleiben&#8230;"}]},{"@type":"WebSite","@id":"http:\/\/www.johanna-swist.de\/wpjs\/#website","url":"http:\/\/www.johanna-swist.de\/wpjs\/","name":"swist.legal","description":"","publisher":{"@id":"http:\/\/www.johanna-swist.de\/wpjs\/#organization"},"potentialAction":[{"@type":"SearchAction","target":{"@type":"EntryPoint","urlTemplate":"http:\/\/www.johanna-swist.de\/wpjs\/?s={search_term_string}"},"query-input":{"@type":"PropertyValueSpecification","valueRequired":true,"valueName":"search_term_string"}}],"inLanguage":"de"},{"@type":"Organization","@id":"http:\/\/www.johanna-swist.de\/wpjs\/#organization","name":"swist.legal","url":"http:\/\/www.johanna-swist.de\/wpjs\/","logo":{"@type":"ImageObject","inLanguage":"de","@id":"http:\/\/www.johanna-swist.de\/wpjs\/#\/schema\/logo\/image\/","url":"http:\/\/www.johanna-swist.de\/wpjs\/wp-content\/uploads\/2022\/04\/cropped-cropped-Logo-1-1.jpg","contentUrl":"http:\/\/www.johanna-swist.de\/wpjs\/wp-content\/uploads\/2022\/04\/cropped-cropped-Logo-1-1.jpg","width":512,"height":512,"caption":"swist.legal"},"image":{"@id":"http:\/\/www.johanna-swist.de\/wpjs\/#\/schema\/logo\/image\/"}}]}},"_links":{"self":[{"href":"http:\/\/www.johanna-swist.de\/wpjs\/wp-json\/wp\/v2\/pages\/38","targetHints":{"allow":["GET"]}}],"collection":[{"href":"http:\/\/www.johanna-swist.de\/wpjs\/wp-json\/wp\/v2\/pages"}],"about":[{"href":"http:\/\/www.johanna-swist.de\/wpjs\/wp-json\/wp\/v2\/types\/page"}],"author":[{"embeddable":true,"href":"http:\/\/www.johanna-swist.de\/wpjs\/wp-json\/wp\/v2\/users\/1"}],"replies":[{"embeddable":true,"href":"http:\/\/www.johanna-swist.de\/wpjs\/wp-json\/wp\/v2\/comments?post=38"}],"version-history":[{"count":26,"href":"http:\/\/www.johanna-swist.de\/wpjs\/wp-json\/wp\/v2\/pages\/38\/revisions"}],"predecessor-version":[{"id":7562,"href":"http:\/\/www.johanna-swist.de\/wpjs\/wp-json\/wp\/v2\/pages\/38\/revisions\/7562"}],"wp:attachment":[{"href":"http:\/\/www.johanna-swist.de\/wpjs\/wp-json\/wp\/v2\/media?parent=38"}],"curies":[{"name":"wp","href":"https:\/\/api.w.org\/{rel}","templated":true}]}}