{"id":3389,"date":"2020-06-13T05:10:10","date_gmt":"2020-06-13T05:10:10","guid":{"rendered":"http:\/\/www.johanna-swist.de\/wpjs\/?page_id=3389"},"modified":"2025-10-31T08:53:37","modified_gmt":"2025-10-31T08:53:37","slug":"unsere-dienstleistungen-an-unternehmer-und-gewerbetreibende","status":"publish","type":"page","link":"http:\/\/www.johanna-swist.de\/wpjs\/de\/unsere-dienstleistungen-an-unternehmer-und-gewerbetreibende\/","title":{"rendered":"Rechtliche Dienstleistungen f\u00fcr Unternehmer und Gewerbetreibende"},"content":{"rendered":"<p>&nbsp;<\/p>\n<p>&nbsp;<\/p>\n<h1 style=\"text-align: center;\">Unternehmer und Gewerbetreibende ben\u00f6tigen regelm\u00e4\u00dfig anwaltliche Dienstleistungen<\/h1>\n<p>&nbsp;<\/p>\n<p>&nbsp;<\/p>\n<p style=\"text-align: justify;\"><span style=\"color: #000000;\">Als Unternehmer oder Gewerbetreibende steht man im Gesch\u00e4ftsleben immer wieder vor juristischen Fragestellungen. Wir bieten Ihnen unsere juristischen Dienstleistungen sowohl als st\u00e4ndige Hilfe als auch bei Einzelfragen an. <\/span><\/p>\n<p style=\"text-align: justify;\"><span style=\"color: #000000;\">Im Einzelnen unterst\u00fctzen wir Sie in den folgenden Bereichen:<\/span><\/p>\n<p>&nbsp;<\/p>\n<p>&nbsp;<\/p>\n<p style=\"text-align: center;\"><a class=\"maxbutton-2 maxbutton maxbutton-forderungsmanagement\" title=\"Forderungseinzug: immer, wenn Schuldner nicht zahlen wollen...\" href=\"http:\/\/www.johanna-swist.de\/wpjs\/de\/forderungseinzug\/\"><span class='mb-text'>Forderungen<\/span><\/a><\/p>\n<p style=\"text-align: center;\"><a class=\"maxbutton-3 maxbutton maxbutton-externes-personalburo\" title=\"Arbeitsrecht\" href=\"http:\/\/www.johanna-swist.de\/wpjs\/de\/arbeitsrecht\/\"><span class='mb-text'>Arbeitsrecht<\/span><\/a><\/p>\n<p style=\"text-align: center;\"><a class=\"maxbutton-1 maxbutton maxbutton-kunstmanagement\" title=\"Erbrecht\" href=\"http:\/\/www.johanna-swist.de\/wpjs\/de\/erbrecht\/\"><span class='mb-text'>Erbrecht<\/span><\/a><\/p>\n<p style=\"text-align: center;\"><a class=\"maxbutton-107 maxbutton\" title=\"Bildrecht\" href=\"https:\/\/www.johanna-swist.de\/wpjs\/de\/bildrecht\/\"><span class='mb-text'>Bildrecht<\/span><\/a><\/p>\n<p>&nbsp;<\/p>\n<p>&nbsp;<\/p>\n<p style=\"text-align: center;\"><a class=\"maxbutton-71 maxbutton maxbutton-gewerblicher-rechtschutz\" href=\"https:\/\/www.johanna-swist.de\/wpjs\/de\/gewerblicher-rechtschutz\/\"><span class='mb-text'>Gewerblicher Rechtschutz<\/span><\/a><\/p>\n<p style=\"text-align: center;\"><a class=\"maxbutton-72 maxbutton maxbutton-geistiges-eigentum\" href=\"https:\/\/www.johanna-swist.de\/wpjs\/de\/geistiges-eigentum\/\"><span class='mb-text'>Geistiges Eigentum<\/span><\/a><\/p>\n<p style=\"text-align: center;\"><a class=\"maxbutton-73 maxbutton maxbutton-markenrecht\" href=\"https:\/\/www.johanna-swist.de\/wpjs\/de\/infothek-markenrecht\/\"><span class='mb-text'>Markenrecht<\/span><\/a><\/p>\n<p style=\"text-align: center;\"><a class=\"maxbutton-74 maxbutton maxbutton-urheberrecht\" title=\"Urheberrecht\" href=\"https:\/\/www.johanna-swist.de\/wpjs\/de\/urheberrecht\/\"><span class='mb-text'>Urheberrecht<\/span><\/a><\/p>\n<p style=\"text-align: center;\"><a class=\"maxbutton-75 maxbutton maxbutton-medienrecht\" title=\"Medienrecht\" href=\"https:\/\/www.johanna-swist.de\/wpjs\/de\/medienrecht\/\"><span class='mb-text'>Medienrecht<\/span><\/a><\/p>\n<p style=\"text-align: center;\"><a class=\"maxbutton-76 maxbutton maxbutton-neue-medien\" title=\"Neue Medien\" href=\"https:\/\/www.johanna-swist.de\/wpjs\/de\/infothek-neue-medien\/\"><span class='mb-text'>Neue Medien<\/span><\/a><\/p>\n<p>&nbsp;<\/p>\n<p>&nbsp;<\/p>\n<p style=\"text-align: center;\"><a class=\"maxbutton-77 maxbutton maxbutton-steuerrecht\" title=\"Steuerrecht\" href=\"https:\/\/www.johanna-swist.de\/wpjs\/de\/steuern\/\"><span class='mb-text'>Steuerrecht<\/span><\/a><\/p>\n<p style=\"text-align: center;\"><a class=\"maxbutton-78 maxbutton maxbutton-buchhaltung\" href=\"https:\/\/www.johanna-swist.de\/wpjs\/de\/infothek-buchhaltung\/\"><span class='mb-text'>Buchhaltung<\/span><\/a><\/p>\n<p>&nbsp;<\/p>\n<p>&nbsp;<\/p>\n<p style=\"text-align: right;\"><em>\u00a0<span style=\"color: #000000;\">swist.legal &#8211; Rechtsanwaltskanzlei in D\u00fcsseldorf<br \/>\n<\/span><span style=\"color: #000000;\">Ihr Recht in unseren treuen H\u00e4nden<\/span><\/em><\/p>\n<p>&nbsp;<\/p>\n<p>&nbsp;<\/p>\n<p>&nbsp;<\/p>\n<h2 style=\"text-align: center;\"><span style=\"color: #000000;\">Kontakt zur Rechtsanwaltskanzlei in D\u00fcsseldorf<\/span><\/h2>\n<p>&nbsp;<\/p>\n<p><span style=\"color: #000000;\">Sie haben ein juristisches Problem, bei dem Ihnen ein Rechtsanwalt behilflich sein kann, dann schicken Sie uns eine E-Mail mit einer Darstellung Ihres Problems.<\/span><\/p>\n<p>&nbsp;<\/p>\n<p style=\"text-align: justify;\"><div class=\"specialtext-content-left effect\"><\/p>\n<p>&nbsp;<\/p>\n<h3 style=\"text-align: center;\"><span style=\"color: #000000;\">Schreiben Sie uns an:<br \/>\n<\/span><span style=\"color: #487693;\">sekretariat@johanna-swist.de<\/span><\/h3>\n<h5 style=\"text-align: center;\"><span style=\"color: #000000;\">oder\u00a0<\/span><\/h5>\n<h3 style=\"text-align: center;\"><span style=\"color: #000000;\">Rufen Sie uns an:<br \/>\n<\/span><span style=\"color: #2f2f80;\">0211 &#8211; 8759\u00a0 8067.<\/span><\/h3>\n<p>&nbsp;<\/p>\n<h2 style=\"text-align: center;\"><span style=\"color: #a0843d;\"><span style=\"color: #ffffff;\">&#8211;<\/span>Wir schenken Ihnen unsere ganze Aufmerksamkeit!<span style=\"color: #ffffff;\">&#8211;<\/span><\/span><\/h2>\n<p style=\"text-align: center;\"><span style=\"color: #ffffff;\">&#8212;&#8212;&#8212;&#8212;&#8212;&#8212;&#8212;&#8212;&#8212;&#8212;&#8212;&#8212;&#8212;&#8212;&#8212;&#8212;&#8212;&#8212;-<\/span><\/p>\n<p><\/div><\/p>\n<p>&nbsp;<\/p>\n<p style=\"text-align: center;\"><strong><a class=\"maxbutton-109 maxbutton\" href=\"javascript:void(0);\"><\/a><\/strong><\/p>\n<p>&nbsp;<\/p>\n<p><a href=\"http:\/\/www.johanna-swist.de\/wpjs\/de\/kanzlei\/\"><img loading=\"lazy\" decoding=\"async\" class=\"Rechtsanwaltskanzlei in D\u00fcsseldorf aligncenter wp-image-7490\" title=\"Rechtsanwaltskanzlei in D\u00fcsseldorf\" src=\"http:\/\/www.johanna-swist.de\/wpjs\/wp-content\/uploads\/2022\/04\/Logo-2-1-300x85.jpg\" alt=\"Rechtsanwaltskanzlei in D\u00fcsseldorf\" width=\"364\" height=\"103\" srcset=\"http:\/\/www.johanna-swist.de\/wpjs\/wp-content\/uploads\/2022\/04\/Logo-2-1-300x85.jpg 300w, http:\/\/www.johanna-swist.de\/wpjs\/wp-content\/uploads\/2022\/04\/Logo-2-1.jpg 337w\" sizes=\"auto, (max-width: 364px) 100vw, 364px\" \/><\/a><\/p>\n<p>&nbsp;<\/p>\n<p>&nbsp;<\/p>\n<p>&nbsp;<\/p>\n<p>&nbsp;<\/p>\n","protected":false},"excerpt":{"rendered":"<p>Unsere Rechtsanwaltskanzlei in D\u00fcsseldorf erbringt anwaltliche Leistungen an Unternehmer und Gewerbetreibende. Erfahren Sie hier, was wir f\u00fcr Sie tun k\u00f6nnen.<\/p>\n","protected":false},"author":1,"featured_media":2318,"parent":0,"menu_order":0,"comment_status":"closed","ping_status":"closed","template":"","meta":{"om_disable_all_campaigns":false,"_monsterinsights_skip_tracking":false,"_monsterinsights_sitenote_active":false,"_monsterinsights_sitenote_note":"","_monsterinsights_sitenote_category":0,"_uf_show_specific_survey":0,"_uf_disable_surveys":false,"footnotes":""},"class_list":["post-3389","page","type-page","status-publish","has-post-thumbnail","hentry"],"yoast_head":"<!-- This site is optimized with the Yoast SEO plugin v27.3 - https:\/\/yoast.com\/product\/yoast-seo-wordpress\/ -->\n<title>Rechtliche Dienstleistungen f\u00fcr Unternehmer | Kanzlei swist.legal<\/title>\n<meta name=\"description\" content=\"Rechtliche Dienstleistungen f\u00fcr Unternehmer - Kanzlei swist.legal - Kontakt: 0211-8759 8067 sekretariat@johanna-swist.de\" \/>\n<meta name=\"robots\" content=\"index, follow, max-snippet:-1, max-image-preview:large, max-video-preview:-1\" \/>\n<link rel=\"canonical\" href=\"http:\/\/www.johanna-swist.de\/wpjs\/de\/unsere-dienstleistungen-an-unternehmer-und-gewerbetreibende\/\" \/>\n<meta property=\"og:locale\" content=\"de_DE\" \/>\n<meta property=\"og:type\" content=\"article\" \/>\n<meta property=\"og:title\" content=\"Rechtliche Dienstleistungen f\u00fcr Unternehmer | Kanzlei swist.legal\" \/>\n<meta property=\"og:description\" content=\"Rechtliche Dienstleistungen f\u00fcr Unternehmer - Kanzlei swist.legal - Kontakt: 0211-8759 8067 sekretariat@johanna-swist.de\" \/>\n<meta property=\"og:url\" content=\"http:\/\/www.johanna-swist.de\/wpjs\/de\/unsere-dienstleistungen-an-unternehmer-und-gewerbetreibende\/\" \/>\n<meta property=\"og:site_name\" content=\"swist.legal\" \/>\n<meta property=\"article:modified_time\" content=\"2025-10-31T08:53:37+00:00\" \/>\n<meta property=\"og:image\" content=\"https:\/\/www.johanna-swist.de\/wpjs\/wp-content\/uploads\/2017\/10\/Johanna-xy.jpg\" \/>\n\t<meta property=\"og:image:width\" content=\"626\" \/>\n\t<meta property=\"og:image:height\" content=\"926\" \/>\n\t<meta property=\"og:image:type\" content=\"image\/jpeg\" \/>\n<meta name=\"twitter:card\" content=\"summary_large_image\" \/>\n<meta name=\"twitter:label1\" content=\"Gesch\u00e4tzte Lesezeit\" \/>\n\t<meta name=\"twitter:data1\" content=\"2\u00a0Minuten\" \/>\n<script type=\"application\/ld+json\" class=\"yoast-schema-graph\">{\"@context\":\"https:\\\/\\\/schema.org\",\"@graph\":[{\"@type\":\"WebPage\",\"@id\":\"http:\\\/\\\/www.johanna-swist.de\\\/wpjs\\\/de\\\/unsere-dienstleistungen-an-unternehmer-und-gewerbetreibende\\\/\",\"url\":\"http:\\\/\\\/www.johanna-swist.de\\\/wpjs\\\/de\\\/unsere-dienstleistungen-an-unternehmer-und-gewerbetreibende\\\/\",\"name\":\"Rechtliche Dienstleistungen f\u00fcr Unternehmer | Kanzlei swist.legal\",\"isPartOf\":{\"@id\":\"http:\\\/\\\/www.johanna-swist.de\\\/wpjs\\\/#website\"},\"primaryImageOfPage\":{\"@id\":\"http:\\\/\\\/www.johanna-swist.de\\\/wpjs\\\/de\\\/unsere-dienstleistungen-an-unternehmer-und-gewerbetreibende\\\/#primaryimage\"},\"image\":{\"@id\":\"http:\\\/\\\/www.johanna-swist.de\\\/wpjs\\\/de\\\/unsere-dienstleistungen-an-unternehmer-und-gewerbetreibende\\\/#primaryimage\"},\"thumbnailUrl\":\"http:\\\/\\\/www.johanna-swist.de\\\/wpjs\\\/wp-content\\\/uploads\\\/2017\\\/10\\\/Johanna-xy.jpg\",\"datePublished\":\"2020-06-13T05:10:10+00:00\",\"dateModified\":\"2025-10-31T08:53:37+00:00\",\"description\":\"Rechtliche Dienstleistungen f\u00fcr Unternehmer - Kanzlei swist.legal - Kontakt: 0211-8759 8067 sekretariat@johanna-swist.de\",\"breadcrumb\":{\"@id\":\"http:\\\/\\\/www.johanna-swist.de\\\/wpjs\\\/de\\\/unsere-dienstleistungen-an-unternehmer-und-gewerbetreibende\\\/#breadcrumb\"},\"inLanguage\":\"de\",\"potentialAction\":[{\"@type\":\"ReadAction\",\"target\":[\"http:\\\/\\\/www.johanna-swist.de\\\/wpjs\\\/de\\\/unsere-dienstleistungen-an-unternehmer-und-gewerbetreibende\\\/\"]}]},{\"@type\":\"ImageObject\",\"inLanguage\":\"de\",\"@id\":\"http:\\\/\\\/www.johanna-swist.de\\\/wpjs\\\/de\\\/unsere-dienstleistungen-an-unternehmer-und-gewerbetreibende\\\/#primaryimage\",\"url\":\"http:\\\/\\\/www.johanna-swist.de\\\/wpjs\\\/wp-content\\\/uploads\\\/2017\\\/10\\\/Johanna-xy.jpg\",\"contentUrl\":\"http:\\\/\\\/www.johanna-swist.de\\\/wpjs\\\/wp-content\\\/uploads\\\/2017\\\/10\\\/Johanna-xy.jpg\",\"width\":626,\"height\":926,\"caption\":\"Polskoj\u0119zyczny adwokat w Niemczech\"},{\"@type\":\"BreadcrumbList\",\"@id\":\"http:\\\/\\\/www.johanna-swist.de\\\/wpjs\\\/de\\\/unsere-dienstleistungen-an-unternehmer-und-gewerbetreibende\\\/#breadcrumb\",\"itemListElement\":[{\"@type\":\"ListItem\",\"position\":1,\"name\":\"Startseite\",\"item\":\"http:\\\/\\\/www.johanna-swist.de\\\/wpjs\\\/pl\\\/kancelaria-2\\\/\"},{\"@type\":\"ListItem\",\"position\":2,\"name\":\"Rechtliche Dienstleistungen f\u00fcr Unternehmer und Gewerbetreibende\"}]},{\"@type\":\"WebSite\",\"@id\":\"http:\\\/\\\/www.johanna-swist.de\\\/wpjs\\\/#website\",\"url\":\"http:\\\/\\\/www.johanna-swist.de\\\/wpjs\\\/\",\"name\":\"swist.legal\",\"description\":\"\",\"publisher\":{\"@id\":\"http:\\\/\\\/www.johanna-swist.de\\\/wpjs\\\/#organization\"},\"potentialAction\":[{\"@type\":\"SearchAction\",\"target\":{\"@type\":\"EntryPoint\",\"urlTemplate\":\"http:\\\/\\\/www.johanna-swist.de\\\/wpjs\\\/?s={search_term_string}\"},\"query-input\":{\"@type\":\"PropertyValueSpecification\",\"valueRequired\":true,\"valueName\":\"search_term_string\"}}],\"inLanguage\":\"de\"},{\"@type\":\"Organization\",\"@id\":\"http:\\\/\\\/www.johanna-swist.de\\\/wpjs\\\/#organization\",\"name\":\"swist.legal\",\"url\":\"http:\\\/\\\/www.johanna-swist.de\\\/wpjs\\\/\",\"logo\":{\"@type\":\"ImageObject\",\"inLanguage\":\"de\",\"@id\":\"http:\\\/\\\/www.johanna-swist.de\\\/wpjs\\\/#\\\/schema\\\/logo\\\/image\\\/\",\"url\":\"http:\\\/\\\/www.johanna-swist.de\\\/wpjs\\\/wp-content\\\/uploads\\\/2022\\\/04\\\/cropped-cropped-Logo-1-1.jpg\",\"contentUrl\":\"http:\\\/\\\/www.johanna-swist.de\\\/wpjs\\\/wp-content\\\/uploads\\\/2022\\\/04\\\/cropped-cropped-Logo-1-1.jpg\",\"width\":512,\"height\":512,\"caption\":\"swist.legal\"},\"image\":{\"@id\":\"http:\\\/\\\/www.johanna-swist.de\\\/wpjs\\\/#\\\/schema\\\/logo\\\/image\\\/\"}}]}<\/script>\n<!-- \/ Yoast SEO plugin. -->","yoast_head_json":{"title":"Rechtliche Dienstleistungen f\u00fcr Unternehmer | Kanzlei swist.legal","description":"Rechtliche Dienstleistungen f\u00fcr Unternehmer - Kanzlei swist.legal - Kontakt: 0211-8759 8067 sekretariat@johanna-swist.de","robots":{"index":"index","follow":"follow","max-snippet":"max-snippet:-1","max-image-preview":"max-image-preview:large","max-video-preview":"max-video-preview:-1"},"canonical":"http:\/\/www.johanna-swist.de\/wpjs\/de\/unsere-dienstleistungen-an-unternehmer-und-gewerbetreibende\/","og_locale":"de_DE","og_type":"article","og_title":"Rechtliche Dienstleistungen f\u00fcr Unternehmer | Kanzlei swist.legal","og_description":"Rechtliche Dienstleistungen f\u00fcr Unternehmer - Kanzlei swist.legal - Kontakt: 0211-8759 8067 sekretariat@johanna-swist.de","og_url":"http:\/\/www.johanna-swist.de\/wpjs\/de\/unsere-dienstleistungen-an-unternehmer-und-gewerbetreibende\/","og_site_name":"swist.legal","article_modified_time":"2025-10-31T08:53:37+00:00","og_image":[{"width":626,"height":926,"url":"https:\/\/www.johanna-swist.de\/wpjs\/wp-content\/uploads\/2017\/10\/Johanna-xy.jpg","type":"image\/jpeg"}],"twitter_card":"summary_large_image","twitter_misc":{"Gesch\u00e4tzte Lesezeit":"2\u00a0Minuten"},"schema":{"@context":"https:\/\/schema.org","@graph":[{"@type":"WebPage","@id":"http:\/\/www.johanna-swist.de\/wpjs\/de\/unsere-dienstleistungen-an-unternehmer-und-gewerbetreibende\/","url":"http:\/\/www.johanna-swist.de\/wpjs\/de\/unsere-dienstleistungen-an-unternehmer-und-gewerbetreibende\/","name":"Rechtliche Dienstleistungen f\u00fcr Unternehmer | Kanzlei swist.legal","isPartOf":{"@id":"http:\/\/www.johanna-swist.de\/wpjs\/#website"},"primaryImageOfPage":{"@id":"http:\/\/www.johanna-swist.de\/wpjs\/de\/unsere-dienstleistungen-an-unternehmer-und-gewerbetreibende\/#primaryimage"},"image":{"@id":"http:\/\/www.johanna-swist.de\/wpjs\/de\/unsere-dienstleistungen-an-unternehmer-und-gewerbetreibende\/#primaryimage"},"thumbnailUrl":"http:\/\/www.johanna-swist.de\/wpjs\/wp-content\/uploads\/2017\/10\/Johanna-xy.jpg","datePublished":"2020-06-13T05:10:10+00:00","dateModified":"2025-10-31T08:53:37+00:00","description":"Rechtliche Dienstleistungen f\u00fcr Unternehmer - Kanzlei swist.legal - Kontakt: 0211-8759 8067 sekretariat@johanna-swist.de","breadcrumb":{"@id":"http:\/\/www.johanna-swist.de\/wpjs\/de\/unsere-dienstleistungen-an-unternehmer-und-gewerbetreibende\/#breadcrumb"},"inLanguage":"de","potentialAction":[{"@type":"ReadAction","target":["http:\/\/www.johanna-swist.de\/wpjs\/de\/unsere-dienstleistungen-an-unternehmer-und-gewerbetreibende\/"]}]},{"@type":"ImageObject","inLanguage":"de","@id":"http:\/\/www.johanna-swist.de\/wpjs\/de\/unsere-dienstleistungen-an-unternehmer-und-gewerbetreibende\/#primaryimage","url":"http:\/\/www.johanna-swist.de\/wpjs\/wp-content\/uploads\/2017\/10\/Johanna-xy.jpg","contentUrl":"http:\/\/www.johanna-swist.de\/wpjs\/wp-content\/uploads\/2017\/10\/Johanna-xy.jpg","width":626,"height":926,"caption":"Polskoj\u0119zyczny adwokat w Niemczech"},{"@type":"BreadcrumbList","@id":"http:\/\/www.johanna-swist.de\/wpjs\/de\/unsere-dienstleistungen-an-unternehmer-und-gewerbetreibende\/#breadcrumb","itemListElement":[{"@type":"ListItem","position":1,"name":"Startseite","item":"http:\/\/www.johanna-swist.de\/wpjs\/pl\/kancelaria-2\/"},{"@type":"ListItem","position":2,"name":"Rechtliche Dienstleistungen f\u00fcr Unternehmer und Gewerbetreibende"}]},{"@type":"WebSite","@id":"http:\/\/www.johanna-swist.de\/wpjs\/#website","url":"http:\/\/www.johanna-swist.de\/wpjs\/","name":"swist.legal","description":"","publisher":{"@id":"http:\/\/www.johanna-swist.de\/wpjs\/#organization"},"potentialAction":[{"@type":"SearchAction","target":{"@type":"EntryPoint","urlTemplate":"http:\/\/www.johanna-swist.de\/wpjs\/?s={search_term_string}"},"query-input":{"@type":"PropertyValueSpecification","valueRequired":true,"valueName":"search_term_string"}}],"inLanguage":"de"},{"@type":"Organization","@id":"http:\/\/www.johanna-swist.de\/wpjs\/#organization","name":"swist.legal","url":"http:\/\/www.johanna-swist.de\/wpjs\/","logo":{"@type":"ImageObject","inLanguage":"de","@id":"http:\/\/www.johanna-swist.de\/wpjs\/#\/schema\/logo\/image\/","url":"http:\/\/www.johanna-swist.de\/wpjs\/wp-content\/uploads\/2022\/04\/cropped-cropped-Logo-1-1.jpg","contentUrl":"http:\/\/www.johanna-swist.de\/wpjs\/wp-content\/uploads\/2022\/04\/cropped-cropped-Logo-1-1.jpg","width":512,"height":512,"caption":"swist.legal"},"image":{"@id":"http:\/\/www.johanna-swist.de\/wpjs\/#\/schema\/logo\/image\/"}}]}},"_links":{"self":[{"href":"http:\/\/www.johanna-swist.de\/wpjs\/wp-json\/wp\/v2\/pages\/3389","targetHints":{"allow":["GET"]}}],"collection":[{"href":"http:\/\/www.johanna-swist.de\/wpjs\/wp-json\/wp\/v2\/pages"}],"about":[{"href":"http:\/\/www.johanna-swist.de\/wpjs\/wp-json\/wp\/v2\/types\/page"}],"author":[{"embeddable":true,"href":"http:\/\/www.johanna-swist.de\/wpjs\/wp-json\/wp\/v2\/users\/1"}],"replies":[{"embeddable":true,"href":"http:\/\/www.johanna-swist.de\/wpjs\/wp-json\/wp\/v2\/comments?post=3389"}],"version-history":[{"count":38,"href":"http:\/\/www.johanna-swist.de\/wpjs\/wp-json\/wp\/v2\/pages\/3389\/revisions"}],"predecessor-version":[{"id":8231,"href":"http:\/\/www.johanna-swist.de\/wpjs\/wp-json\/wp\/v2\/pages\/3389\/revisions\/8231"}],"wp:featuredmedia":[{"embeddable":true,"href":"http:\/\/www.johanna-swist.de\/wpjs\/wp-json\/wp\/v2\/media\/2318"}],"wp:attachment":[{"href":"http:\/\/www.johanna-swist.de\/wpjs\/wp-json\/wp\/v2\/media?parent=3389"}],"curies":[{"name":"wp","href":"https:\/\/api.w.org\/{rel}","templated":true}]}}