{"id":234,"date":"2015-06-15T23:30:37","date_gmt":"2015-06-15T23:30:37","guid":{"rendered":"http:\/\/johanna-swist.de\/wpjs\/?page_id=234"},"modified":"2022-06-12T12:57:17","modified_gmt":"2022-06-12T12:57:17","slug":"prawo-komunikacyjne","status":"publish","type":"page","link":"http:\/\/www.johanna-swist.de\/wpjs\/pl\/prawo-komunikacyjne\/","title":{"rendered":"Windykacja roszcze\u0144 w Niemczech -prawo drogowe"},"content":{"rendered":"<p>&nbsp;<\/p>\n<h1 style=\"text-align: center;\"><span style=\"color: #000000;\">Zakres naszych us\u0142ug w prawie drogowym<\/span><\/h1>\n<p>&nbsp;<\/p>\n<p style=\"text-align: justify;\"><span style=\"color: #000000;\">Dalsz\u0105 dziedzin\u0105, kt\u00f3r\u0105 si\u0119 \u015bci\u015ble zajmujemy, jest prawo komunikacyjne.<\/span><\/p>\n<p style=\"text-align: justify;\"><span style=\"color: #000000;\">G\u0142\u00f3wn\u0105 kwesti\u0105 w tym zakresie jest wypadek komunikacyjny, niezale\u017cnie czy odby\u0142 si\u0119 w Niemczech czy w Polsce.<\/span><\/p>\n<p style=\"text-align: justify;\"><span style=\"color: #000000;\">W ramach regulacji odszkodowania korespondujemy z polskimi i niemieckimi ubezpieczalniami, reprezentujemy naszych klient\u00f3w s\u0105dowo i poza s\u0105dowo.<\/span><\/p>\n<p style=\"text-align: justify;\"><span style=\"color: #000000;\">Dzia\u0142amy dla Pa\u0144stwa przy oszacowaniu szkody przez rzeczoznawc\u0119 i \u017c\u0105damy odszkodowanie za ubytki na zdrowiu. Ustalmy z klientem szkod\u0119, kt\u00f3ra jest do uregulowania przez ubezpieczenialnie lub osob\u0119 prywatn\u0105.<\/span><\/p>\n<p style=\"text-align: justify;\"><span style=\"color: #000000;\">Reprezentujemy naszych klient\u00f3w przy obronie w przypadku mandat\u00f3w oraz przest\u0119pstw drogowych.<\/span><\/p>\n<p style=\"text-align: justify;\"><span style=\"color: #000000;\">Doradzamy oraz reprezentujemy naszych klient\u00f3w w dziedzinie prawa drogowego.<\/span><br \/>\n<span style=\"color: #000000;\"> W szczeg\u00f3lno\u015bci pomagamy naszym klientom, je\u017celi wypadek mia\u0142 miejsce w Polsce, w Niemczech lub te\u017c w sprawach transgranicznych.<\/span><\/p>\n<p style=\"text-align: justify;\"><span style=\"color: #000000;\">Oferujemy nasz\u0105 pomoc prawn\u0105 w zakresie prawa drogowego w nast\u0119puj\u0105cych sytuacjach:<\/span><\/p>\n<ul style=\"text-align: justify;\">\n<li><span style=\"color: #000000;\">okaleczenia cia\u0142a lub \u015bmierci,<\/span><\/li>\n<li><span style=\"color: #000000;\">zagro\u017cenia na drodze,<\/span><\/li>\n<li>j<span style=\"color: #000000;\">azdy bez prawa jazdy,<\/span><\/li>\n<li>u<span style=\"color: #000000;\">cieczka z miejsca wypadku,<\/span><\/li>\n<li><span style=\"color: #000000;\">lekcewa\u017cenia zakazu zatrzymywania si\u0119,<\/span><\/li>\n<li><span style=\"color: #000000;\">zatrzymywania pojazdu na autostradzie,<\/span><\/li>\n<li><span style=\"color: #000000;\">lekcewa\u017cenia zakazu parkowania,<\/span><\/li>\n<li><span style=\"color: #000000;\">nie zapi\u0119cia pas\u00f3w bezpiecze\u0144stwa,<\/span><\/li>\n<li><span style=\"color: #000000;\">niezachowania szczeg\u00f3lnej ostro\u017cno\u015bci podczas kierowania pojazdem,<\/span><\/li>\n<li><span style=\"color: #000000;\">niewykonania badania technicznego,<\/span><\/li>\n<li><span style=\"color: #000000;\">niedozwolonego wyprzedzania,<\/span><\/li>\n<li><span style=\"color: #000000;\">u\u017cywania telefonu podczas kierowania pojazdem,<\/span><\/li>\n<li><span style=\"color: #000000;\">przekroczenia pr\u0119dko\u015bci kieruj\u0105c samoch\u00f3d lub rower,<\/span><\/li>\n<li><span style=\"color: #000000;\">niezachowania wymaganej odleg\u0142o\u015bci podczas jazdy,<\/span><\/li>\n<li><span style=\"color: #000000;\">jazdy na czerwonym \u015bwietle,<\/span><\/li>\n<li><span style=\"color: #000000;\">utrudniania ruchu pieszym,<\/span><\/li>\n<li><span style=\"color: #000000;\">jazdy w niew\u0142a\u015bciwym kierunku,<\/span><\/li>\n<li><span style=\"color: #000000;\">jazdy po wp\u0142ywem alkoholu lub narkotyk\u00f3w.<\/span><\/li>\n<\/ul>\n<p style=\"text-align: justify;\"><span style=\"color: #000000;\">Reprezentujemy interesy prawne naszych klient\u00f3w w nast\u0119puj\u0105cych procedurach:<\/span><\/p>\n<ul style=\"text-align: justify;\">\n<li><span style=\"color: #000000;\">w sprawach karnych w ruchu drogowym, je\u015bli nasi klienci broni\u0105 si\u0119 przed zarzutem wykroczenia lub przest\u0119pstwa w ruchu drogowym,<\/span><\/li>\n<li><span style=\"color: #000000;\">w zakresie prawa administracyjnego, je\u015bli nasi klienci broni\u0105 si\u0119 przeciwko zagro\u017ceniu utraty prawa jazdy lub licencji,<\/span><\/li>\n<li><span style=\"color: #000000;\">w zakresie spraw mi\u0119dzynarodowych, kiedy nasi klienci mog\u0105 przedstawi\u0107 zagraniczny dokument prawa jazdy,<\/span><\/li>\n<li><span style=\"color: #000000;\">w sporze cywilnym o odszkodowanie z powodu wypadku samochodowego.<\/span><\/li>\n<\/ul>\n<p style=\"text-align: justify;\"><span style=\"color: #000000;\">Udzielamy naszym klientom doradztwo i nadz\u00f3r w sytuacjach powypadkowych:<\/span><\/p>\n<p style=\"text-align: justify;\"><span style=\"color: #000000;\">Zajmujemy si\u0119 kwestiami spowodowania wypadku komunikacyjnego.<\/span><\/p>\n<p style=\"text-align: justify;\"><span style=\"color: #000000;\">Uprzednio wyja\u015bniamy naszym klientom osi\u0105galno\u015b\u0107 odszkodowania, np.: wynajem samochodu lub odszkodowania za korzystanie z pojazdu zast\u0119pczego przez okres naprawy, koszty naprawy, odszkodowanie z tytu\u0142u utraty warto\u015bci, zwrotu koszt\u00f3w reprezentacji prawnej, odszkodowanie z powodu b\u00f3lu i cierpienia.<\/span><\/p>\n<p style=\"text-align: justify;\"><span style=\"color: #000000;\">\u017b\u0105damy od ubezpieczenia samochodowego oraz od drugiej strony wypadku samochodowego odszkodowania.<\/span><br \/>\n<span style=\"color: #000000;\"> Reprezentujemy naszych klient\u00f3w w procesie s\u0105dowym.<\/span><\/p>\n<p style=\"text-align: justify;\"><span style=\"color: #000000;\">Ponadto odpowiadamy naszym klientom na pytania dotycz\u0105ce:<\/span><\/p>\n<ul style=\"text-align: justify;\">\n<li><span style=\"color: #000000;\">rekomp\u0119nsaty szkody;<\/span><\/li>\n<li><span style=\"color: #000000;\">wyboru warsztatu samochodowego;<\/span><\/li>\n<li><span style=\"color: #000000;\">wyboru rzeczoznawc\u00f3w.<\/span><\/li>\n<\/ul>\n<p style=\"text-align: justify;\"><span style=\"color: #000000;\">Korespondujemy tak\u017ce z ubezpieczeniem samochodowym w j\u0119zyku polskim i niemieckim.<\/span><\/p>\n<p style=\"text-align: right;\"><span style=\"color: #000000;\"><em>Kancelaria Swist \u2013 Kancelaria w D\u00fcsseldorfie<br \/>\n<\/em><em>Adwokat w Niemczech<\/em><\/span><br \/>\n<span style=\"color: #000000;\"><em>Pa\u0144stwa prawo w naszych wiernych r\u0119kach<\/em><\/span><\/p>\n<p>[\/responsivevoice]<\/p>\n<p>&nbsp;<\/p>\n<p style=\"text-align: center;\"><span style=\"color: #999999;\">____________________________________________<\/span><\/p>\n<p>&nbsp;<\/p>\n<p>&nbsp;<\/p>\n<p><a href=\"http:\/\/www.johanna-swist.de\/wpjs\/pl\/kancelaria-2\/\"><img loading=\"lazy\" decoding=\"async\" class=\"wypadek adwokat aligncenter wp-image-7490\" title=\"wypadek adwokat\" src=\"http:\/\/www.johanna-swist.de\/wpjs\/wp-content\/uploads\/2022\/04\/Logo-2-1-300x85.jpg\" alt=\"wypadek adwokat\" width=\"498\" height=\"141\" srcset=\"http:\/\/www.johanna-swist.de\/wpjs\/wp-content\/uploads\/2022\/04\/Logo-2-1-300x85.jpg 300w, http:\/\/www.johanna-swist.de\/wpjs\/wp-content\/uploads\/2022\/04\/Logo-2-1.jpg 337w\" sizes=\"auto, (max-width: 498px) 100vw, 498px\" \/><\/a><\/p>\n<p>&nbsp;<\/p>\n<p>&nbsp;<\/p>\n<p>&nbsp;<\/p>\n<p style=\"text-align: justify;\"><div class=\"specialtext-content-left effect\"><\/p>\n<h3 style=\"text-align: center;\">Prosimy o kontakt!Tel.: <span style=\"color: #1414ff;\">+49 (0) 211 &#8211; 8759\u00a0 8066<\/span><\/h3>\n<p><\/div><\/p>\n<p>&nbsp;<\/p>\n","protected":false},"excerpt":{"rendered":"<p>&nbsp; Zakres naszych us\u0142ug w prawie drogowym &nbsp; Dalsz\u0105 dziedzin\u0105, kt\u00f3r\u0105 si\u0119 \u015bci\u015ble zajmujemy, jest prawo komunikacyjne. G\u0142\u00f3wn\u0105 kwesti\u0105 w tym zakresie jest wypadek komunikacyjny, niezale\u017cnie czy odby\u0142 si\u0119 w Niemczech czy w Polsce. W ramach regulacji odszkodowania korespondujemy z<\/p>\n","protected":false},"author":1,"featured_media":0,"parent":0,"menu_order":0,"comment_status":"closed","ping_status":"closed","template":"","meta":{"om_disable_all_campaigns":false,"_monsterinsights_skip_tracking":false,"_monsterinsights_sitenote_active":false,"_monsterinsights_sitenote_note":"","_monsterinsights_sitenote_category":0,"_uf_show_specific_survey":0,"_uf_disable_surveys":false,"footnotes":""},"class_list":["post-234","page","type-page","status-publish","hentry"],"yoast_head":"<!-- This site is optimized with the Yoast SEO plugin v27.3 - https:\/\/yoast.com\/product\/yoast-seo-wordpress\/ -->\n<title>Windykacja roszcze\u0144 w Niemczech -prawo drogowe - swist.legal<\/title>\n<meta name=\"robots\" content=\"index, follow, max-snippet:-1, max-image-preview:large, max-video-preview:-1\" \/>\n<link rel=\"canonical\" href=\"http:\/\/www.johanna-swist.de\/wpjs\/pl\/prawo-komunikacyjne\/\" \/>\n<meta property=\"og:locale\" content=\"de_DE\" \/>\n<meta property=\"og:type\" content=\"article\" \/>\n<meta property=\"og:title\" content=\"Windykacja roszcze\u0144 w Niemczech -prawo drogowe - swist.legal\" \/>\n<meta property=\"og:description\" content=\"&nbsp; Zakres naszych us\u0142ug w prawie drogowym &nbsp; Dalsz\u0105 dziedzin\u0105, kt\u00f3r\u0105 si\u0119 \u015bci\u015ble zajmujemy, jest prawo komunikacyjne. G\u0142\u00f3wn\u0105 kwesti\u0105 w tym zakresie jest wypadek komunikacyjny, niezale\u017cnie czy odby\u0142 si\u0119 w Niemczech czy w Polsce. W ramach regulacji odszkodowania korespondujemy z\" \/>\n<meta property=\"og:url\" content=\"http:\/\/www.johanna-swist.de\/wpjs\/pl\/prawo-komunikacyjne\/\" \/>\n<meta property=\"og:site_name\" content=\"swist.legal\" \/>\n<meta property=\"article:modified_time\" content=\"2022-06-12T12:57:17+00:00\" \/>\n<meta property=\"og:image\" content=\"http:\/\/www.johanna-swist.de\/wpjs\/wp-content\/uploads\/2022\/04\/Logo-2-1-300x85.jpg\" \/>\n<meta name=\"twitter:card\" content=\"summary_large_image\" \/>\n<meta name=\"twitter:label1\" content=\"Gesch\u00e4tzte Lesezeit\" \/>\n\t<meta name=\"twitter:data1\" content=\"3\u00a0Minuten\" \/>\n<script type=\"application\/ld+json\" class=\"yoast-schema-graph\">{\"@context\":\"https:\\\/\\\/schema.org\",\"@graph\":[{\"@type\":\"WebPage\",\"@id\":\"http:\\\/\\\/www.johanna-swist.de\\\/wpjs\\\/pl\\\/prawo-komunikacyjne\\\/\",\"url\":\"http:\\\/\\\/www.johanna-swist.de\\\/wpjs\\\/pl\\\/prawo-komunikacyjne\\\/\",\"name\":\"Windykacja roszcze\u0144 w Niemczech -prawo drogowe - swist.legal\",\"isPartOf\":{\"@id\":\"http:\\\/\\\/www.johanna-swist.de\\\/wpjs\\\/#website\"},\"primaryImageOfPage\":{\"@id\":\"http:\\\/\\\/www.johanna-swist.de\\\/wpjs\\\/pl\\\/prawo-komunikacyjne\\\/#primaryimage\"},\"image\":{\"@id\":\"http:\\\/\\\/www.johanna-swist.de\\\/wpjs\\\/pl\\\/prawo-komunikacyjne\\\/#primaryimage\"},\"thumbnailUrl\":\"http:\\\/\\\/www.johanna-swist.de\\\/wpjs\\\/wp-content\\\/uploads\\\/2022\\\/04\\\/Logo-2-1-300x85.jpg\",\"datePublished\":\"2015-06-15T23:30:37+00:00\",\"dateModified\":\"2022-06-12T12:57:17+00:00\",\"breadcrumb\":{\"@id\":\"http:\\\/\\\/www.johanna-swist.de\\\/wpjs\\\/pl\\\/prawo-komunikacyjne\\\/#breadcrumb\"},\"inLanguage\":\"de\",\"potentialAction\":[{\"@type\":\"ReadAction\",\"target\":[\"http:\\\/\\\/www.johanna-swist.de\\\/wpjs\\\/pl\\\/prawo-komunikacyjne\\\/\"]}]},{\"@type\":\"ImageObject\",\"inLanguage\":\"de\",\"@id\":\"http:\\\/\\\/www.johanna-swist.de\\\/wpjs\\\/pl\\\/prawo-komunikacyjne\\\/#primaryimage\",\"url\":\"http:\\\/\\\/www.johanna-swist.de\\\/wpjs\\\/wp-content\\\/uploads\\\/2022\\\/04\\\/Logo-2-1.jpg\",\"contentUrl\":\"http:\\\/\\\/www.johanna-swist.de\\\/wpjs\\\/wp-content\\\/uploads\\\/2022\\\/04\\\/Logo-2-1.jpg\",\"width\":337,\"height\":96},{\"@type\":\"BreadcrumbList\",\"@id\":\"http:\\\/\\\/www.johanna-swist.de\\\/wpjs\\\/pl\\\/prawo-komunikacyjne\\\/#breadcrumb\",\"itemListElement\":[{\"@type\":\"ListItem\",\"position\":1,\"name\":\"Startseite\",\"item\":\"http:\\\/\\\/www.johanna-swist.de\\\/wpjs\\\/pl\\\/kancelaria-2\\\/\"},{\"@type\":\"ListItem\",\"position\":2,\"name\":\"Windykacja roszcze\u0144 w Niemczech -prawo drogowe\"}]},{\"@type\":\"WebSite\",\"@id\":\"http:\\\/\\\/www.johanna-swist.de\\\/wpjs\\\/#website\",\"url\":\"http:\\\/\\\/www.johanna-swist.de\\\/wpjs\\\/\",\"name\":\"swist.legal\",\"description\":\"\",\"publisher\":{\"@id\":\"http:\\\/\\\/www.johanna-swist.de\\\/wpjs\\\/#organization\"},\"potentialAction\":[{\"@type\":\"SearchAction\",\"target\":{\"@type\":\"EntryPoint\",\"urlTemplate\":\"http:\\\/\\\/www.johanna-swist.de\\\/wpjs\\\/?s={search_term_string}\"},\"query-input\":{\"@type\":\"PropertyValueSpecification\",\"valueRequired\":true,\"valueName\":\"search_term_string\"}}],\"inLanguage\":\"de\"},{\"@type\":\"Organization\",\"@id\":\"http:\\\/\\\/www.johanna-swist.de\\\/wpjs\\\/#organization\",\"name\":\"swist.legal\",\"url\":\"http:\\\/\\\/www.johanna-swist.de\\\/wpjs\\\/\",\"logo\":{\"@type\":\"ImageObject\",\"inLanguage\":\"de\",\"@id\":\"http:\\\/\\\/www.johanna-swist.de\\\/wpjs\\\/#\\\/schema\\\/logo\\\/image\\\/\",\"url\":\"http:\\\/\\\/www.johanna-swist.de\\\/wpjs\\\/wp-content\\\/uploads\\\/2022\\\/04\\\/cropped-cropped-Logo-1-1.jpg\",\"contentUrl\":\"http:\\\/\\\/www.johanna-swist.de\\\/wpjs\\\/wp-content\\\/uploads\\\/2022\\\/04\\\/cropped-cropped-Logo-1-1.jpg\",\"width\":512,\"height\":512,\"caption\":\"swist.legal\"},\"image\":{\"@id\":\"http:\\\/\\\/www.johanna-swist.de\\\/wpjs\\\/#\\\/schema\\\/logo\\\/image\\\/\"}}]}<\/script>\n<!-- \/ Yoast SEO plugin. -->","yoast_head_json":{"title":"Windykacja roszcze\u0144 w Niemczech -prawo drogowe - swist.legal","robots":{"index":"index","follow":"follow","max-snippet":"max-snippet:-1","max-image-preview":"max-image-preview:large","max-video-preview":"max-video-preview:-1"},"canonical":"http:\/\/www.johanna-swist.de\/wpjs\/pl\/prawo-komunikacyjne\/","og_locale":"de_DE","og_type":"article","og_title":"Windykacja roszcze\u0144 w Niemczech -prawo drogowe - swist.legal","og_description":"&nbsp; Zakres naszych us\u0142ug w prawie drogowym &nbsp; Dalsz\u0105 dziedzin\u0105, kt\u00f3r\u0105 si\u0119 \u015bci\u015ble zajmujemy, jest prawo komunikacyjne. G\u0142\u00f3wn\u0105 kwesti\u0105 w tym zakresie jest wypadek komunikacyjny, niezale\u017cnie czy odby\u0142 si\u0119 w Niemczech czy w Polsce. W ramach regulacji odszkodowania korespondujemy z","og_url":"http:\/\/www.johanna-swist.de\/wpjs\/pl\/prawo-komunikacyjne\/","og_site_name":"swist.legal","article_modified_time":"2022-06-12T12:57:17+00:00","og_image":[{"url":"http:\/\/www.johanna-swist.de\/wpjs\/wp-content\/uploads\/2022\/04\/Logo-2-1-300x85.jpg","type":"","width":"","height":""}],"twitter_card":"summary_large_image","twitter_misc":{"Gesch\u00e4tzte Lesezeit":"3\u00a0Minuten"},"schema":{"@context":"https:\/\/schema.org","@graph":[{"@type":"WebPage","@id":"http:\/\/www.johanna-swist.de\/wpjs\/pl\/prawo-komunikacyjne\/","url":"http:\/\/www.johanna-swist.de\/wpjs\/pl\/prawo-komunikacyjne\/","name":"Windykacja roszcze\u0144 w Niemczech -prawo drogowe - swist.legal","isPartOf":{"@id":"http:\/\/www.johanna-swist.de\/wpjs\/#website"},"primaryImageOfPage":{"@id":"http:\/\/www.johanna-swist.de\/wpjs\/pl\/prawo-komunikacyjne\/#primaryimage"},"image":{"@id":"http:\/\/www.johanna-swist.de\/wpjs\/pl\/prawo-komunikacyjne\/#primaryimage"},"thumbnailUrl":"http:\/\/www.johanna-swist.de\/wpjs\/wp-content\/uploads\/2022\/04\/Logo-2-1-300x85.jpg","datePublished":"2015-06-15T23:30:37+00:00","dateModified":"2022-06-12T12:57:17+00:00","breadcrumb":{"@id":"http:\/\/www.johanna-swist.de\/wpjs\/pl\/prawo-komunikacyjne\/#breadcrumb"},"inLanguage":"de","potentialAction":[{"@type":"ReadAction","target":["http:\/\/www.johanna-swist.de\/wpjs\/pl\/prawo-komunikacyjne\/"]}]},{"@type":"ImageObject","inLanguage":"de","@id":"http:\/\/www.johanna-swist.de\/wpjs\/pl\/prawo-komunikacyjne\/#primaryimage","url":"http:\/\/www.johanna-swist.de\/wpjs\/wp-content\/uploads\/2022\/04\/Logo-2-1.jpg","contentUrl":"http:\/\/www.johanna-swist.de\/wpjs\/wp-content\/uploads\/2022\/04\/Logo-2-1.jpg","width":337,"height":96},{"@type":"BreadcrumbList","@id":"http:\/\/www.johanna-swist.de\/wpjs\/pl\/prawo-komunikacyjne\/#breadcrumb","itemListElement":[{"@type":"ListItem","position":1,"name":"Startseite","item":"http:\/\/www.johanna-swist.de\/wpjs\/pl\/kancelaria-2\/"},{"@type":"ListItem","position":2,"name":"Windykacja roszcze\u0144 w Niemczech -prawo drogowe"}]},{"@type":"WebSite","@id":"http:\/\/www.johanna-swist.de\/wpjs\/#website","url":"http:\/\/www.johanna-swist.de\/wpjs\/","name":"swist.legal","description":"","publisher":{"@id":"http:\/\/www.johanna-swist.de\/wpjs\/#organization"},"potentialAction":[{"@type":"SearchAction","target":{"@type":"EntryPoint","urlTemplate":"http:\/\/www.johanna-swist.de\/wpjs\/?s={search_term_string}"},"query-input":{"@type":"PropertyValueSpecification","valueRequired":true,"valueName":"search_term_string"}}],"inLanguage":"de"},{"@type":"Organization","@id":"http:\/\/www.johanna-swist.de\/wpjs\/#organization","name":"swist.legal","url":"http:\/\/www.johanna-swist.de\/wpjs\/","logo":{"@type":"ImageObject","inLanguage":"de","@id":"http:\/\/www.johanna-swist.de\/wpjs\/#\/schema\/logo\/image\/","url":"http:\/\/www.johanna-swist.de\/wpjs\/wp-content\/uploads\/2022\/04\/cropped-cropped-Logo-1-1.jpg","contentUrl":"http:\/\/www.johanna-swist.de\/wpjs\/wp-content\/uploads\/2022\/04\/cropped-cropped-Logo-1-1.jpg","width":512,"height":512,"caption":"swist.legal"},"image":{"@id":"http:\/\/www.johanna-swist.de\/wpjs\/#\/schema\/logo\/image\/"}}]}},"_links":{"self":[{"href":"http:\/\/www.johanna-swist.de\/wpjs\/wp-json\/wp\/v2\/pages\/234","targetHints":{"allow":["GET"]}}],"collection":[{"href":"http:\/\/www.johanna-swist.de\/wpjs\/wp-json\/wp\/v2\/pages"}],"about":[{"href":"http:\/\/www.johanna-swist.de\/wpjs\/wp-json\/wp\/v2\/types\/page"}],"author":[{"embeddable":true,"href":"http:\/\/www.johanna-swist.de\/wpjs\/wp-json\/wp\/v2\/users\/1"}],"replies":[{"embeddable":true,"href":"http:\/\/www.johanna-swist.de\/wpjs\/wp-json\/wp\/v2\/comments?post=234"}],"version-history":[{"count":23,"href":"http:\/\/www.johanna-swist.de\/wpjs\/wp-json\/wp\/v2\/pages\/234\/revisions"}],"predecessor-version":[{"id":7574,"href":"http:\/\/www.johanna-swist.de\/wpjs\/wp-json\/wp\/v2\/pages\/234\/revisions\/7574"}],"wp:attachment":[{"href":"http:\/\/www.johanna-swist.de\/wpjs\/wp-json\/wp\/v2\/media?parent=234"}],"curies":[{"name":"wp","href":"https:\/\/api.w.org\/{rel}","templated":true}]}}