{"id":226,"date":"2020-06-14T23:28:55","date_gmt":"2020-06-14T23:28:55","guid":{"rendered":"http:\/\/johanna-swist.de\/wpjs\/?page_id=226"},"modified":"2024-11-22T19:59:36","modified_gmt":"2024-11-22T19:59:36","slug":"rechtsanwaeltin-johanna-swist-2","status":"publish","type":"page","link":"http:\/\/www.johanna-swist.de\/wpjs\/pl\/rechtsanwaeltin-johanna-swist-2\/","title":{"rendered":"Za\u0142o\u017cyciel kancelarii swist.legal"},"content":{"rendered":"<p><span style=\"color: #ffffff;\">&#8211;<\/span><\/p>\n<h1 style=\"text-align: center;\">Rechtsanw\u00e4ltin Johanna Swist &#8211;<br \/>\nPolskoj\u0119zyczny adwokat<\/h1>\n<p><span style=\"color: #ffffff;\">&#8211;<\/span><\/p>\n<p><span style=\"color: #ffffff;\">&#8211;<\/span><\/p>\n<p>&nbsp;<\/p>\n<p><img loading=\"lazy\" decoding=\"async\" class=\"aligncenter wp-image-275\" title=\"adwokat w Niemczech\" src=\"http:\/\/www.johanna-swist.de\/wpjs\/wp-content\/uploads\/2015\/06\/johannaswist_4081-300x198.jpg\" alt=\"adwokat w Niemczech\" width=\"492\" height=\"325\" srcset=\"http:\/\/www.johanna-swist.de\/wpjs\/wp-content\/uploads\/2015\/06\/johannaswist_4081-300x198.jpg 300w, http:\/\/www.johanna-swist.de\/wpjs\/wp-content\/uploads\/2015\/06\/johannaswist_4081.jpg 408w\" sizes=\"auto, (max-width: 492px) 100vw, 492px\" \/><\/p>\n<p><span style=\"color: #ffffff;\">&#8211;<\/span><\/p>\n<p style=\"text-align: justify;\"><span style=\"color: #000000;\">Je\u015bli praca nie jest tylko prac\u0105, je\u015bli z rado\u015bci\u0105 pojawiam si\u0119 rano przy biurku, a dzie\u0144 mija stanowczo za szybko i kiedy wieczorem my\u015bl\u0119 o klientach, kt\u00f3rych sprawami zaj\u0119\u0142am si\u0119 w ci\u0105gu dnia, to znaczy, \u017ce mam za sob\u0105 dzie\u0144 pracy w kancelarii prawnej swist.legal.<\/span><\/p>\n<p><span style=\"color: #ffffff;\">&#8211;<\/span><\/p>\n<p><span style=\"color: #ffffff;\">&#8211;<\/span><\/p>\n<h1 style=\"text-align: center;\"><span style=\"color: #000000;\">Vita<\/span><\/h1>\n<p style=\"text-align: right;\"><button id=\"bb1\" type=\"button\" value=\"Play\" class=\"responsivevoice-button\" title=\"ResponsiveVoice Tap to Start\/Stop Speech\"><span>&#128266; S\u0142uchaj<\/span><\/button>\n        <script>\n            bb1.onclick = function(){\n                if(responsiveVoice.isPlaying()){\n                    responsiveVoice.cancel();\n                }else{\n                    responsiveVoice.speak(\"Podczas przebiegu mojej pracy zawodowej jako adwokat w Niemczech zebra\u0142am szerokie prawnicze do\u015bwiadczenie. Obecnie zajmuj\u0119 si\u0119 g\u0142\u00f3wnie prawem cywilnym, prawem pracy, prawem autorskim oraz prawem medialnym. Studiowa\u0142am prawo na uniwersytecie w Marburgu a nast\u0119pnie na\u00a0 uniwersytecie w T\u00fcbingen, kt\u00f3rego jestem absolwentk\u0105 i gdzie zda\u0142am pierwszy egzamin pa\u0144stwowy. Drugi egzamin pa\u0144stwowy (aplikancki) zda\u0142am z powodzeniem przed Wy\u017cszym S\u0105dem Krainy Stuttgart. Jako aplikantka zebra\u0142am pierwsze do\u015bwiadczenie zawodowe w kancelarii doradcy podatkowego w D\u00fcsseldorfie. Nast\u0119pnie zosta\u0142am zatrudniona przez mi\u0119dzynarodow\u0105 firm\u0119 audytorsk\u0105. Po wpisaniu na list\u0119 niemieckich adwokat\u00f3w, przyj\u0119\u0142am posad\u0119 w polsko-niemiecko j\u0119zycznej kacelarii w Kolonii. Zdobyte tam do\u015bwiadczenie by\u0142o podstaw\u0105 mojej p\u00f3\u017aniejszej dzia\u0142alno\u015bci jako adwokat w D\u00fcsseldorfie. Od roku 2003 pracowa\u0142am jako polskoj\u0119zyczny adwokat wy\u0142\u0105cznie jako adwokat dla kancelarii Rybak & Swist sp\u00f3\u0142ka partnerska, kt\u00f3rej by\u0142am wsp\u00f3\u0142za\u0142o\u017cycielem. W styczniu 2018 rozpocze\u0142am w\u0142asn\u0105 dzia\u0142alno\u015b\u0107 zak\u0142adaj\u0105c kancelari\u0119 prawn\u0105 swist.legal i prowadz\u0119 j\u0105 z najlepszymi pracownikami na \u015bwiecie. Nale\u017cy podkre\u015bli\u0107, \u017ce jestem dzisiaj do\u015bwiadczonym i zaanga\u017cowanym prawnikiem, kt\u00f3ry aktywnie wspiera swoich klient\u00f3w oraz doradza i reprezentuje interesy prawne klient\u00f3w przed s\u0105dami. Wspieram przedsi\u0119biorc\u00f3w oraz osoby prywatne, tw\u00f3rc\u00f3w i licencjobiorc\u00f3w w zakresie szeroko rozumianego prawa autorskiego. Zagraniczni adwokaci wsp\u00f3\u0142pracuj\u0105 z moj\u0105 kancelari\u0105 w Niemczech w celu dochodzenia roszcze\u0144 ich klient\u00f3w na terenie Niemiec. Dla\u00a0 moich mi\u0119dzynarodowych klient\u00f3w centralne znaczenie maj\u0105 zagadnienia z zakresu prawa niemieckiego i reprezentacja ich interes\u00f3w przez prawnika przed s\u0105dami pracy i s\u0105dami cywilnymi na terenie Niemiec. Rechtsanw\u00e4ltin Johanna Swist\u00a0\u2013\u00a0adwokat w Niemczech Pa\u0144stwa prawo w naszych wiernych r\u0119kach\", \"Polish Female\");\n                }\n            };\n        <\/script>\n    <\/p>\n<p style=\"text-align: justify;\"><span style=\"color: #000000;\">Podczas przebiegu mojej pracy zawodowej jako adwokat w Niemczech zebra\u0142am szerokie prawnicze do\u015bwiadczenie. Obecnie zajmuj\u0119 si\u0119 g\u0142\u00f3wnie prawem cywilnym, prawem pracy, prawem autorskim oraz prawem medialnym.<\/span><\/p>\n<p style=\"text-align: justify;\"><span style=\"color: #000000;\">Studiowa\u0142am prawo na <strong>uniwersytecie w Marburgu<\/strong> a nast\u0119pnie na\u00a0 <strong>uniwersytecie w T\u00fcbingen<\/strong>, kt\u00f3rego jestem absolwentk\u0105 i gdzie zda\u0142am pierwszy egzamin pa\u0144stwowy. Drugi egzamin pa\u0144stwowy (aplikancki) zda\u0142am z powodzeniem przed <strong>Wy\u017cszym S\u0105dem Krainy Stuttgart<\/strong>.<\/span><\/p>\n<p style=\"text-align: justify;\"><span style=\"color: #000000;\">Jako aplikantka zebra\u0142am pierwsze do\u015bwiadczenie zawodowe w <strong>kancelarii doradcy podatkowego w D\u00fcsseldorfie<\/strong>. Nast\u0119pnie zosta\u0142am zatrudniona przez <strong>mi\u0119dzynarodow\u0105 firm\u0119 audytorsk\u0105<\/strong>. Po wpisaniu na list\u0119 niemieckich adwokat\u00f3w, przyj\u0119\u0142am posad\u0119 w <strong>polsko-niemiecko j\u0119zycznej kacelarii w Kolonii<\/strong>. Zdobyte tam do\u015bwiadczenie by\u0142o podstaw\u0105 mojej p\u00f3\u017aniejszej dzia\u0142alno\u015bci jako adwokat w D\u00fcsseldorfie.<\/span><\/p>\n<p style=\"text-align: justify;\"><span style=\"color: #000000;\">Od roku 2003 pracowa\u0142am jako polskoj\u0119zyczny adwokat wy\u0142\u0105cznie jako adwokat dla kancelarii <strong>Rybak &amp; Swist sp\u00f3\u0142ka partnerska<\/strong>, kt\u00f3rej by\u0142am wsp\u00f3\u0142za\u0142o\u017cycielem.<\/span><\/p>\n<p style=\"text-align: justify;\"><span style=\"color: #000000;\">W styczniu 2018 rozpocze\u0142am w\u0142asn\u0105 dzia\u0142alno\u015b\u0107 zak\u0142adaj\u0105c <strong>kancelari\u0119 prawn\u0105 swist.legal<\/strong> i prowadz\u0119 j\u0105 z najlepszymi pracownikami na \u015bwiecie.<\/span><\/p>\n<p style=\"text-align: justify;\"><span style=\"color: #000000;\">Nale\u017cy podkre\u015bli\u0107, \u017ce jestem dzisiaj do\u015bwiadczonym i zaanga\u017cowanym prawnikiem, kt\u00f3ry aktywnie wspiera swoich klient\u00f3w oraz doradza i reprezentuje interesy prawne klient\u00f3w przed s\u0105dami. Wspieram przedsi\u0119biorc\u00f3w oraz osoby prywatne, tw\u00f3rc\u00f3w i licencjobiorc\u00f3w w zakresie szeroko rozumianego prawa autorskiego. Zagraniczni adwokaci wsp\u00f3\u0142pracuj\u0105 z moj\u0105 kancelari\u0105 w Niemczech w celu dochodzenia roszcze\u0144 ich klient\u00f3w na terenie Niemiec.<\/span><\/p>\n<p style=\"text-align: justify;\"><span style=\"color: #000000;\">Dla\u00a0 moich mi\u0119dzynarodowych klient\u00f3w centralne znaczenie maj\u0105 zagadnienia z zakresu prawa niemieckiego i reprezentacja ich interes\u00f3w przez prawnika przed s\u0105dami pracy i s\u0105dami cywilnymi na terenie Niemiec.<\/span><\/p>\n<p>&nbsp;<\/p>\n<p style=\"text-align: right;\"><span style=\"color: #000000;\"><em>Rechtsanw\u00e4ltin Johanna Swist\u00a0<\/em>\u2013\u00a0<em>adwokat w Niemczech<\/em><\/span><br \/>\n<span style=\"color: #000000;\"><em>Pa\u0144stwa prawo w naszych wiernych r\u0119kach<\/em><\/span><\/p>\n<p><span style=\"color: #000000;\">&#8211;<\/span><\/p>\n<p><span style=\"color: #000000;\">&#8211;<\/span><\/p>\n<h2 style=\"text-align: justify;\"><span style=\"color: #000000;\">Kompetencje<\/span><\/h2>\n<p>&nbsp;<\/p>\n<h2 style=\"text-align: justify;\"><span style=\"color: #000000;\">Zakres specjalizacji prawnej<\/span><\/h2>\n<ul>\n<li style=\"text-align: justify;\"><span style=\"color: #0000ff;\"><a style=\"color: #0000ff;\" href=\"https:\/\/www.johanna-swist.de\/wpjs\/pl\/windykacja-roszczen-w-niemczech\/\"><strong>Prawo umow i windykacja roszcze\u0144<\/strong><\/a><\/span><\/li>\n<li style=\"text-align: justify;\"><span style=\"color: #0000ff;\"><a style=\"color: #0000ff;\" href=\"https:\/\/www.johanna-swist.de\/wpjs\/pl\/prawo-autorskie\/\"><strong>Prawo autorskie i medi\u00f3w<\/strong><\/a><\/span><\/li>\n<li style=\"text-align: justify;\"><span style=\"color: #0000ff;\"><a style=\"color: #0000ff;\" href=\"https:\/\/www.johanna-swist.de\/wpjs\/pl\/prawo-pracy-2\/\"><strong>Prawo pracy<\/strong><\/a><\/span><\/li>\n<li style=\"text-align: justify;\"><span style=\"color: #0000ff;\"><a style=\"color: #0000ff;\" href=\"https:\/\/www.johanna-swist.de\/wpjs\/pl\/prawo-spadkowe\/\"><strong>Prawo spadkowe<\/strong><\/a><\/span><\/li>\n<\/ul>\n<p>&nbsp;<\/p>\n<h2 style=\"text-align: justify;\"><span style=\"color: #000000;\">J\u0119zyki<\/span><\/h2>\n<ul>\n<li style=\"text-align: justify;\"><strong><span style=\"color: #487693;\">Niemiecki<\/span><\/strong><\/li>\n<li style=\"text-align: justify;\"><strong><span style=\"color: #487693;\">Polski<\/span><\/strong><\/li>\n<li style=\"text-align: justify;\"><strong><span style=\"color: #487693;\">Angielski<\/span><\/strong><\/li>\n<\/ul>\n<p>&nbsp;<\/p>\n<h2 style=\"text-align: justify;\"><span style=\"color: #000000;\">Wykszta\u0142cenie<\/span><\/h2>\n<ul>\n<li style=\"text-align: justify;\"><strong><span style=\"color: #2f2f80;\">Uko\u0144czenie szkolenia specjalizacji w prawie autorskim i medi\u00f3w<\/span><\/strong><\/li>\n<li style=\"text-align: justify;\"><strong><span style=\"color: #2f2f80;\">Uko\u0144czenie szkolenia specjalizacji w prawie pracy<\/span><\/strong><\/li>\n<li style=\"text-align: justify;\"><strong><span style=\"color: #2f2f80;\">Drugi egzamin aplikancki<\/span><\/strong><\/li>\n<li style=\"text-align: justify;\"><strong><span style=\"color: #2f2f80;\">Pierwszy egzamin aplikancki<\/span><\/strong><\/li>\n<\/ul>\n<p>&nbsp;<\/p>\n<h2><span style=\"color: #000000;\">Cz\u0142onkostwa<\/span><\/h2>\n<ul>\n<li style=\"text-align: justify;\"><a href=\"https:\/\/www.rak-dus.de\/\"><strong><span style=\"color: #1414ff;\">Cz\u0142onkostwo w Izbie Adwokackiej w D\u00fcsseldorfie<\/span><\/strong><\/a><\/li>\n<li style=\"text-align: justify;\"><a href=\"https:\/\/www.vpj.info\/\"><strong><span style=\"color: #1414ff;\">Cz\u0142onkostwo w Zwi\u0105zku Polskoj\u0119zycznych Prawnik\u00f3w<\/span><\/strong><\/a><\/li>\n<\/ul>\n<p>&nbsp;<\/p>\n<h2 style=\"text-align: justify;\"><span style=\"color: #000000;\">Spos\u00f3b pracy<\/span><\/h2>\n<p style=\"text-align: justify;\"><span style=\"color: #000000;\">Regularne pog\u0142\u0119bianie w\u0142asnych umiej\u0119tno\u015bci i wiedzy sprawia, \u017ce pani adwokat Swist jest kompetentnym i kooperatywnym partnerem, kt\u00f3ry ch\u0119tnie b\u0119dzie wspiera\u0142 r\u00f3wnie\u017c Pa\u0144stwa.<\/span><\/p>\n<p><span style=\"color: #ffffff;\">&#8211;<\/span><\/p>\n<p><span style=\"color: #ffffff;\">&#8211;<\/span><\/p>\n<h2 style=\"text-align: center;\"><span style=\"color: #000000;\">Kontakt do Kancelarii swist.legal w Niemczech<\/span><\/h2>\n<p>&nbsp;<\/p>\n<p style=\"text-align: justify;\"><span style=\"color: #000000;\">Je\u015bli zaistnieje problem prawny, w kt\u00f3rym mo\u017ce pom\u00f3c adwokat, prosimy o kontakt.<\/span><\/p>\n<p>&nbsp;<\/p>\n<p>&nbsp;<\/p>\n<p style=\"text-align: justify;\"><div class=\"specialtext-content-left effect\"><\/p>\n<h3 style=\"text-align: center;\"><span style=\"color: #000000;\">Prosimy o wys\u0142anie e-maila na nasz adres z opisem problemu:<br \/>\n<\/span><span style=\"color: #487693;\">sekretariat@johanna-swist.de<\/span><\/h3>\n<h5 style=\"text-align: center;\"><span style=\"color: #000000;\">lub\u00a0<\/span><\/h5>\n<h3 style=\"text-align: center;\"><span style=\"color: #000000;\">o kontakt telefoniczny:<br \/>\n<\/span><span style=\"color: #2f2f80;\">0211 &#8211; 8759\u00a0 8067.<\/span><\/h3>\n<h1 style=\"text-align: center;\"><\/h1>\n<h3 style=\"text-align: center;\"><span style=\"color: #a0843d;\">Po\u015bwi\u0119camy Pa\u0144stwu<br \/>\nnasz\u0105 prac\u0119 i uwag\u0119!<\/span><\/h3>\n<p><\/div><\/p>\n<p>&nbsp;<\/p>\n<p>&nbsp;<\/p>\n<p>&nbsp;<\/p>\n<p><a href=\"http:\/\/www.johanna-swist.de\/wpjs\/pl\/kancelaria-2\/\"><img loading=\"lazy\" decoding=\"async\" class=\"Prawo pracy w Niemczech aligncenter wp-image-7490\" title=\"Prawo pracy w Niemczech\" src=\"http:\/\/www.johanna-swist.de\/wpjs\/wp-content\/uploads\/2022\/04\/Logo-2-1-300x85.jpg\" alt=\"adwokat w Niemczech\" width=\"364\" height=\"103\" srcset=\"http:\/\/www.johanna-swist.de\/wpjs\/wp-content\/uploads\/2022\/04\/Logo-2-1-300x85.jpg 300w, http:\/\/www.johanna-swist.de\/wpjs\/wp-content\/uploads\/2022\/04\/Logo-2-1.jpg 337w\" sizes=\"auto, (max-width: 364px) 100vw, 364px\" \/><\/a><\/p>\n<p>&nbsp;<\/p>\n<p>&nbsp;<\/p>\n<p>&nbsp;<\/p>\n<p>&nbsp;<\/p>\n","protected":false},"excerpt":{"rendered":"<p>Adwokat w Niemczech: Johanna Swist &#8211; prawnik dzia\u0142aj\u0105cy w zakresie prawa pracy, prawa cywilnego, w\u0142asno\u015bci intelektualnej. Kancelaria w Niemczech oferuje us\u0142ugi podatkowe i ksi\u0119gowe. <\/p>\n","protected":false},"author":1,"featured_media":7169,"parent":0,"menu_order":0,"comment_status":"closed","ping_status":"closed","template":"","meta":{"om_disable_all_campaigns":false,"_monsterinsights_skip_tracking":false,"_monsterinsights_sitenote_active":false,"_monsterinsights_sitenote_note":"","_monsterinsights_sitenote_category":0,"_uf_show_specific_survey":0,"_uf_disable_surveys":false,"footnotes":""},"class_list":["post-226","page","type-page","status-publish","has-post-thumbnail","hentry"],"yoast_head":"<!-- This site is optimized with the Yoast SEO plugin v27.3 - https:\/\/yoast.com\/product\/yoast-seo-wordpress\/ -->\n<title>swist.legal | adwokat w Niemczech<\/title>\n<meta name=\"description\" content=\"Polskoj\u0119zyczny adwokat w Niemczech - prawnik w D\u00fcsseldorf - Kontakt: 0211-8759 8067 albo sekretariat@johanna-swist.de\" \/>\n<meta name=\"robots\" content=\"index, follow, max-snippet:-1, max-image-preview:large, max-video-preview:-1\" \/>\n<link rel=\"canonical\" href=\"http:\/\/www.johanna-swist.de\/wpjs\/pl\/rechtsanwaeltin-johanna-swist-2\/\" \/>\n<meta property=\"og:locale\" content=\"de_DE\" \/>\n<meta property=\"og:type\" content=\"article\" \/>\n<meta property=\"og:title\" content=\"swist.legal | adwokat w Niemczech\" \/>\n<meta property=\"og:description\" content=\"Polskoj\u0119zyczny adwokat w Niemczech - prawnik w D\u00fcsseldorf - Kontakt: 0211-8759 8067 albo sekretariat@johanna-swist.de\" \/>\n<meta property=\"og:url\" content=\"http:\/\/www.johanna-swist.de\/wpjs\/pl\/rechtsanwaeltin-johanna-swist-2\/\" \/>\n<meta property=\"og:site_name\" content=\"swist.legal\" \/>\n<meta property=\"article:modified_time\" content=\"2024-11-22T19:59:36+00:00\" \/>\n<meta property=\"og:image\" content=\"http:\/\/www.johanna-swist.de\/wpjs\/wp-content\/uploads\/2017\/10\/Johanna-xy.jpg\" \/>\n\t<meta property=\"og:image:width\" content=\"626\" \/>\n\t<meta property=\"og:image:height\" content=\"926\" \/>\n\t<meta property=\"og:image:type\" content=\"image\/jpeg\" \/>\n<meta name=\"twitter:card\" content=\"summary_large_image\" \/>\n<meta name=\"twitter:label1\" content=\"Gesch\u00e4tzte Lesezeit\" \/>\n\t<meta name=\"twitter:data1\" content=\"3\u00a0Minuten\" \/>\n<script type=\"application\/ld+json\" class=\"yoast-schema-graph\">{\"@context\":\"https:\\\/\\\/schema.org\",\"@graph\":[{\"@type\":\"WebPage\",\"@id\":\"http:\\\/\\\/www.johanna-swist.de\\\/wpjs\\\/pl\\\/rechtsanwaeltin-johanna-swist-2\\\/\",\"url\":\"http:\\\/\\\/www.johanna-swist.de\\\/wpjs\\\/pl\\\/rechtsanwaeltin-johanna-swist-2\\\/\",\"name\":\"swist.legal | adwokat w Niemczech\",\"isPartOf\":{\"@id\":\"http:\\\/\\\/www.johanna-swist.de\\\/wpjs\\\/#website\"},\"primaryImageOfPage\":{\"@id\":\"http:\\\/\\\/www.johanna-swist.de\\\/wpjs\\\/pl\\\/rechtsanwaeltin-johanna-swist-2\\\/#primaryimage\"},\"image\":{\"@id\":\"http:\\\/\\\/www.johanna-swist.de\\\/wpjs\\\/pl\\\/rechtsanwaeltin-johanna-swist-2\\\/#primaryimage\"},\"thumbnailUrl\":\"http:\\\/\\\/www.johanna-swist.de\\\/wpjs\\\/wp-content\\\/uploads\\\/2017\\\/10\\\/Johanna-xy.jpg\",\"datePublished\":\"2020-06-14T23:28:55+00:00\",\"dateModified\":\"2024-11-22T19:59:36+00:00\",\"description\":\"Polskoj\u0119zyczny adwokat w Niemczech - prawnik w D\u00fcsseldorf - Kontakt: 0211-8759 8067 albo sekretariat@johanna-swist.de\",\"breadcrumb\":{\"@id\":\"http:\\\/\\\/www.johanna-swist.de\\\/wpjs\\\/pl\\\/rechtsanwaeltin-johanna-swist-2\\\/#breadcrumb\"},\"inLanguage\":\"de\",\"potentialAction\":[{\"@type\":\"ReadAction\",\"target\":[\"http:\\\/\\\/www.johanna-swist.de\\\/wpjs\\\/pl\\\/rechtsanwaeltin-johanna-swist-2\\\/\"]}]},{\"@type\":\"ImageObject\",\"inLanguage\":\"de\",\"@id\":\"http:\\\/\\\/www.johanna-swist.de\\\/wpjs\\\/pl\\\/rechtsanwaeltin-johanna-swist-2\\\/#primaryimage\",\"url\":\"http:\\\/\\\/www.johanna-swist.de\\\/wpjs\\\/wp-content\\\/uploads\\\/2017\\\/10\\\/Johanna-xy.jpg\",\"contentUrl\":\"http:\\\/\\\/www.johanna-swist.de\\\/wpjs\\\/wp-content\\\/uploads\\\/2017\\\/10\\\/Johanna-xy.jpg\",\"width\":626,\"height\":926,\"caption\":\"Polskoj\u0119zyczny adwokat w Niemczech\"},{\"@type\":\"BreadcrumbList\",\"@id\":\"http:\\\/\\\/www.johanna-swist.de\\\/wpjs\\\/pl\\\/rechtsanwaeltin-johanna-swist-2\\\/#breadcrumb\",\"itemListElement\":[{\"@type\":\"ListItem\",\"position\":1,\"name\":\"Startseite\",\"item\":\"http:\\\/\\\/www.johanna-swist.de\\\/wpjs\\\/pl\\\/kancelaria-2\\\/\"},{\"@type\":\"ListItem\",\"position\":2,\"name\":\"Za\u0142o\u017cyciel kancelarii swist.legal\"}]},{\"@type\":\"WebSite\",\"@id\":\"http:\\\/\\\/www.johanna-swist.de\\\/wpjs\\\/#website\",\"url\":\"http:\\\/\\\/www.johanna-swist.de\\\/wpjs\\\/\",\"name\":\"swist.legal\",\"description\":\"\",\"publisher\":{\"@id\":\"http:\\\/\\\/www.johanna-swist.de\\\/wpjs\\\/#organization\"},\"potentialAction\":[{\"@type\":\"SearchAction\",\"target\":{\"@type\":\"EntryPoint\",\"urlTemplate\":\"http:\\\/\\\/www.johanna-swist.de\\\/wpjs\\\/?s={search_term_string}\"},\"query-input\":{\"@type\":\"PropertyValueSpecification\",\"valueRequired\":true,\"valueName\":\"search_term_string\"}}],\"inLanguage\":\"de\"},{\"@type\":\"Organization\",\"@id\":\"http:\\\/\\\/www.johanna-swist.de\\\/wpjs\\\/#organization\",\"name\":\"swist.legal\",\"url\":\"http:\\\/\\\/www.johanna-swist.de\\\/wpjs\\\/\",\"logo\":{\"@type\":\"ImageObject\",\"inLanguage\":\"de\",\"@id\":\"http:\\\/\\\/www.johanna-swist.de\\\/wpjs\\\/#\\\/schema\\\/logo\\\/image\\\/\",\"url\":\"http:\\\/\\\/www.johanna-swist.de\\\/wpjs\\\/wp-content\\\/uploads\\\/2022\\\/04\\\/cropped-cropped-Logo-1-1.jpg\",\"contentUrl\":\"http:\\\/\\\/www.johanna-swist.de\\\/wpjs\\\/wp-content\\\/uploads\\\/2022\\\/04\\\/cropped-cropped-Logo-1-1.jpg\",\"width\":512,\"height\":512,\"caption\":\"swist.legal\"},\"image\":{\"@id\":\"http:\\\/\\\/www.johanna-swist.de\\\/wpjs\\\/#\\\/schema\\\/logo\\\/image\\\/\"}}]}<\/script>\n<!-- \/ Yoast SEO plugin. -->","yoast_head_json":{"title":"swist.legal | adwokat w Niemczech","description":"Polskoj\u0119zyczny adwokat w Niemczech - prawnik w D\u00fcsseldorf - Kontakt: 0211-8759 8067 albo sekretariat@johanna-swist.de","robots":{"index":"index","follow":"follow","max-snippet":"max-snippet:-1","max-image-preview":"max-image-preview:large","max-video-preview":"max-video-preview:-1"},"canonical":"http:\/\/www.johanna-swist.de\/wpjs\/pl\/rechtsanwaeltin-johanna-swist-2\/","og_locale":"de_DE","og_type":"article","og_title":"swist.legal | adwokat w Niemczech","og_description":"Polskoj\u0119zyczny adwokat w Niemczech - prawnik w D\u00fcsseldorf - Kontakt: 0211-8759 8067 albo sekretariat@johanna-swist.de","og_url":"http:\/\/www.johanna-swist.de\/wpjs\/pl\/rechtsanwaeltin-johanna-swist-2\/","og_site_name":"swist.legal","article_modified_time":"2024-11-22T19:59:36+00:00","og_image":[{"width":626,"height":926,"url":"http:\/\/www.johanna-swist.de\/wpjs\/wp-content\/uploads\/2017\/10\/Johanna-xy.jpg","type":"image\/jpeg"}],"twitter_card":"summary_large_image","twitter_misc":{"Gesch\u00e4tzte Lesezeit":"3\u00a0Minuten"},"schema":{"@context":"https:\/\/schema.org","@graph":[{"@type":"WebPage","@id":"http:\/\/www.johanna-swist.de\/wpjs\/pl\/rechtsanwaeltin-johanna-swist-2\/","url":"http:\/\/www.johanna-swist.de\/wpjs\/pl\/rechtsanwaeltin-johanna-swist-2\/","name":"swist.legal | adwokat w Niemczech","isPartOf":{"@id":"http:\/\/www.johanna-swist.de\/wpjs\/#website"},"primaryImageOfPage":{"@id":"http:\/\/www.johanna-swist.de\/wpjs\/pl\/rechtsanwaeltin-johanna-swist-2\/#primaryimage"},"image":{"@id":"http:\/\/www.johanna-swist.de\/wpjs\/pl\/rechtsanwaeltin-johanna-swist-2\/#primaryimage"},"thumbnailUrl":"http:\/\/www.johanna-swist.de\/wpjs\/wp-content\/uploads\/2017\/10\/Johanna-xy.jpg","datePublished":"2020-06-14T23:28:55+00:00","dateModified":"2024-11-22T19:59:36+00:00","description":"Polskoj\u0119zyczny adwokat w Niemczech - prawnik w D\u00fcsseldorf - Kontakt: 0211-8759 8067 albo sekretariat@johanna-swist.de","breadcrumb":{"@id":"http:\/\/www.johanna-swist.de\/wpjs\/pl\/rechtsanwaeltin-johanna-swist-2\/#breadcrumb"},"inLanguage":"de","potentialAction":[{"@type":"ReadAction","target":["http:\/\/www.johanna-swist.de\/wpjs\/pl\/rechtsanwaeltin-johanna-swist-2\/"]}]},{"@type":"ImageObject","inLanguage":"de","@id":"http:\/\/www.johanna-swist.de\/wpjs\/pl\/rechtsanwaeltin-johanna-swist-2\/#primaryimage","url":"http:\/\/www.johanna-swist.de\/wpjs\/wp-content\/uploads\/2017\/10\/Johanna-xy.jpg","contentUrl":"http:\/\/www.johanna-swist.de\/wpjs\/wp-content\/uploads\/2017\/10\/Johanna-xy.jpg","width":626,"height":926,"caption":"Polskoj\u0119zyczny adwokat w Niemczech"},{"@type":"BreadcrumbList","@id":"http:\/\/www.johanna-swist.de\/wpjs\/pl\/rechtsanwaeltin-johanna-swist-2\/#breadcrumb","itemListElement":[{"@type":"ListItem","position":1,"name":"Startseite","item":"http:\/\/www.johanna-swist.de\/wpjs\/pl\/kancelaria-2\/"},{"@type":"ListItem","position":2,"name":"Za\u0142o\u017cyciel kancelarii swist.legal"}]},{"@type":"WebSite","@id":"http:\/\/www.johanna-swist.de\/wpjs\/#website","url":"http:\/\/www.johanna-swist.de\/wpjs\/","name":"swist.legal","description":"","publisher":{"@id":"http:\/\/www.johanna-swist.de\/wpjs\/#organization"},"potentialAction":[{"@type":"SearchAction","target":{"@type":"EntryPoint","urlTemplate":"http:\/\/www.johanna-swist.de\/wpjs\/?s={search_term_string}"},"query-input":{"@type":"PropertyValueSpecification","valueRequired":true,"valueName":"search_term_string"}}],"inLanguage":"de"},{"@type":"Organization","@id":"http:\/\/www.johanna-swist.de\/wpjs\/#organization","name":"swist.legal","url":"http:\/\/www.johanna-swist.de\/wpjs\/","logo":{"@type":"ImageObject","inLanguage":"de","@id":"http:\/\/www.johanna-swist.de\/wpjs\/#\/schema\/logo\/image\/","url":"http:\/\/www.johanna-swist.de\/wpjs\/wp-content\/uploads\/2022\/04\/cropped-cropped-Logo-1-1.jpg","contentUrl":"http:\/\/www.johanna-swist.de\/wpjs\/wp-content\/uploads\/2022\/04\/cropped-cropped-Logo-1-1.jpg","width":512,"height":512,"caption":"swist.legal"},"image":{"@id":"http:\/\/www.johanna-swist.de\/wpjs\/#\/schema\/logo\/image\/"}}]}},"_links":{"self":[{"href":"http:\/\/www.johanna-swist.de\/wpjs\/wp-json\/wp\/v2\/pages\/226","targetHints":{"allow":["GET"]}}],"collection":[{"href":"http:\/\/www.johanna-swist.de\/wpjs\/wp-json\/wp\/v2\/pages"}],"about":[{"href":"http:\/\/www.johanna-swist.de\/wpjs\/wp-json\/wp\/v2\/types\/page"}],"author":[{"embeddable":true,"href":"http:\/\/www.johanna-swist.de\/wpjs\/wp-json\/wp\/v2\/users\/1"}],"replies":[{"embeddable":true,"href":"http:\/\/www.johanna-swist.de\/wpjs\/wp-json\/wp\/v2\/comments?post=226"}],"version-history":[{"count":83,"href":"http:\/\/www.johanna-swist.de\/wpjs\/wp-json\/wp\/v2\/pages\/226\/revisions"}],"predecessor-version":[{"id":8071,"href":"http:\/\/www.johanna-swist.de\/wpjs\/wp-json\/wp\/v2\/pages\/226\/revisions\/8071"}],"wp:featuredmedia":[{"embeddable":true,"href":"http:\/\/www.johanna-swist.de\/wpjs\/wp-json\/wp\/v2\/media\/7169"}],"wp:attachment":[{"href":"http:\/\/www.johanna-swist.de\/wpjs\/wp-json\/wp\/v2\/media?parent=226"}],"curies":[{"name":"wp","href":"https:\/\/api.w.org\/{rel}","templated":true}]}}