{"id":16,"date":"2020-06-03T20:43:25","date_gmt":"2020-06-03T20:43:25","guid":{"rendered":"http:\/\/johanna-swist.de\/wpjs\/?page_id=16"},"modified":"2022-06-05T12:17:01","modified_gmt":"2022-06-05T12:17:01","slug":"werkvertragsrecht","status":"publish","type":"page","link":"http:\/\/www.johanna-swist.de\/wpjs\/de\/werkvertragsrecht\/","title":{"rendered":"Forderungseinzug: Werkvertragsrecht &#8211; Werklohn, Werkerstellung, Werkmangel&#8230;"},"content":{"rendered":"<p>&nbsp;<\/p>\n<p>&nbsp;<\/p>\n<h1 style=\"text-align: center;\"><span style=\"color: #000000;\">Bedeutung des Werkvertragsrechts<\/span><\/h1>\n<p>&nbsp;<\/p>\n<p style=\"text-align: right;\"><button id=\"bb1\" type=\"button\" value=\"Play\" class=\"responsivevoice-button\" title=\"ResponsiveVoice Tap to Start\/Stop Speech\"><span>&#128266; Text anh\u00f6ren<\/span><\/button>\n        <script>\n            bb1.onclick = function(){\n                if(responsiveVoice.isPlaying()){\n                    responsiveVoice.cancel();\n                }else{\n                    responsiveVoice.speak(\"Auch das Werkvertragsrecht ist f\u00fcr unsere Mandanten von grundlegender Bedeutung. Werkvertragsrechtliche Vorschriften werden h\u00e4ufiger angewandt, als es den Betroffenen gegenw\u00e4rtig ist. Eine Vielzahl von Vertr\u00e4gen stellt Werkvertr\u00e4ge im juristischen Sinne dar. Ein Werkvertrag liegt immer dann vor, wenn sich ein Unternehmer zur Herstellung eines Werkes verpflichtet. Das Anstreichen der Wohnung, die Verlegung von Kacheln, die Herstellung eines Musikvideos und die Herstellung eines PC-Programms sind Beispiele f\u00fcr m\u00f6gliche Werke. Auch das Ausbessern oder K\u00fcrzen einer Hose ist ein Werk in diesem Sinne. Der wohl wichtigste Werkvertrag ist der Bauvertrag. Mit einem solchen verpflichtet sich ein Unternehmer zur Herstellung von baulichen Gewerken. Unabh\u00e4ngig davon stellen sich uns sehr h\u00e4ufig die gleichen Kernfragen. Das sind: Besteht ein Anspruch auf die Erstellung eines Werkes? Besteht ein Anspruch auf die Zahlung einer Verg\u00fctung? Bestehen Gew\u00e4hrleistungsrechte oder Schadensersatzanspr\u00fcche? Hat eine der Vertragsparteien Nebenpflichten verletzt? Eine weitere wichtige Frage stellt sich immer wieder Mandanten, die als Subunternehmer ohne eigene Arbeitnehmer f\u00fcr einen und zwar immer wieder denselben Auftraggeber t\u00e4tig werden. Handelt es sich bei dem Betroffenen um einen Werkunternehmer oder um einen Arbeitnehmer? Im letzteren Fall steht der Vorwurf der Schwarzarbeit im Raum. Sie sollten diese Frage unbedingt kl\u00e4ren, wenn Sie Leistungen erbringen, die ebenso als Arbeitsleistung erbracht werden k\u00f6nnten. Auch die Arbeitnehmer\u00fcberlassung ist von dem Werkvertrag abzugrenzen. Es sind beispielsweise Silos mit den Arbeitnehmern unseres Mandanten zu errichten. Es ist daher zu kl\u00e4ren, ob unser Mandant Arbeitnehmer \u00fcberl\u00e4sst oder sich werkvertraglich verpflichtet hat, Silos zu errichten. F\u00fcr die richtige sozialrechtliche und steuerrechtliche Behandlung ist Klarheit erforderlich, ob ein Werkvertrag vorliegt, oder eine andere Vertragsform einschl\u00e4gig ist. Das Risiko von Nachzahlungen ist bei Schwarzarbeit erheblich. Auch d\u00fcrfen die strafrechtlichen Folgen nicht au\u00dfer Acht gelassen werden.\", \"Deutsch Female\");\n                }\n            };\n        <\/script>\n    <\/p>\n<p style=\"text-align: justify;\"><span style=\"color: #000000;\">Auch das Werkvertragsrecht ist f\u00fcr unsere Mandanten von grundlegender Bedeutung. Werkvertragsrechtliche Vorschriften werden h\u00e4ufiger angewandt, als es den Betroffenen gegenw\u00e4rtig ist.<\/span><\/p>\n<p style=\"text-align: justify;\"><span style=\"color: #000000;\">Eine Vielzahl von Vertr\u00e4gen stellt Werkvertr\u00e4ge im juristischen Sinne dar. Ein Werkvertrag liegt immer dann vor, wenn sich ein Unternehmer zur Herstellung eines Werkes verpflichtet. Das Anstreichen der Wohnung, die Verlegung von Kacheln, die Herstellung eines Musikvideos und die Herstellung eines PC-Programms sind Beispiele f\u00fcr m\u00f6gliche Werke. Auch das Ausbessern oder K\u00fcrzen einer Hose ist ein Werk in diesem Sinne.<\/span><\/p>\n<p style=\"text-align: justify;\"><span style=\"color: #000000;\">Der wohl wichtigste Werkvertrag ist der Bauvertrag. Mit einem solchen verpflichtet sich ein Unternehmer zur Herstellung von baulichen Gewerken.<\/span><\/p>\n<p style=\"text-align: justify;\"><span style=\"color: #000000;\">Unabh\u00e4ngig davon stellen sich uns sehr h\u00e4ufig die gleichen Kernfragen. Das sind:<\/span><\/p>\n<ul style=\"text-align: justify;\">\n<li><span style=\"color: #1414ff;\"><strong>Besteht ein Anspruch auf die Erstellung eines Werkes?<\/strong><\/span><\/li>\n<li><span style=\"color: #1414ff;\"><strong>Besteht ein Anspruch auf die Zahlung einer Verg\u00fctung?<\/strong><\/span><\/li>\n<li><span style=\"color: #1414ff;\"><strong>Bestehen Gew\u00e4hrleistungsrechte oder Schadensersatzanspr\u00fcche?<\/strong><\/span><\/li>\n<li><span style=\"color: #1414ff;\"><strong>Hat eine der Vertragsparteien Nebenpflichten verletzt?<\/strong><\/span><\/li>\n<\/ul>\n<p style=\"text-align: justify;\"><span style=\"color: #000000;\">Eine weitere wichtige Frage stellt sich immer wieder Mandanten, die als Subunternehmer ohne eigene Arbeitnehmer f\u00fcr einen und zwar immer wieder denselben Auftraggeber t\u00e4tig werden. Handelt es sich bei dem Betroffenen um einen <strong><span style=\"color: #1414ff;\">Werkunternehmer oder um einen Arbeitnehmer<\/span><\/strong>? Im letzteren Fall steht der Vorwurf der <span style=\"color: #1414ff;\"><strong>Schwarzarbeit<\/strong><\/span> im Raum. Sie sollten diese Frage unbedingt kl\u00e4ren, wenn Sie Leistungen erbringen, die ebenso als Arbeitsleistung erbracht werden k\u00f6nnten.<\/span><\/p>\n<p style=\"text-align: justify;\"><span style=\"color: #000000;\">Auch die <strong><span style=\"color: #1414ff;\">Arbeitnehmer\u00fcberlassung<\/span><\/strong> ist von dem Werkvertrag abzugrenzen. Es sind beispielsweise Silos mit den Arbeitnehmern unseres Mandanten zu errichten. Es ist daher zu kl\u00e4ren, ob unser Mandant Arbeitnehmer \u00fcberl\u00e4sst oder sich werkvertraglich verpflichtet hat, Silos zu errichten.<\/span><\/p>\n<p style=\"text-align: justify;\"><span style=\"color: #000000;\">F\u00fcr die richtige sozialrechtliche und steuerrechtliche Behandlung ist Klarheit erforderlich, ob ein Werkvertrag vorliegt, oder eine andere Vertragsform einschl\u00e4gig ist. Das Risiko von Nachzahlungen ist bei Schwarzarbeit erheblich. Auch d\u00fcrfen die strafrechtlichen Folgen nicht au\u00dfer Acht gelassen werden.<\/span><\/p>\n<p><\/p>\n<p>&nbsp;<\/p>\n<p style=\"text-align: center;\"><span style=\"color: #999999;\">____________________________________________<\/span><\/p>\n<p>&nbsp;<\/p>\n<p>&nbsp;<\/p>\n<h2 style=\"text-align: center;\"><span style=\"color: #000000;\">Werkvertragsrecht &#8211; unsere Philosophie<\/span><\/h2>\n<p>&nbsp;<\/p>\n<p style=\"text-align: justify;\"><span style=\"color: #000000;\">Wir wollen unseren Mandanten zur Seite stehen, sie bei ihren Unternehmungen begleiten sowie bei ihren wirtschaftlichen und unternehmerischen Zielen unterst\u00fctzen. Wir wollen, dass sie zufrieden sind.<\/span><\/p>\n<p>&nbsp;<\/p>\n<p style=\"text-align: center;\"><span style=\"color: #999999;\">____________________________________________<\/span><\/p>\n<p>&nbsp;<\/p>\n<p>&nbsp;<\/p>\n<h2 style=\"text-align: center;\"><span style=\"color: #000000;\">Ihr Ansprechpartner im Werkvertragsrecht<\/span><\/h2>\n<p>&nbsp;<\/p>\n<p style=\"text-align: justify;\"><span style=\"color: #000000;\">Frau Rechtsanw\u00e4ltin Johanna Swist ist Ihr Ansprechpartnerin. Sie steht Ihnen gerne zur Seite und ber\u00e4t Sie im Bereich aller m\u00f6glichen Werkvertr\u00e4ge.<\/span><\/p>\n<p>&nbsp;<\/p>\n<style>.eic-frame-2387 { width: 597px; height:306px; background-color: #ffffff; border: 0px solid #ffffff; }.eic-frame-2387 .eic-image { border: 0px solid #ffffff; }<\/style><div class=\"eic-container\"><div class=\"eic-frame eic-frame-2387 eic-frame-3-col\" data-layout-name=\"3-col\" data-orig-width=\"597\" data-orig-border=\"0\" data-ratio=\"1.95\"><div class=\"eic-cols\"><div class=\"eic-col eic-child-1\" style=\"top: 0; bottom: 0; left: 0; right: 33.333%; width: 33.333%;\"><div class=\"eic-image eic-image-0\" data-size-x=\"230\" data-size-y=\"306\" data-pos-x=\"0\" data-pos-y=\"0\"><img decoding=\"async\" src=\"http:\/\/www.johanna-swist.de\/wpjs\/wp-content\/uploads\/2017\/11\/20151016_121830-2-768x1024.jpg\" style=\"width: 230px !important;height: 306px !important;max-width: none !important;max-height: none !important;position: absolute !important;left: 0px !important;top: 0px !important;padding: 0 !important;margin: 0 !important;border: none !important;\" title=\"Polskoj\u0119zyczny adwokat w Niemczech\" alt=\"Polskoj\u0119zyczny adwokat w Niemczech\" \/><\/div><\/div><div class=\"eic-col eic-child-2\" style=\"top: 0; bottom: 0; right: 0; left: 33.333%; width: 66.667%;\"><div class=\"eic-cols\"><div class=\"eic-col eic-child-1\" style=\"top: 0; bottom: 0; left: 0; right: 50%; width: 50%;\"><div class=\"eic-image eic-image-1\" data-size-x=\"207\" data-size-y=\"306\" data-pos-x=\"-1\" data-pos-y=\"0\"><img decoding=\"async\" src=\"http:\/\/www.johanna-swist.de\/wpjs\/wp-content\/uploads\/2017\/10\/Johanna-xy.jpg\" style=\"width: 207px !important;height: 306px !important;max-width: none !important;max-height: none !important;position: absolute !important;left: -1px !important;top: 0px !important;padding: 0 !important;margin: 0 !important;border: none !important;\" title=\"Polskoj\u0119zyczny adwokat w Niemczech\" alt=\"adwokat w Niemczech\" \/><\/div><\/div><div class=\"eic-col eic-child-2\" style=\"top: 0; bottom: 0; right: 0; left: 50%; width: 50%;\"><div class=\"eic-image eic-image-2\" data-size-x=\"583\" data-size-y=\"306\" data-pos-x=\"-267\" data-pos-y=\"0\"><img decoding=\"async\" src=\"http:\/\/www.johanna-swist.de\/wpjs\/wp-content\/uploads\/2017\/11\/20151018_125422-2-768x404.jpg\" style=\"width: 583px !important;height: 306px !important;max-width: none !important;max-height: none !important;position: absolute !important;left: -267px !important;top: 0px !important;padding: 0 !important;margin: 0 !important;border: none !important;\" title=\"Polskoj\u0119zyczny adwokat w Niemczech\" alt=\"Polskoj\u0119zyczny adwokat w Niemczech\" \/><\/div><\/div><\/div><\/div><\/div><\/div><\/div>\n<p>&nbsp;<\/p>\n<p style=\"text-align: center;\"><span style=\"color: #999999;\">____________________________________________<\/span><\/p>\n<p>&nbsp;<\/p>\n<p>&nbsp;<\/p>\n<h1 style=\"text-align: center;\"><span style=\"color: #000000;\">Unser Leistungsspektrum<\/span><\/h1>\n<p style=\"text-align: right;\"><button id=\"bb2\" type=\"button\" value=\"Play\" class=\"responsivevoice-button\" title=\"ResponsiveVoice Tap to Start\/Stop Speech\"><span>&#128266; Text anh\u00f6ren<\/span><\/button>\n        <script>\n            bb2.onclick = function(){\n                if(responsiveVoice.isPlaying()){\n                    responsiveVoice.cancel();\n                }else{\n                    responsiveVoice.speak(\"Wir befassen uns mit unseren Mandanten mit der Kl\u00e4rung des Rechtsverh\u00e4ltnisses (Abgrenzung zu anderen Vertragsarten wie Dienstvertrag, Kaufvertrag, Arbeitsvertrag) und die sich daraus ergebenden Rechte und Pflichten. Wir kl\u00e4ren, ob eine Abnahme des Werkes und der Anspruch auf Verg\u00fctung vorliegen. Wir analysieren anhand der uns vorliegenden Tatsachen, ob das Werk fehlerhaft ausgef\u00fchrt worden ist und ob daraus etwaige Anspr\u00fcche resultieren. Wir \u00fcberpr\u00fcfen eine m\u00f6gliche Verj\u00e4hrung und die Erfolgsaussichten im gerichtlichen Verfahren. Wir vertreten unsere Mandanten in Werkvertragsstreitigkeiten au\u00dfergerichtlich und gerichtlich. Wir sind im gesamten Werkvertragsrecht und im Besonderen im Baurecht behilflich: Durchsetzung von vertraglichen Anspr\u00fcchen (Verg\u00fctung oder Werkleistung), Durchsetzung von Schadensersatz- und M\u00e4ngelbeseitigungsanspr\u00fcchen, Ausarbeitung und \u00dcberpr\u00fcfung von Vertragsentw\u00fcrfen, Beweissicherung bei M\u00e4ngeln. Wir befassen uns auch mit den besonderen Bedingungen f\u00fcr Bauvertr\u00e4ge VOB. Wir beraten Sie, inwieweit diese f\u00fcr Sie g\u00fcnstig sind und welche Rechtsfolgen daraus resultieren. \u00a0Kanzlei Swist \u2013 Rechtsanwaltskanzlei in D\u00fcsseldorf Ihr Recht in unseren treuen H\u00e4nden\", \"Deutsch Female\");\n                }\n            };\n        <\/script>\n    <\/p>\n<p style=\"text-align: justify;\"><span style=\"color: #000000;\">Wir befassen uns mit unseren Mandanten mit der Kl\u00e4rung des <strong><span style=\"color: #1414ff;\">Rechtsverh\u00e4ltnisses<\/span><\/strong> (Abgrenzung zu anderen Vertragsarten wie Dienstvertrag, Kaufvertrag, Arbeitsvertrag) und die sich daraus ergebenden Rechte und Pflichten. Wir kl\u00e4ren, ob eine <strong><span style=\"color: #1414ff;\">Abnahme des Werkes<\/span><\/strong> und der Anspruch auf <span style=\"color: #1414ff;\"><strong>Verg\u00fctung<\/strong><\/span> vorliegen. Wir analysieren anhand der uns vorliegenden Tatsachen, ob das Werk fehlerhaft ausgef\u00fchrt worden ist und ob daraus etwaige Anspr\u00fcche resultieren.<\/span><\/p>\n<p style=\"text-align: justify;\"><span style=\"color: #000000;\">Wir \u00fcberpr\u00fcfen eine m\u00f6gliche Verj\u00e4hrung und die Erfolgsaussichten im gerichtlichen Verfahren. Wir vertreten unsere Mandanten in <span style=\"color: #1414ff;\"><strong>Werkvertragsstreitigkeiten<\/strong><\/span> au\u00dfergerichtlich und gerichtlich.<\/span><\/p>\n<p style=\"text-align: justify;\"><span style=\"color: #000000;\">Wir sind im gesamten Werkvertragsrecht und im Besonderen im Baurecht behilflich:<\/span><\/p>\n<ul style=\"text-align: justify;\">\n<li><strong><span style=\"color: #1414ff;\">Durchsetzung von vertraglichen Anspr\u00fcchen (Verg\u00fctung oder Werkleistung),<\/span><\/strong><\/li>\n<li><strong><span style=\"color: #1414ff;\">Durchsetzung von Schadensersatz- und M\u00e4ngelbeseitigungsanspr\u00fcchen,<\/span><\/strong><\/li>\n<li><strong><span style=\"color: #1414ff;\">Ausarbeitung und \u00dcberpr\u00fcfung von Vertragsentw\u00fcrfen,<\/span><\/strong><\/li>\n<li><strong><span style=\"color: #1414ff;\">Beweissicherung bei M\u00e4ngeln.<\/span><\/strong><\/li>\n<\/ul>\n<p style=\"text-align: justify;\"><span style=\"color: #000000;\">Wir befassen uns auch mit den besonderen Bedingungen f\u00fcr Bauvertr\u00e4ge VOB. Wir beraten Sie, inwieweit diese f\u00fcr Sie g\u00fcnstig sind und welche Rechtsfolgen daraus resultieren.<\/span><\/p>\n<p>&nbsp;<\/p>\n<p style=\"text-align: right;\"><span style=\"color: #000000;\">\u00a0<em>Kanzlei Swist \u2013 Rechtsanwaltskanzlei in D\u00fcsseldorf<br \/>\nIhr Recht in unseren treuen H\u00e4nden<\/em><\/span><\/p>\n<p><\/p>\n<p style=\"text-align: center;\"><span style=\"color: #999999;\">____________________________________________<\/span><\/p>\n<p>&nbsp;<\/p>\n<p>&nbsp;<\/p>\n<p><a href=\"http:\/\/www.johanna-swist.de\/wpjs\/pl\/kancelaria-2\/\"><img loading=\"lazy\" decoding=\"async\" class=\"Werkvertragsrecht aligncenter wp-image-7490\" title=\"Werkvertragsrecht\" src=\"http:\/\/www.johanna-swist.de\/wpjs\/wp-content\/uploads\/2022\/04\/Logo-2-1-300x85.jpg\" alt=\"Werkvertragsrecht\" width=\"498\" height=\"141\" srcset=\"http:\/\/www.johanna-swist.de\/wpjs\/wp-content\/uploads\/2022\/04\/Logo-2-1-300x85.jpg 300w, http:\/\/www.johanna-swist.de\/wpjs\/wp-content\/uploads\/2022\/04\/Logo-2-1.jpg 337w\" sizes=\"auto, (max-width: 498px) 100vw, 498px\" \/><\/a><\/p>\n<p>&nbsp;<\/p>\n<p>&nbsp;<\/p>\n<p>&nbsp;<\/p>\n<p style=\"text-align: justify;\"><div class=\"specialtext-content-left effect\"><\/p>\n<h3 style=\"text-align: center;\">Rufen Sie uns an! Tel.: <span style=\"color: #1414ff;\">0211 &#8211; 8759\u00a0 8067<\/span><\/h3>\n<p><\/div><\/p>\n","protected":false},"excerpt":{"rendered":"<p>Die Dienstleistungen der Rechtsanwaltskanzlei Swist erstrecken sich auf das Werkvertragsrecht und das Baurecht. Es wird aufgezeigt, welche einzelnen Dienstleistungen dieses im Einzelnen beinhaltet, wie Werklohn, Werkmangel und Werkerf\u00fcllung. <\/p>\n","protected":false},"author":1,"featured_media":2318,"parent":0,"menu_order":0,"comment_status":"closed","ping_status":"closed","template":"","meta":{"om_disable_all_campaigns":false,"_monsterinsights_skip_tracking":false,"_monsterinsights_sitenote_active":false,"_monsterinsights_sitenote_note":"","_monsterinsights_sitenote_category":0,"_uf_show_specific_survey":0,"_uf_disable_surveys":false,"footnotes":""},"class_list":["post-16","page","type-page","status-publish","has-post-thumbnail","hentry"],"yoast_head":"<!-- This site is optimized with the Yoast SEO plugin v27.3 - https:\/\/yoast.com\/product\/yoast-seo-wordpress\/ -->\n<title>Rechtsanwaltskanzlei | Rechtanwalt Werkvertragsrecht D\u00fcsseldorf<\/title>\n<meta name=\"description\" content=\"Rechtsanwalt Werkvertragsrecht D\u00fcsseldorf - Kanzlei Swist in D\u00fcsseldorf - Kontakt: 0211-8759 8067 sekretariat@johanna-swist.de\" \/>\n<meta name=\"robots\" content=\"index, follow, max-snippet:-1, max-image-preview:large, max-video-preview:-1\" \/>\n<link rel=\"canonical\" href=\"http:\/\/www.johanna-swist.de\/wpjs\/de\/werkvertragsrecht\/\" \/>\n<meta property=\"og:locale\" content=\"de_DE\" \/>\n<meta property=\"og:type\" content=\"article\" \/>\n<meta property=\"og:title\" content=\"Rechtsanwaltskanzlei | Rechtanwalt Werkvertragsrecht D\u00fcsseldorf\" \/>\n<meta property=\"og:description\" content=\"Rechtsanwalt Werkvertragsrecht D\u00fcsseldorf - Kanzlei Swist in D\u00fcsseldorf - Kontakt: 0211-8759 8067 sekretariat@johanna-swist.de\" \/>\n<meta property=\"og:url\" content=\"http:\/\/www.johanna-swist.de\/wpjs\/de\/werkvertragsrecht\/\" \/>\n<meta property=\"og:site_name\" content=\"swist.legal\" \/>\n<meta property=\"article:modified_time\" content=\"2022-06-05T12:17:01+00:00\" \/>\n<meta property=\"og:image\" content=\"http:\/\/www.johanna-swist.de\/wpjs\/wp-content\/uploads\/2017\/10\/Johanna-xy.jpg\" \/>\n\t<meta property=\"og:image:width\" content=\"626\" \/>\n\t<meta property=\"og:image:height\" content=\"926\" \/>\n\t<meta property=\"og:image:type\" content=\"image\/jpeg\" \/>\n<meta name=\"twitter:card\" content=\"summary_large_image\" \/>\n<meta name=\"twitter:label1\" content=\"Gesch\u00e4tzte Lesezeit\" \/>\n\t<meta name=\"twitter:data1\" content=\"4\u00a0Minuten\" \/>\n<script type=\"application\/ld+json\" class=\"yoast-schema-graph\">{\"@context\":\"https:\\\/\\\/schema.org\",\"@graph\":[{\"@type\":\"WebPage\",\"@id\":\"http:\\\/\\\/www.johanna-swist.de\\\/wpjs\\\/de\\\/werkvertragsrecht\\\/\",\"url\":\"http:\\\/\\\/www.johanna-swist.de\\\/wpjs\\\/de\\\/werkvertragsrecht\\\/\",\"name\":\"Rechtsanwaltskanzlei | Rechtanwalt Werkvertragsrecht D\u00fcsseldorf\",\"isPartOf\":{\"@id\":\"http:\\\/\\\/www.johanna-swist.de\\\/wpjs\\\/#website\"},\"primaryImageOfPage\":{\"@id\":\"http:\\\/\\\/www.johanna-swist.de\\\/wpjs\\\/de\\\/werkvertragsrecht\\\/#primaryimage\"},\"image\":{\"@id\":\"http:\\\/\\\/www.johanna-swist.de\\\/wpjs\\\/de\\\/werkvertragsrecht\\\/#primaryimage\"},\"thumbnailUrl\":\"http:\\\/\\\/www.johanna-swist.de\\\/wpjs\\\/wp-content\\\/uploads\\\/2017\\\/10\\\/Johanna-xy.jpg\",\"datePublished\":\"2020-06-03T20:43:25+00:00\",\"dateModified\":\"2022-06-05T12:17:01+00:00\",\"description\":\"Rechtsanwalt Werkvertragsrecht D\u00fcsseldorf - Kanzlei Swist in D\u00fcsseldorf - Kontakt: 0211-8759 8067 sekretariat@johanna-swist.de\",\"breadcrumb\":{\"@id\":\"http:\\\/\\\/www.johanna-swist.de\\\/wpjs\\\/de\\\/werkvertragsrecht\\\/#breadcrumb\"},\"inLanguage\":\"de\",\"potentialAction\":[{\"@type\":\"ReadAction\",\"target\":[\"http:\\\/\\\/www.johanna-swist.de\\\/wpjs\\\/de\\\/werkvertragsrecht\\\/\"]}]},{\"@type\":\"ImageObject\",\"inLanguage\":\"de\",\"@id\":\"http:\\\/\\\/www.johanna-swist.de\\\/wpjs\\\/de\\\/werkvertragsrecht\\\/#primaryimage\",\"url\":\"http:\\\/\\\/www.johanna-swist.de\\\/wpjs\\\/wp-content\\\/uploads\\\/2017\\\/10\\\/Johanna-xy.jpg\",\"contentUrl\":\"http:\\\/\\\/www.johanna-swist.de\\\/wpjs\\\/wp-content\\\/uploads\\\/2017\\\/10\\\/Johanna-xy.jpg\",\"width\":626,\"height\":926,\"caption\":\"Polskoj\u0119zyczny adwokat w Niemczech\"},{\"@type\":\"BreadcrumbList\",\"@id\":\"http:\\\/\\\/www.johanna-swist.de\\\/wpjs\\\/de\\\/werkvertragsrecht\\\/#breadcrumb\",\"itemListElement\":[{\"@type\":\"ListItem\",\"position\":1,\"name\":\"Startseite\",\"item\":\"https:\\\/\\\/www.johanna-swist.de\\\/wpjs\\\/pl\\\/kancelaria-2\\\/\"},{\"@type\":\"ListItem\",\"position\":2,\"name\":\"Forderungseinzug: Werkvertragsrecht &#8211; Werklohn, Werkerstellung, Werkmangel&#8230;\"}]},{\"@type\":\"WebSite\",\"@id\":\"http:\\\/\\\/www.johanna-swist.de\\\/wpjs\\\/#website\",\"url\":\"http:\\\/\\\/www.johanna-swist.de\\\/wpjs\\\/\",\"name\":\"swist.legal\",\"description\":\"\",\"publisher\":{\"@id\":\"http:\\\/\\\/www.johanna-swist.de\\\/wpjs\\\/#organization\"},\"potentialAction\":[{\"@type\":\"SearchAction\",\"target\":{\"@type\":\"EntryPoint\",\"urlTemplate\":\"http:\\\/\\\/www.johanna-swist.de\\\/wpjs\\\/?s={search_term_string}\"},\"query-input\":{\"@type\":\"PropertyValueSpecification\",\"valueRequired\":true,\"valueName\":\"search_term_string\"}}],\"inLanguage\":\"de\"},{\"@type\":\"Organization\",\"@id\":\"http:\\\/\\\/www.johanna-swist.de\\\/wpjs\\\/#organization\",\"name\":\"swist.legal\",\"url\":\"http:\\\/\\\/www.johanna-swist.de\\\/wpjs\\\/\",\"logo\":{\"@type\":\"ImageObject\",\"inLanguage\":\"de\",\"@id\":\"http:\\\/\\\/www.johanna-swist.de\\\/wpjs\\\/#\\\/schema\\\/logo\\\/image\\\/\",\"url\":\"http:\\\/\\\/www.johanna-swist.de\\\/wpjs\\\/wp-content\\\/uploads\\\/2022\\\/04\\\/cropped-cropped-Logo-1-1.jpg\",\"contentUrl\":\"http:\\\/\\\/www.johanna-swist.de\\\/wpjs\\\/wp-content\\\/uploads\\\/2022\\\/04\\\/cropped-cropped-Logo-1-1.jpg\",\"width\":512,\"height\":512,\"caption\":\"swist.legal\"},\"image\":{\"@id\":\"http:\\\/\\\/www.johanna-swist.de\\\/wpjs\\\/#\\\/schema\\\/logo\\\/image\\\/\"}}]}<\/script>\n<!-- \/ Yoast SEO plugin. -->","yoast_head_json":{"title":"Rechtsanwaltskanzlei | Rechtanwalt Werkvertragsrecht D\u00fcsseldorf","description":"Rechtsanwalt Werkvertragsrecht D\u00fcsseldorf - Kanzlei Swist in D\u00fcsseldorf - Kontakt: 0211-8759 8067 sekretariat@johanna-swist.de","robots":{"index":"index","follow":"follow","max-snippet":"max-snippet:-1","max-image-preview":"max-image-preview:large","max-video-preview":"max-video-preview:-1"},"canonical":"http:\/\/www.johanna-swist.de\/wpjs\/de\/werkvertragsrecht\/","og_locale":"de_DE","og_type":"article","og_title":"Rechtsanwaltskanzlei | Rechtanwalt Werkvertragsrecht D\u00fcsseldorf","og_description":"Rechtsanwalt Werkvertragsrecht D\u00fcsseldorf - Kanzlei Swist in D\u00fcsseldorf - Kontakt: 0211-8759 8067 sekretariat@johanna-swist.de","og_url":"http:\/\/www.johanna-swist.de\/wpjs\/de\/werkvertragsrecht\/","og_site_name":"swist.legal","article_modified_time":"2022-06-05T12:17:01+00:00","og_image":[{"width":626,"height":926,"url":"http:\/\/www.johanna-swist.de\/wpjs\/wp-content\/uploads\/2017\/10\/Johanna-xy.jpg","type":"image\/jpeg"}],"twitter_card":"summary_large_image","twitter_misc":{"Gesch\u00e4tzte Lesezeit":"4\u00a0Minuten"},"schema":{"@context":"https:\/\/schema.org","@graph":[{"@type":"WebPage","@id":"http:\/\/www.johanna-swist.de\/wpjs\/de\/werkvertragsrecht\/","url":"http:\/\/www.johanna-swist.de\/wpjs\/de\/werkvertragsrecht\/","name":"Rechtsanwaltskanzlei | Rechtanwalt Werkvertragsrecht D\u00fcsseldorf","isPartOf":{"@id":"http:\/\/www.johanna-swist.de\/wpjs\/#website"},"primaryImageOfPage":{"@id":"http:\/\/www.johanna-swist.de\/wpjs\/de\/werkvertragsrecht\/#primaryimage"},"image":{"@id":"http:\/\/www.johanna-swist.de\/wpjs\/de\/werkvertragsrecht\/#primaryimage"},"thumbnailUrl":"http:\/\/www.johanna-swist.de\/wpjs\/wp-content\/uploads\/2017\/10\/Johanna-xy.jpg","datePublished":"2020-06-03T20:43:25+00:00","dateModified":"2022-06-05T12:17:01+00:00","description":"Rechtsanwalt Werkvertragsrecht D\u00fcsseldorf - Kanzlei Swist in D\u00fcsseldorf - Kontakt: 0211-8759 8067 sekretariat@johanna-swist.de","breadcrumb":{"@id":"http:\/\/www.johanna-swist.de\/wpjs\/de\/werkvertragsrecht\/#breadcrumb"},"inLanguage":"de","potentialAction":[{"@type":"ReadAction","target":["http:\/\/www.johanna-swist.de\/wpjs\/de\/werkvertragsrecht\/"]}]},{"@type":"ImageObject","inLanguage":"de","@id":"http:\/\/www.johanna-swist.de\/wpjs\/de\/werkvertragsrecht\/#primaryimage","url":"http:\/\/www.johanna-swist.de\/wpjs\/wp-content\/uploads\/2017\/10\/Johanna-xy.jpg","contentUrl":"http:\/\/www.johanna-swist.de\/wpjs\/wp-content\/uploads\/2017\/10\/Johanna-xy.jpg","width":626,"height":926,"caption":"Polskoj\u0119zyczny adwokat w Niemczech"},{"@type":"BreadcrumbList","@id":"http:\/\/www.johanna-swist.de\/wpjs\/de\/werkvertragsrecht\/#breadcrumb","itemListElement":[{"@type":"ListItem","position":1,"name":"Startseite","item":"https:\/\/www.johanna-swist.de\/wpjs\/pl\/kancelaria-2\/"},{"@type":"ListItem","position":2,"name":"Forderungseinzug: Werkvertragsrecht &#8211; Werklohn, Werkerstellung, Werkmangel&#8230;"}]},{"@type":"WebSite","@id":"http:\/\/www.johanna-swist.de\/wpjs\/#website","url":"http:\/\/www.johanna-swist.de\/wpjs\/","name":"swist.legal","description":"","publisher":{"@id":"http:\/\/www.johanna-swist.de\/wpjs\/#organization"},"potentialAction":[{"@type":"SearchAction","target":{"@type":"EntryPoint","urlTemplate":"http:\/\/www.johanna-swist.de\/wpjs\/?s={search_term_string}"},"query-input":{"@type":"PropertyValueSpecification","valueRequired":true,"valueName":"search_term_string"}}],"inLanguage":"de"},{"@type":"Organization","@id":"http:\/\/www.johanna-swist.de\/wpjs\/#organization","name":"swist.legal","url":"http:\/\/www.johanna-swist.de\/wpjs\/","logo":{"@type":"ImageObject","inLanguage":"de","@id":"http:\/\/www.johanna-swist.de\/wpjs\/#\/schema\/logo\/image\/","url":"http:\/\/www.johanna-swist.de\/wpjs\/wp-content\/uploads\/2022\/04\/cropped-cropped-Logo-1-1.jpg","contentUrl":"http:\/\/www.johanna-swist.de\/wpjs\/wp-content\/uploads\/2022\/04\/cropped-cropped-Logo-1-1.jpg","width":512,"height":512,"caption":"swist.legal"},"image":{"@id":"http:\/\/www.johanna-swist.de\/wpjs\/#\/schema\/logo\/image\/"}}]}},"_links":{"self":[{"href":"http:\/\/www.johanna-swist.de\/wpjs\/wp-json\/wp\/v2\/pages\/16","targetHints":{"allow":["GET"]}}],"collection":[{"href":"http:\/\/www.johanna-swist.de\/wpjs\/wp-json\/wp\/v2\/pages"}],"about":[{"href":"http:\/\/www.johanna-swist.de\/wpjs\/wp-json\/wp\/v2\/types\/page"}],"author":[{"embeddable":true,"href":"http:\/\/www.johanna-swist.de\/wpjs\/wp-json\/wp\/v2\/users\/1"}],"replies":[{"embeddable":true,"href":"http:\/\/www.johanna-swist.de\/wpjs\/wp-json\/wp\/v2\/comments?post=16"}],"version-history":[{"count":56,"href":"http:\/\/www.johanna-swist.de\/wpjs\/wp-json\/wp\/v2\/pages\/16\/revisions"}],"predecessor-version":[{"id":7564,"href":"http:\/\/www.johanna-swist.de\/wpjs\/wp-json\/wp\/v2\/pages\/16\/revisions\/7564"}],"wp:featuredmedia":[{"embeddable":true,"href":"http:\/\/www.johanna-swist.de\/wpjs\/wp-json\/wp\/v2\/media\/2318"}],"wp:attachment":[{"href":"http:\/\/www.johanna-swist.de\/wpjs\/wp-json\/wp\/v2\/media?parent=16"}],"curies":[{"name":"wp","href":"https:\/\/api.w.org\/{rel}","templated":true}]}}